{"id":8982,"date":"2019-02-03T18:18:06","date_gmt":"2019-02-03T15:18:06","guid":{"rendered":"https:\/\/yourciv.com\/bir-oyunu-indirme\/"},"modified":"2024-01-14T21:28:01","modified_gmt":"2024-01-14T18:28:01","slug":"download","status":"publish","type":"page","link":"https:\/\/yourciv.com\/tr\/download\/","title":{"rendered":"Bir oyunu indirme"},"content":{"rendered":"\r\n<figure class=\"wp-block-image\"><img loading=\"lazy\" decoding=\"async\" width=\"836\" height=\"176\" class=\"wp-image-8638\" src=\"https:\/\/yourciv.com\/wp-content\/uploads\/2019\/02\/logo.jpg\" alt=\"\" srcset=\"https:\/\/yourciv.com\/wp-content\/uploads\/2019\/02\/logo.jpg 836w, https:\/\/yourciv.com\/wp-content\/uploads\/2019\/02\/logo-300x63.jpg 300w, https:\/\/yourciv.com\/wp-content\/uploads\/2019\/02\/logo-768x162.jpg 768w\" sizes=\"(max-width: 836px) 100vw, 836px\" \/><\/figure>\r\n\r\n\r\n\r\n<div class=\"wp-block-spacer\" style=\"height: 40px;\" aria-hidden=\"true\">\u00a0<\/div>\r\n\r\n\r\n\r\n<h4 class=\"wp-block-heading\" id=\"\u043a\u043b\u0438\u0435\u043d\u0442-\u0434\u043b\u044f-windows-\u0440\u0435\u043a\u043e\u043c\u0435\u043d\u0434\u0443\u0435\u0442\u0441\u044f\"><strong>Windows istemcisi (\u00f6nerilir)<\/strong><\/h4>\r\n\r\n\r\n\r\n<p>&nbsp;<\/p>\r\n\r\n\r\n\r\n<div class=\"wp-block-image\">\r\n<figure class=\"aligncenter size-full is-resized\">\r\n<a id=\"downloadButtond\">\r\n<img loading=\"lazy\" decoding=\"async\" class=\"aligncenter wp-image-4973\" src=\"https:\/\/yourciv.com\/wp-content\/uploads\/2020\/11\/Download2-e1605111893692.png\" alt=\"\" width=\"450\" height=\"81\" \/><\/a>\r\n<\/figure>\r\n<\/div>\r\n\r\n\r\n\r\n<p>Dosyan\u0131n indirilmesi 5-10 saniye i\u00e7inde ba\u015flayacakt\u0131r. Taray\u0131c\u0131n\u0131z\u0131n sa\u011f \u00fcst k\u00f6\u015fesinde (veya alt k\u0131sm\u0131nda) YourCivSetup.exe dosyas\u0131n\u0131 aray\u0131n.<\/p>\r\n\r\n\r\n\r\n<div class=\"wp-block-spacer\" style=\"height: 40px;\" aria-hidden=\"true\">\u00a0<\/div>\r\n\r\n\r\n\r\n<h4 class=\"wp-block-heading\" id=\"\u0432\u0430\u0436\u043d\u043e\"><strong>\u00d6nemli!<\/strong><\/h4>\r\n\r\n\r\n\r\n<ul>\r\n<li>\u00d6nerilen \u00e7\u00f6z\u00fcn\u00fcrl\u00fckler 1366&#215;768 ve 1920&#215;1080&#8217;dir. Di\u011fer \u00e7\u00f6z\u00fcn\u00fcrl\u00fcklerin do\u011fru g\u00f6r\u00fcnt\u00fclenmesi garanti edilmez.<\/li>\r\n<li>Windows XP desteklenmiyor<\/li>\r\n<\/ul>\r\n\r\n\r\n\r\n<p>&nbsp;<\/p>\r\n\r\n\r\n\r\n<h4 class=\"wp-block-heading\" id=\"\u043a\u043b\u0438\u0435\u043d\u0442-\u0434\u043b\u044f-android\"><strong>Android i\u00e7in \u0130stemci<\/strong><\/h4>\r\n\r\n\r\n\r\n<div class=\"wp-block-image\">\r\n<figure class=\"aligncenter size-large\"><a href=\"https:\/\/play.google.com\/store\/apps\/details?id=com.YourCiv.YourCiv\" target=\"_blank\" rel=\"noopener noreferrer\"><img loading=\"lazy\" decoding=\"async\" class=\"aligncenter wp-image-8868\" src=\"https:\/\/yourciv.com\/wp-content\/uploads\/2020\/03\/google-play-badge.png\" alt=\"\" width=\"450\" height=\"174\" srcset=\"https:\/\/yourciv.com\/wp-content\/uploads\/2020\/03\/google-play-badge.png 646w, https:\/\/yourciv.com\/wp-content\/uploads\/2020\/03\/google-play-badge-300x116.png 300w\" sizes=\"(max-width: 450px) 100vw, 450px\" \/><\/a><\/figure>\r\n<\/div>\r\n\r\n\r\n\r\n<p>Oyunu Google play&#8217;den indirin. Android 6.0 veya \u00fcst\u00fcn\u00fc \u00e7al\u0131\u015ft\u0131ran bir cihaz gerektirir.<\/p>\r\n\r\n\r\n\r\n<div class=\"wp-block-spacer\" style=\"height: 40px;\" aria-hidden=\"true\">\u00a0<\/div>\r\n\r\n\r\n\r\n<figure class=\"wp-block-image\"><img loading=\"lazy\" decoding=\"async\" width=\"1024\" height=\"482\" class=\"wp-image-8503 aligncenter\" src=\"https:\/\/yourciv.com\/wp-content\/uploads\/2018\/09\/2018_banner_Grass-1024x482.jpg\" alt=\"\" srcset=\"https:\/\/yourciv.com\/wp-content\/uploads\/2018\/09\/2018_banner_Grass-1024x482.jpg 1024w, https:\/\/yourciv.com\/wp-content\/uploads\/2018\/09\/2018_banner_Grass-600x282.jpg 600w, https:\/\/yourciv.com\/wp-content\/uploads\/2018\/09\/2018_banner_Grass-300x141.jpg 300w, https:\/\/yourciv.com\/wp-content\/uploads\/2018\/09\/2018_banner_Grass-768x361.jpg 768w, https:\/\/yourciv.com\/wp-content\/uploads\/2018\/09\/2018_banner_Grass.jpg 1288w\" sizes=\"(max-width: 1024px) 100vw, 1024px\" \/><\/figure>\r\n","protected":false},"excerpt":{"rendered":"<p>\u00a0 Windows istemcisi (\u00f6nerilir) &nbsp; Dosyan\u0131n indirilmesi 5-10 saniye i\u00e7inde ba\u015flayacakt\u0131r. Taray\u0131c\u0131n\u0131z\u0131n sa\u011f \u00fcst k\u00f6\u015fesinde (veya alt k\u0131sm\u0131nda) YourCivSetup.exe dosyas\u0131n\u0131 aray\u0131n. \u00a0 \u00d6nemli! \u00d6nerilen \u00e7\u00f6z\u00fcn\u00fcrl\u00fckler 1366&#215;768 ve 1920&#215;1080&#8217;dir. Di\u011fer \u00e7\u00f6z\u00fcn\u00fcrl\u00fcklerin do\u011fru g\u00f6r\u00fcnt\u00fclenmesi garanti edilmez. Windows XP desteklenmiyor &nbsp; Android i\u00e7in&hellip; <\/p>\n","protected":false},"author":3,"featured_media":8876,"parent":0,"menu_order":0,"comment_status":"closed","ping_status":"closed","template":"","meta":{"footnotes":""},"_links":{"self":[{"href":"https:\/\/yourciv.com\/tr\/wp-json\/wp\/v2\/pages\/8982"}],"collection":[{"href":"https:\/\/yourciv.com\/tr\/wp-json\/wp\/v2\/pages"}],"about":[{"href":"https:\/\/yourciv.com\/tr\/wp-json\/wp\/v2\/types\/page"}],"author":[{"embeddable":true,"href":"https:\/\/yourciv.com\/tr\/wp-json\/wp\/v2\/users\/3"}],"replies":[{"embeddable":true,"href":"https:\/\/yourciv.com\/tr\/wp-json\/wp\/v2\/comments?post=8982"}],"version-history":[{"count":0,"href":"https:\/\/yourciv.com\/tr\/wp-json\/wp\/v2\/pages\/8982\/revisions"}],"wp:featuredmedia":[{"embeddable":true,"href":"https:\/\/yourciv.com\/tr\/wp-json\/wp\/v2\/media\/8876"}],"wp:attachment":[{"href":"https:\/\/yourciv.com\/tr\/wp-json\/wp\/v2\/media?parent=8982"}],"curies":[{"name":"wp","href":"https:\/\/api.w.org\/{rel}","templated":true}]}}