{"id":8959,"date":"2019-02-03T21:32:17","date_gmt":"2019-02-03T18:32:17","guid":{"rendered":"https:\/\/yourciv.com\/senin-medeniyetin-takim-stratejisi\/"},"modified":"2022-01-15T19:52:24","modified_gmt":"2022-01-15T16:52:24","slug":"senin-medeniyetin-takim-stratejisi","status":"publish","type":"page","link":"https:\/\/yourciv.com\/tr\/","title":{"rendered":"Senin medeniyetin tak\u0131m stratejisi"},"content":{"rendered":"\r\n<div class=\"alignnormal\"><div id=\"metaslider-id-1648\" style=\"max-width: 700px; margin: 0 auto;\" class=\"ml-slider-3-62-0 metaslider metaslider-nivo metaslider-1648 ml-slider ms-theme-default\" role=\"region\" aria-roledescription=\"Slideshow\" aria-label=\"Main Slideshow\">\n    <div id=\"metaslider_container_1648\">\n        <div class='slider-wrapper theme-default'><div class='ribbon'><\/div><div id='metaslider_1648' class='nivoSlider'><img loading=\"lazy\" decoding=\"async\" src=\"https:\/\/yourciv.com\/wp-content\/uploads\/2019\/02\/banner_960_640_en_2-700x400.webp\" height=\"400\" width=\"700\" title=\"banner_960_640_en_2\" alt=\"\" class=\"slider-1648 slide-1649\" \/><img loading=\"lazy\" decoding=\"async\" src=\"https:\/\/yourciv.com\/wp-content\/uploads\/2017\/12\/2017-12-26_21-27-49-700x400.webp\" height=\"400\" width=\"700\" title=\"2017-12-26_21-27-49\" alt=\"\" class=\"slider-1648 slide-1650\" \/><img loading=\"lazy\" decoding=\"async\" src=\"https:\/\/yourciv.com\/wp-content\/uploads\/2017\/07\/sity-700x400.jpg\" height=\"400\" width=\"700\" title=\"\u041e\u0431\u0437\u043e\u0440 \u0433\u043e\u0440\u043e\u0434\u0430\" alt=\"\" class=\"slider-1648 slide-1651\" \/><img loading=\"lazy\" decoding=\"async\" src=\"https:\/\/yourciv.com\/wp-content\/uploads\/2017\/12\/2017-12-26_20-50-29-700x400.png\" height=\"400\" width=\"700\" title=\"2017-12-26_20-50-29\" alt=\"\" class=\"slider-1648 slide-1653\" \/><img loading=\"lazy\" decoding=\"async\" src=\"https:\/\/yourciv.com\/wp-content\/uploads\/2018\/01\/mestorozhdenie-700x400.jpg\" height=\"400\" width=\"700\" title=\"\u043c\u0435\u0441\u0442\u043e\u0440\u043e\u0436\u0434\u0435\u043d\u0438\u0435\" alt=\"\" class=\"slider-1648 slide-1654\" \/><img loading=\"lazy\" decoding=\"async\" src=\"https:\/\/yourciv.com\/wp-content\/uploads\/2018\/09\/2018_banner_Grass-700x400.webp\" height=\"400\" width=\"700\" title=\"2018_banner_Grass\" alt=\"\" class=\"slider-1648 slide-1655\" \/><img loading=\"lazy\" decoding=\"async\" src=\"https:\/\/yourciv.com\/wp-content\/uploads\/2017\/03\/Dvorets_2-370x211.jpg\" height=\"400\" width=\"700\" title=\"\u0414\u0432\u043e\u0440\u0435\u0446_2\" alt=\"\" class=\"slider-1648 slide-1656\" \/><img loading=\"lazy\" decoding=\"async\" src=\"https:\/\/yourciv.com\/wp-content\/uploads\/2017\/02\/2017-02-05_18-00-09-700x400.webp\" height=\"400\" width=\"700\" title=\"2017-02-05_18-00-09\" alt=\"\" class=\"slider-1648 slide-1657\" \/><\/div><\/div>\n        \n    <\/div>\n<\/div><\/div>\r\n\r\n\r\n\r\n<h2 id=\"\u0438\u0441\u0442\u043e\u0440\u0438\u0447\u0435\u0441\u043a\u0430\u044f-\u043e\u043d\u043b\u0430\u0439\u043d-\u0441\u0442\u0440\u0430\u0442\u0435\u0433\u0438\u044f-\u043f\u043e-\u043c\u043e\u0442\u0438\u0432\u0430\u043c-civilization\" class=\"has-text-align-center wp-block-heading\">Medeniyete dayal\u0131 tarihsel \u00e7evrimi\u00e7i strateji<\/h2>\r\n\r\n\r\n\r\n<p><strong>Ta\u015f Devri&#8217;nde<\/strong> ya\u015fayan k\u00fc\u00e7\u00fck bir halk\u0131 y\u00f6netmeye ba\u015flay\u0131n. Bilimi inceleyin, \u015fehirler kurun, end\u00fcstriyi geli\u015ftirin. K\u00fclt\u00fcr\u00fc, etkiyi ve mutlulu\u011fu art\u0131rmak i\u00e7in insanlara kaynaklar sa\u011flay\u0131n. Antik \u00e7a\u011f\u0131n, Orta \u00c7a\u011f&#8217;\u0131n, R\u00f6nesans&#8217;\u0131n, modern zamanlar\u0131n ve nihayet modernli\u011fin \u00f6tesinde! Bu senin medeniyetin!<\/p>\r\n\r\n\r\n\r\n<div class=\"wp-block-image\">\r\n<figure class=\"aligncenter\"><img loading=\"lazy\" decoding=\"async\" width=\"800\" height=\"175\" class=\"wp-image-7672\" src=\"https:\/\/yourciv.com\/wp-content\/uploads\/2016\/07\/diplomacy-1.png\" alt=\"\" srcset=\"https:\/\/yourciv.com\/wp-content\/uploads\/2016\/07\/diplomacy-1.png 800w, https:\/\/yourciv.com\/wp-content\/uploads\/2016\/07\/diplomacy-1-600x131.png 600w, https:\/\/yourciv.com\/wp-content\/uploads\/2016\/07\/diplomacy-1-300x66.png 300w, https:\/\/yourciv.com\/wp-content\/uploads\/2016\/07\/diplomacy-1-768x168.png 768w\" sizes=\"(max-width: 800px) 100vw, 800px\" \/><\/figure>\r\n<\/div>\r\n\r\n\r\n\r\n<h2 id=\"\u043a\u043e\u043e\u043f\u0435\u0440\u0430\u0442\u0438\u0432\u043d\u0430\u044f-\u0438\u0433\u0440\u0430-\u043d\u0430-\u0434\u043e\u0441\u0442\u0438\u0436\u0435\u043d\u0438\u0435-\u043a\u043e\u043c\u0430\u043d\u0434\u043d\u043e\u0439-\u0446\u0435\u043b\u0438\" class=\"has-text-align-center wp-block-heading\">Bir tak\u0131m hedefine ula\u015fmak i\u00e7in i\u015fbirlik\u00e7i oyun<\/h2>\r\n\r\n\r\n\r\n<p><strong>Arkada\u015flar\u0131n\u0131zla oynay\u0131n<\/strong> , b\u00fcy\u00fck \u00fclkelerde birle\u015fin &#8211; devlet kazan\u0131r, bireysel bir oyuncu de\u011fil. Bir tak\u0131mda ki\u015fisel bir oyun i\u00e7in en rahat rol\u00fc se\u00e7in: lider, general, sanayici, bilim adam\u0131, t\u00fcccar, diplomat, casus veya sadece \u015firketin ruhu!<\/p>\r\n\r\n\r\n\r\n<div class=\"wp-block-image\">\r\n<figure class=\"aligncenter\"><img loading=\"lazy\" decoding=\"async\" width=\"800\" height=\"175\" class=\"wp-image-7676\" src=\"https:\/\/yourciv.com\/wp-content\/uploads\/2016\/07\/team-1.png\" alt=\"\" srcset=\"https:\/\/yourciv.com\/wp-content\/uploads\/2016\/07\/team-1.png 800w, https:\/\/yourciv.com\/wp-content\/uploads\/2016\/07\/team-1-600x131.png 600w, https:\/\/yourciv.com\/wp-content\/uploads\/2016\/07\/team-1-300x66.png 300w, https:\/\/yourciv.com\/wp-content\/uploads\/2016\/07\/team-1-768x168.png 768w\" sizes=\"(max-width: 800px) 100vw, 800px\" \/><\/figure>\r\n<\/div>\r\n\r\n\r\n\r\n<h2 id=\"\u0432\u043e\u0439\u043d\u0430-\u0438\u043b\u0438-\u0434\u0438\u043f\u043b\u043e\u043c\u0430\u0442\u0438\u044f-\u0447\u0435\u0441\u0442\u044c-\u0438\u043b\u0438-\u043e\u0431\u043c\u0430\u043d\" class=\"has-text-align-center wp-block-heading\">Sava\u015f m\u0131, diplomasi mi? Onur mu, aldatma m\u0131?<\/h2>\r\n\r\n\r\n\r\n<p><strong>B\u00fct\u00fcn devletler<\/strong> do\u011fal d\u00fc\u015fmanlard\u0131r, zafer i\u00e7in sava\u015fmak, ge\u00e7ici ittifaklar yapmak ve perde arkas\u0131 m\u00fczakereler yapmak gerekli olacakt\u0131r. \u00c7o\u011fu zaman, iyi yap\u0131land\u0131r\u0131lm\u0131\u015f diplomasi, farkl\u0131 k\u0131talarda m\u00fcttefiklerin varl\u0131\u011f\u0131, zaferde belirleyici bir fakt\u00f6r olabilir.<\/p>\r\n\r\n\r\n\r\n<div class=\"wp-block-image\">\r\n<figure class=\"aligncenter\"><img loading=\"lazy\" decoding=\"async\" width=\"800\" height=\"175\" class=\"wp-image-7684\" src=\"https:\/\/yourciv.com\/wp-content\/uploads\/2016\/07\/trade-2.png\" alt=\"\" srcset=\"https:\/\/yourciv.com\/wp-content\/uploads\/2016\/07\/trade-2.png 800w, https:\/\/yourciv.com\/wp-content\/uploads\/2016\/07\/trade-2-600x131.png 600w, https:\/\/yourciv.com\/wp-content\/uploads\/2016\/07\/trade-2-300x66.png 300w, https:\/\/yourciv.com\/wp-content\/uploads\/2016\/07\/trade-2-768x168.png 768w\" sizes=\"(max-width: 800px) 100vw, 800px\" \/><\/figure>\r\n<\/div>\r\n\r\n\r\n\r\n<h2 id=\"\u0437\u0430\u043f\u0443\u0441\u0442\u0438-\u043a\u043e\u0441\u043c\u0438\u0447\u0435\u0441\u043a\u0438\u0439-\u043a\u043e\u0440\u0430\u0431\u043b\u044c-\u043f\u0435\u0440\u0432\u044b\u043c\" class=\"has-text-align-center wp-block-heading\">\u00d6nce uzay gemisini f\u0131rlat!<\/h2>\r\n\r\n\r\n\r\n<p><strong>Kazanan<\/strong>, bir uzay gemisi in\u015fa eden ve f\u0131rlatan ilk devlet olacak. Bilimleri herkesten daha h\u0131zl\u0131 \u00f6\u011frenmeli, t\u00fcm d\u00fcnyaya kar\u015f\u0131 sava\u015f\u0131 kazanmal\u0131s\u0131n. Fakat! Onunla ba\u015fa \u00e7\u0131kabilir misin?<\/p>\r\n\r\n\r\n\r\n<div class=\"wp-block-image\">\r\n<figure class=\"aligncenter\"><img loading=\"lazy\" decoding=\"async\" width=\"800\" height=\"175\" class=\"wp-image-7680\" src=\"https:\/\/yourciv.com\/wp-content\/uploads\/2016\/07\/time-1.png\" alt=\"\" srcset=\"https:\/\/yourciv.com\/wp-content\/uploads\/2016\/07\/time-1.png 800w, https:\/\/yourciv.com\/wp-content\/uploads\/2016\/07\/time-1-600x131.png 600w, https:\/\/yourciv.com\/wp-content\/uploads\/2016\/07\/time-1-300x66.png 300w, https:\/\/yourciv.com\/wp-content\/uploads\/2016\/07\/time-1-768x168.png 768w\" sizes=\"(max-width: 800px) 100vw, 800px\" \/><\/figure>\r\n<\/div>\r\n\r\n\r\n\r\n<h2 id=\"\u0443\u043c\u043d\u0430\u044f-\u0438\u0433\u0440\u0430-\u0434\u043b\u044f-\u0443\u043c\u043d\u044b\u0445-\u043b\u044e\u0434\u0435\u0439\" class=\"has-text-align-center wp-block-heading\">Ak\u0131ll\u0131 insanlar i\u00e7in ak\u0131ll\u0131 oyun<\/h2>\r\n\r\n\r\n\r\n<p><strong>Medeniyetiniz<\/strong> , bir tak\u0131m\u0131 y\u00f6netmeniz, optimal bir end\u00fcstri kurman\u0131z, kaynaklar\u0131 tahsis etmeniz, bilim adamlar\u0131 ve orduyu tedarik etmeniz ve \u00e7ok d\u00fc\u015f\u00fcnmeniz gereken tarihi bir oyundur. Bu bir zeka testi, dostluk testi ve tak\u0131m olarak kazanma yetene\u011fi. \u0130lgin\u00e7? <a href=\"https:\/\/yourciv.com\/tr\/download\/\">\u015eimdi kat\u0131l\u0131n<\/a> !<\/p>\r\n","protected":false},"excerpt":{"rendered":"<p>Medeniyete dayal\u0131 tarihsel \u00e7evrimi\u00e7i strateji Ta\u015f Devri&#8217;nde ya\u015fayan k\u00fc\u00e7\u00fck bir halk\u0131 y\u00f6netmeye ba\u015flay\u0131n. Bilimi inceleyin, \u015fehirler kurun, end\u00fcstriyi geli\u015ftirin. K\u00fclt\u00fcr\u00fc, etkiyi ve mutlulu\u011fu art\u0131rmak i\u00e7in insanlara kaynaklar sa\u011flay\u0131n. Antik \u00e7a\u011f\u0131n, Orta \u00c7a\u011f&#8217;\u0131n, R\u00f6nesans&#8217;\u0131n, modern zamanlar\u0131n ve nihayet modernli\u011fin \u00f6tesinde! Bu&hellip; <\/p>\n","protected":false},"author":3,"featured_media":0,"parent":0,"menu_order":0,"comment_status":"closed","ping_status":"closed","template":"","meta":{"footnotes":""},"_links":{"self":[{"href":"https:\/\/yourciv.com\/tr\/wp-json\/wp\/v2\/pages\/8959"}],"collection":[{"href":"https:\/\/yourciv.com\/tr\/wp-json\/wp\/v2\/pages"}],"about":[{"href":"https:\/\/yourciv.com\/tr\/wp-json\/wp\/v2\/types\/page"}],"author":[{"embeddable":true,"href":"https:\/\/yourciv.com\/tr\/wp-json\/wp\/v2\/users\/3"}],"replies":[{"embeddable":true,"href":"https:\/\/yourciv.com\/tr\/wp-json\/wp\/v2\/comments?post=8959"}],"version-history":[{"count":0,"href":"https:\/\/yourciv.com\/tr\/wp-json\/wp\/v2\/pages\/8959\/revisions"}],"wp:attachment":[{"href":"https:\/\/yourciv.com\/tr\/wp-json\/wp\/v2\/media?parent=8959"}],"curies":[{"name":"wp","href":"https:\/\/api.w.org\/{rel}","templated":true}]}}