{"id":8933,"date":"2019-02-03T20:27:17","date_gmt":"2019-02-03T17:27:17","guid":{"rendered":"https:\/\/yourciv.com\/oyunu-baslat\/"},"modified":"2024-01-14T21:27:27","modified_gmt":"2024-01-14T18:27:27","slug":"start","status":"publish","type":"page","link":"https:\/\/yourciv.com\/tr\/start\/","title":{"rendered":""},"content":{"rendered":"\r\n<figure class=\"wp-block-image\"><img loading=\"lazy\" decoding=\"async\" width=\"836\" height=\"176\" class=\"wp-image-8638\" src=\"https:\/\/yourciv.com\/wp-content\/uploads\/2019\/02\/logo.jpg\" alt=\"\" srcset=\"https:\/\/yourciv.com\/wp-content\/uploads\/2019\/02\/logo.jpg 836w, https:\/\/yourciv.com\/wp-content\/uploads\/2019\/02\/logo-300x63.jpg 300w, https:\/\/yourciv.com\/wp-content\/uploads\/2019\/02\/logo-768x162.jpg 768w\" sizes=\"(max-width: 836px) 100vw, 836px\" \/><\/figure>\r\n\r\n\r\n\r\n<div class=\"wp-block-spacer\" style=\"height: 40px;\" aria-hidden=\"true\">\u00a0<\/div>\r\n\r\n\r\n\r\n<h4 class=\"wp-block-heading\"><strong>Windows istemcisi<\/strong><\/h4>\r\n\r\n\r\n\r\n<div class=\"wp-block-image\">\r\n<figure class=\"aligncenter size-full is-resized\">\r\n<a id=\"downloadButtond\">\r\n<img loading=\"lazy\" decoding=\"async\" class=\"aligncenter wp-image-4973\" src=\"https:\/\/yourciv.com\/wp-content\/uploads\/2020\/11\/Download2-e1605111893692.png\" alt=\"\" width=\"450\" height=\"81\" \/><\/a>\r\n<\/figure>\r\n<\/div>\r\n\r\n\r\n\r\n\r\n\r\n\r\n\r\n\r\n\r\n\r\n\r\n<div class=\"wp-block-spacer\" style=\"height: 40px;\" aria-hidden=\"true\">Dosya 5-10 saniye i\u00e7inde indirilmeye ba\u015flayacakt\u0131r. Taray\u0131c\u0131n\u0131z\u0131n sa\u011f \u00fcst k\u00f6\u015fesinde (veya alt k\u0131sm\u0131nda) YourCivSetup.exe dosyas\u0131n\u0131 aray\u0131n.<\/div>\r\n<div aria-hidden=\"true\">\u00a0<\/div>\r\n\r\n\r\n\r\n<h4 class=\"wp-block-heading\"><strong>Android i\u00e7in \u0130stemci<\/strong><\/h4>\r\n\r\n\r\n\r\n<figure class=\"wp-block-image size-large\"><a href=\"https:\/\/play.google.com\/store\/apps\/details?id=com.YourCiv.YourCiv\" target=\"_blank\" rel=\"noopener noreferrer\"><img loading=\"lazy\" decoding=\"async\" class=\"aligncenter wp-image-8868\" src=\"https:\/\/yourciv.com\/wp-content\/uploads\/2020\/03\/google-play-badge.png\" alt=\"\" width=\"450\" height=\"174\" srcset=\"https:\/\/yourciv.com\/wp-content\/uploads\/2020\/03\/google-play-badge.png 646w, https:\/\/yourciv.com\/wp-content\/uploads\/2020\/03\/google-play-badge-300x116.png 300w\" sizes=\"(max-width: 450px) 100vw, 450px\" \/><\/a><\/figure>\r\n\r\n\r\n\r\n\r\n\r\n\r\n\r\n<h2 class=\"wp-block-heading\"><strong>Sid Meier&#8217;s Civilization tarz\u0131nda tarihi \u00e7evrimi\u00e7i strateji<\/strong><\/h2>\r\n\r\n\r\n\r\n<p>Ta\u015f Devri&#8217;nde ya\u015fayan k\u00fc\u00e7\u00fck bir halk\u0131 y\u00f6netmeye ba\u015flay\u0131n. Bilimi inceleyin, \u015fehirler kurun, end\u00fcstriyi geli\u015ftirin. \u00d6n\u00fcm\u00fczde antik \u00e7a\u011f, Orta \u00c7a\u011f, R\u00f6nesans, modern zamanlar ve son olarak modernite var. Bu tarihi bir stratejidir.<\/p>\r\n\r\n\r\n\r\n<p>Arkada\u015flar\u0131n\u0131zla oynay\u0131n, b\u00fcy\u00fck \u00fclkelerde birle\u015fin. Kazanan, bir uzay gemisi in\u015fa eden ve f\u0131rlatan ilk devlet olacak. Bu bir tak\u0131m oyunu.<\/p>\r\n\r\n\r\n\r\n\r\n\r\n<h4 class=\"wp-block-heading\"><strong>Uzay gemisini f\u0131rlat!<\/strong><\/h4>\r\n\r\n\r\n\r\n<p>Medeniyetiniz, bir tak\u0131m\u0131 y\u00f6netmeniz, \u00e7ok d\u00fc\u015f\u00fcnmeniz ve zor kararlar vermeniz gereken bir oyundur.<\/p>\r\n\r\n\r\n\r\n<ul>\r\n<li>5 k\u0131ta, 4 \u0131rk, onlarca ulus ve halk;<\/li>\r\n<li>6 tarihsel d\u00f6nem, 150 bilimsel ke\u015fif;<\/li>\r\n<li>6 iklim b\u00f6lgesi, 9 \u00e7e\u015fit rahatlama, 49 yatak;<\/li>\r\n<li>eyalette 121&#8217;e kadar oyuncu, 10&#8217;a kadar \u015fehir, 115 bina, 20 kaynak;<\/li>\r\n<li>kara, deniz ve hava sava\u015flar\u0131;<\/li>\r\n<li>Vah\u015filerden tanklara ve atom bombas\u0131na kadar 93 \u00e7e\u015fit birlik!<\/li>\r\n<\/ul>\r\n\r\n\r\n\r\n<p>Bu, ger\u00e7ek stratejistler i\u00e7in ak\u0131ll\u0131 bir oyundur.<\/p>\r\n\r\n\r\n\r\n<figure class=\"wp-block-image\"><img loading=\"lazy\" decoding=\"async\" class=\"alignnone wp-image-12924 size-full\" src=\"https:\/\/yourciv.com\/wp-content\/uploads\/2019\/02\/roket.webp\" alt=\"\" width=\"1000\" height=\"600\" srcset=\"https:\/\/yourciv.com\/wp-content\/uploads\/2019\/02\/roket.webp 1000w, https:\/\/yourciv.com\/wp-content\/uploads\/2019\/02\/roket-300x180.webp 300w, https:\/\/yourciv.com\/wp-content\/uploads\/2019\/02\/roket-768x461.webp 768w\" sizes=\"(max-width: 1000px) 100vw, 1000px\" \/><\/figure>\r\n","protected":false},"excerpt":{"rendered":"<p>\u00a0 Windows istemcisi Android i\u00e7in \u0130stemci Sid Meier&#8217;s Civilization tarz\u0131nda tarihi \u00e7evrimi\u00e7i strateji Ta\u015f Devri&#8217;nde ya\u015fayan k\u00fc\u00e7\u00fck bir halk\u0131 y\u00f6netmeye ba\u015flay\u0131n. Bilimi inceleyin, \u015fehirler kurun, end\u00fcstriyi geli\u015ftirin. \u00d6n\u00fcm\u00fczde antik \u00e7a\u011f, Orta \u00c7a\u011f, R\u00f6nesans, modern zamanlar ve son olarak modernite var.&hellip; <\/p>\n","protected":false},"author":3,"featured_media":0,"parent":0,"menu_order":0,"comment_status":"closed","ping_status":"closed","template":"","meta":{"footnotes":""},"_links":{"self":[{"href":"https:\/\/yourciv.com\/tr\/wp-json\/wp\/v2\/pages\/8933"}],"collection":[{"href":"https:\/\/yourciv.com\/tr\/wp-json\/wp\/v2\/pages"}],"about":[{"href":"https:\/\/yourciv.com\/tr\/wp-json\/wp\/v2\/types\/page"}],"author":[{"embeddable":true,"href":"https:\/\/yourciv.com\/tr\/wp-json\/wp\/v2\/users\/3"}],"replies":[{"embeddable":true,"href":"https:\/\/yourciv.com\/tr\/wp-json\/wp\/v2\/comments?post=8933"}],"version-history":[{"count":0,"href":"https:\/\/yourciv.com\/tr\/wp-json\/wp\/v2\/pages\/8933\/revisions"}],"wp:attachment":[{"href":"https:\/\/yourciv.com\/tr\/wp-json\/wp\/v2\/media?parent=8933"}],"curies":[{"name":"wp","href":"https:\/\/api.w.org\/{rel}","templated":true}]}}