{"id":4222,"date":"2019-04-08T23:59:11","date_gmt":"2019-04-08T20:59:11","guid":{"rendered":"https:\/\/yourciv.com\/?page_id=4207"},"modified":"2021-12-06T23:37:51","modified_gmt":"2021-12-06T20:37:51","slug":"rules","status":"publish","type":"page","link":"https:\/\/yourciv.com\/pt-pt\/rules\/","title":{"rendered":"Acordo de usu\u00e1rio"},"content":{"rendered":"\r\n<figure class=\"wp-block-image\"><img loading=\"lazy\" decoding=\"async\" width=\"1024\" height=\"214\" class=\"wp-image-6688\" src=\"https:\/\/yourciv.com\/wp-content\/uploads\/2019\/02\/Rules_en-1024x214.jpg\" alt=\"\" srcset=\"https:\/\/yourciv.com\/wp-content\/uploads\/2019\/02\/Rules_en-1024x214.jpg 1024w, https:\/\/yourciv.com\/wp-content\/uploads\/2019\/02\/Rules_en-300x63.jpg 300w, https:\/\/yourciv.com\/wp-content\/uploads\/2019\/02\/Rules_en-768x161.jpg 768w\" sizes=\"(max-width: 1024px) 100vw, 1024px\" \/><\/figure>\r\n\r\n\r\n\r\n<h4 class=\"wp-block-heading\">1. Sobre a cultura<\/h4>\r\n\r\n\r\n\r\n<p>\u00c9 proibido usar palavras e express\u00f5es obscenas como nomes de pa\u00edses, dinastias, cidades, bem como na comunica\u00e7\u00e3o pessoal e em outros casos. Quaisquer palavras e frases com um significado ou conota\u00e7\u00e3o ofensiva ser\u00e3o consideradas obscenas. Ao tomar decis\u00f5es, a administra\u00e7\u00e3o usar\u00e1 um entendimento pessoal desse problema.<\/p>\r\n\r\n\r\n\r\n<h4 class=\"wp-block-heading\">2. Sobre spam<\/h4>\r\n\r\n\r\n\r\n<p>\u00c9 proibido publicar recursos em qualquer lugar e por algum motivo, se isso n\u00e3o estiver diretamente relacionado ao jogo. Isso inclui publicidade de quaisquer bens e servi\u00e7os, eventos, bem como a promo\u00e7\u00e3o de quaisquer a\u00e7\u00f5es pol\u00edticas, religiosas, comportamentais e similares, ideologias ou vis\u00f5es de mundo.<\/p>\r\n\r\n\r\n\r\n<h4 class=\"wp-block-heading\">3. Sobre v\u00e1rias contas<\/h4>\r\n\r\n\r\n\r\n<p>Multi-conta \u00e9 qualquer op\u00e7\u00e3o para acessar duas (ou mais) contas de jogo. Multi-contas n\u00e3o s\u00e3o permitidas.<\/p>\r\n\r\n\r\n\r\n<h4 class=\"wp-block-heading\">4. Sobre bots<\/h4>\r\n\r\n\r\n\r\n<p>Qualquer software que executa a\u00e7\u00f5es do jogo ou coleta de dados \u00e9 reconhecido pelo bot. Os bots s\u00e3o proibidos.<\/p>\r\n\r\n\r\n\r\n<h4 class=\"wp-block-heading\">5. Sobre erros<\/h4>\r\n\r\n\r\n\r\n<p>Se voc\u00ea encontrar erros e vulnerabilidades no jogo, voc\u00ea deve informar imediatamente a administra\u00e7\u00e3o por e-mail support@yourciv.com. Escondendo os erros e vulnerabilidades do jogo ser\u00e1 punido.<\/p>\r\n\r\n\r\n\r\n<h4 class=\"wp-block-heading\">6. Compra de direitos n\u00e3o exclusivos<\/h4>\r\n\r\n\r\n\r\n<p>Compra Boa sorte, na forma prescrita pela administra\u00e7\u00e3o, \u00e9 a compra de um direito n\u00e3o exclusivo. A transa\u00e7\u00e3o \u00e9 conclu\u00edda no momento da compra. Al\u00e9m disso voc\u00ea pode usar boa sorte ou n\u00e3o usar, por\u00e9m este direito j\u00e1 pertence a voc\u00ea, e n\u00e3o pode ser trocado de volta por dinheiro.<\/p>\r\n\r\n\r\n\r\n<h4 class=\"wp-block-heading\">7. Outro<\/h4>\r\n\r\n\r\n\r\n<ul>\r\n<li>viola\u00e7\u00e3o de qualquer legisla\u00e7\u00e3o aplic\u00e1vel a voc\u00ea \u00e9 proibida;<\/li>\r\n<li>\u00c9 proibido usar o jogo para menores de 13 anos, pessoas sem o consentimento de representantes legais, pessoas com contraindica\u00e7\u00f5es m\u00e9dicas ou outras;<\/li>\r\n<li>Qualquer extra\u00e7\u00e3o de qualquer benef\u00edcio material por meio do (ou atrav\u00e9s do) jogo \u00e9 proibida;<\/li>\r\n<li>o propriet\u00e1rio da conta \u00e9 o propriet\u00e1rio do endere\u00e7o de email especificado durante o registro;<\/li>\r\n<li>A administra\u00e7\u00e3o n\u00e3o \u00e9 respons\u00e1vel pelas a\u00e7\u00f5es de terceiros, tais como provedores de comunica\u00e7\u00f5es, hardware, fabricantes de software, empresas prestadoras de servi\u00e7os e outras pessoas;<\/li>\r\n<li>por qualquer viola\u00e7\u00e3o deste Contrato, a administra\u00e7\u00e3o tem o direito de impor penalidades, incluindo (mas n\u00e3o limitadas a) o seguinte: bloqueio da conta (proibi\u00e7\u00e3o), altera\u00e7\u00e3o tempor\u00e1ria ou permanente de determinados par\u00e2metros da conta;<\/li>\r\n<li>A administra\u00e7\u00e3o pode fazer altera\u00e7\u00f5es e adi\u00e7\u00f5es a este Contrato sem aviso pr\u00e9vio.<\/li>\r\n<\/ul>\r\n\r\n\r\n\r\n<h4 class=\"wp-block-heading\">8. Ren\u00fancia de Garantias<\/h4>\r\n\r\n\r\n\r\n<p>O servi\u00e7o na forma de um jogo \u00e9 fornecido &#8220;como est\u00e1&#8221; e &#8220;conforme dispon\u00edvel&#8221;. N\u00e3o garantimos a continuidade, precis\u00e3o ou que os erros ser\u00e3o corrigidos. Voc\u00ea concorda que seu acesso ao jogo e seu uso \u00e9 por sua conta e risco.<\/p>\r\n","protected":false},"excerpt":{"rendered":"<p>1. Sobre a cultura \u00c9 proibido usar palavras e express\u00f5es obscenas como nomes de pa\u00edses, dinastias, cidades, bem como na comunica\u00e7\u00e3o pessoal e em outros casos. Quaisquer palavras e frases com um significado ou conota\u00e7\u00e3o ofensiva ser\u00e3o consideradas obscenas. Ao&hellip; <\/p>\n","protected":false},"author":3,"featured_media":0,"parent":0,"menu_order":0,"comment_status":"closed","ping_status":"closed","template":"","meta":{"footnotes":""},"_links":{"self":[{"href":"https:\/\/yourciv.com\/pt-pt\/wp-json\/wp\/v2\/pages\/4222"}],"collection":[{"href":"https:\/\/yourciv.com\/pt-pt\/wp-json\/wp\/v2\/pages"}],"about":[{"href":"https:\/\/yourciv.com\/pt-pt\/wp-json\/wp\/v2\/types\/page"}],"author":[{"embeddable":true,"href":"https:\/\/yourciv.com\/pt-pt\/wp-json\/wp\/v2\/users\/3"}],"replies":[{"embeddable":true,"href":"https:\/\/yourciv.com\/pt-pt\/wp-json\/wp\/v2\/comments?post=4222"}],"version-history":[{"count":0,"href":"https:\/\/yourciv.com\/pt-pt\/wp-json\/wp\/v2\/pages\/4222\/revisions"}],"wp:attachment":[{"href":"https:\/\/yourciv.com\/pt-pt\/wp-json\/wp\/v2\/media?parent=4222"}],"curies":[{"name":"wp","href":"https:\/\/api.w.org\/{rel}","templated":true}]}}