{"id":3126,"date":"2017-02-23T23:33:53","date_gmt":"2017-02-23T20:33:53","guid":{"rendered":"http:\/\/ru.yourciv.com\/?page_id=740"},"modified":"2023-07-01T23:01:52","modified_gmt":"2023-07-01T20:01:52","slug":"privacy-policy","status":"publish","type":"page","link":"https:\/\/yourciv.com\/pt-pt\/privacy-policy\/","title":{"rendered":"Pol\u00edtica de privacidade"},"content":{"rendered":"\r\n<figure class=\"wp-block-image\"><img loading=\"lazy\" decoding=\"async\" width=\"1024\" height=\"214\" class=\"wp-image-6682\" src=\"https:\/\/yourciv.com\/wp-content\/uploads\/2019\/02\/Privacy_en-1024x214.jpg\" alt=\"\" srcset=\"https:\/\/yourciv.com\/wp-content\/uploads\/2019\/02\/Privacy_en-1024x214.jpg 1024w, https:\/\/yourciv.com\/wp-content\/uploads\/2019\/02\/Privacy_en-300x63.jpg 300w, https:\/\/yourciv.com\/wp-content\/uploads\/2019\/02\/Privacy_en-768x161.jpg 768w\" sizes=\"(max-width: 1024px) 100vw, 1024px\" \/><\/figure>\r\n\r\n<p>Esta pol\u00edtica de privacidade \u00e9 uma parte integrante do site e servi\u00e7o do projeto &#8220;sua civiliza\u00e7\u00e3o&#8221;, o endere\u00e7o de coloca\u00e7\u00e3o permanente da vers\u00e3o real <a href=\"\/privacy-policy\">https:\/\/yourciv.com\/privacy-policy<\/a><\/p>\r\n<p>Esta pol\u00edtica de privacidade (doravante designada por &#8220;pol\u00edtica&#8221;) aplica-se a todas as informa\u00e7\u00f5es que a &#8220;Your Civilization KZ&#8221; LLP (doravante designada por site ou servi\u00e7o ou servi\u00e7os) pode obter sobre o utilizador ou pessoas cujas informa\u00e7\u00f5es O usu\u00e1rio submete-se ao servi\u00e7o, durante a utiliza\u00e7\u00e3o do servi\u00e7o, programas, produtos ou servi\u00e7os e durante a execu\u00e7\u00e3o do servi\u00e7o de quaisquer acordos e acordos com o usu\u00e1rio.<\/p>\r\n<p>Ao fornecer o servi\u00e7o com seu e-mail, o usu\u00e1rio expressa consentimento incondicional tamb\u00e9m para a conclus\u00e3o desta pol\u00edtica.<\/p>\r\n<h5>1. Informa\u00e7\u00f5es pessoais dos usu\u00e1rios que o servi\u00e7o processa<\/h5>\r\n<p>esta pol\u00edtica, as informa\u00e7\u00f5es pessoais do usu\u00e1rio referem-se a:<\/p>\r\n<p>Informa\u00e7\u00f5es pessoais, que o usu\u00e1rio fornece sobre si mesmo no registro (cria\u00e7\u00e3o de uma conta) ou no processo de utiliza\u00e7\u00e3o do site e do servi\u00e7o, incluindo dados pessoais do usu\u00e1rio.<br \/>Dados que s\u00e3o transferidos automaticamente para o servi\u00e7o durante seu uso usando o software instalado no dispositivo do usu\u00e1rio (navegador ou aplicativo), incluindo endere\u00e7o IP, dados de cookie, informa\u00e7\u00f5es do navegador O usu\u00e1rio (ou outro programa que \u00e9 usado para acessar o servi\u00e7o), a data e hora de acesso aos servi\u00e7os e outras informa\u00e7\u00f5es semelhantes.<br \/>Se o princ\u00edpio de funcionamento do servi\u00e7o prev\u00ea que o usu\u00e1rio Coloque informa\u00e7\u00f5es sobre terceiros (por exemplo, clientes do cliente), a referida informa\u00e7\u00e3o tamb\u00e9m se refere \u00e0s informa\u00e7\u00f5es pessoais do usu\u00e1rio, nas condi\u00e7\u00f5es previstas no Se\u00e7\u00e3o 2 &#8220;informa\u00e7\u00f5es de terceiros postados pelo usu\u00e1rio no servi\u00e7o&#8221;<br \/>Outras informa\u00e7\u00f5es do usu\u00e1rio, cujo processamento \u00e9 estipulado por termos de uso de servi\u00e7os separados.<\/p>\r\n<p>O servi\u00e7o n\u00e3o verifica a autenticidade das informa\u00e7\u00f5es pessoais fornecidas pelo usu\u00e1rio e n\u00e3o tem a capacidade de avaliar a sua capacidade. No entanto, o servi\u00e7o assume que o usu\u00e1rio fornece informa\u00e7\u00f5es pessoais confi\u00e1veis e suficientes e mant\u00e9m essas informa\u00e7\u00f5es no estado atual.<\/p>\r\n<h5>2. Informa\u00e7\u00f5es de terceiros postadas pelo usu\u00e1rio no servi\u00e7o<\/h5>\r\n<p>Alguns servi\u00e7os podem prever a possibilidade de colocar informa\u00e7\u00f5es sobre terceiros no servi\u00e7o, por exemplo, sobre conhecidos, seus pais e parentes, parceiros do usu\u00e1rio, etc. Nesses casos, a coleta e processamento das informa\u00e7\u00f5es acima mencionadas pelo servi\u00e7o \u00e9 regida por esta pol\u00edtica, sujeita \u00e0s seguintes restri\u00e7\u00f5es.<\/p>\r\n<h5>3. fins de processamento de informa\u00e7\u00f5es pessoais dos usu\u00e1rios<\/h5>\r\n<p>O servi\u00e7o recolhe e armazena apenas as informa\u00e7\u00f5es pessoais que s\u00e3o necess\u00e1rias para a presta\u00e7\u00e3o dos servi\u00e7os ou a execu\u00e7\u00e3o de acordos e contratos com o usu\u00e1rio, exceto nos casos em que a legisla\u00e7\u00e3o prev\u00ea o armazenamento obrigat\u00f3rio Informa\u00e7\u00f5es pessoais dentro do per\u00edodo de tempo especificado por lei.<\/p>\r\n<p>As informa\u00e7\u00f5es pessoais do servi\u00e7o do usu\u00e1rio s\u00e3o processadas para as seguintes finalidades:<\/p>\r\n<ul>\r\n<li>Identifica\u00e7\u00e3o da parte dentro dos servi\u00e7os, acordos e acordos com o servi\u00e7o<br \/>Fornecer informa\u00e7\u00f5es pessoais do usu\u00e1rio a outros usu\u00e1rios do servi\u00e7o, bem como a terceiros, se essas a\u00e7\u00f5es forem fornecidas pelos termos de uso do respectivo servi\u00e7o;<\/li>\r\n<li>Fornecer ao usu\u00e1rio servi\u00e7os personalizados e cumprimento de contratos e acordos;<\/li>\r\n<li>Comunica\u00e7\u00e3o com o usu\u00e1rio, incluindo a dire\u00e7\u00e3o de notifica\u00e7\u00f5es, inqu\u00e9ritos e informa\u00e7\u00f5es sobre a utiliza\u00e7\u00e3o dos servi\u00e7os, a execu\u00e7\u00e3o de acordos e contratos, bem como o processamento de solicita\u00e7\u00f5es e pedidos do usu\u00e1rio;<\/li>\r\n<li>Melhoria da qualidade dos servi\u00e7os, comodidade do seu uso, desenvolvimento de novos servi\u00e7os;<\/li>\r\n<li>Realiza\u00e7\u00e3o de pesquisas estat\u00edsticas e outras com base em dados impessoais.<\/li>\r\n<\/ul>\r\n<h5>4. Termos de processamento de informa\u00e7\u00f5es pessoais dos usu\u00e1rios e sua transfer\u00eancia para terceiros<\/h5>\r\n<p>O servi\u00e7o armazena informa\u00e7\u00f5es pessoais dos usu\u00e1rios de acordo com os regulamentos internos de servi\u00e7os espec\u00edficos.<\/p>\r\n<p>Em rela\u00e7\u00e3o \u00e0s informa\u00e7\u00f5es pessoais do usu\u00e1rio \u00e9 mantida a sua confidencialidade, exceto em casos de concess\u00e3o volunt\u00e1ria pelo usu\u00e1rio da informa\u00e7\u00e3o sobre si mesmo para o acesso geral ao c\u00edrculo ilimitado de pessoas. Ao usar servi\u00e7os separados, o usu\u00e1rio concorda que uma determinada parte de sua informa\u00e7\u00e3o pessoal se torna publicamente dispon\u00edvel, se o destacamento p\u00fablico da informa\u00e7\u00e3o segue diretamente do trabalho do servi\u00e7o ou de suas fun\u00e7\u00f5es separadas.<\/p>\r\n<p>O servi\u00e7o tem o direito de transferir as informa\u00e7\u00f5es pessoais do usu\u00e1rio para terceiros nos seguintes casos:<\/p>\r\n<ul>\r\n<li>O usu\u00e1rio consentiu com tais a\u00e7\u00f5es, inclusive aderindo aos termos do respectivo acordo sobre a utiliza\u00e7\u00e3o do servi\u00e7o, expressando tal consentimento;<\/li>\r\n<li>A transfer\u00eancia \u00e9 necess\u00e1ria para que o usu\u00e1rio use um determinado servi\u00e7o ou para executar um determinado acordo ou acordo com o usu\u00e1rio<br \/>Quando o usu\u00e1rio utiliza os servi\u00e7os e servi\u00e7os dos agentes de pagamento da empresa ao pagar pelos servi\u00e7os;<\/li>\r\n<li>A transfer\u00eancia \u00e9 prevista pela legisla\u00e7\u00e3o russa ou por outro direito aplic\u00e1vel, de acordo com o procedimento estabelecido por lei;<\/li>\r\n<li>Tal transfer\u00eancia ocorre no \u00e2mbito da venda ou de outra transfer\u00eancia de neg\u00f3cio (no todo ou em parte), e o comprador \u00e9 transferido todas as obriga\u00e7\u00f5es para cumprir com os termos desta pol\u00edtica em rela\u00e7\u00e3o \u00e0s informa\u00e7\u00f5es pessoais recebidas por ele;<\/li>\r\n<li>Como resultado do processamento das informa\u00e7\u00f5es pessoais do usu\u00e1rio por sua despersonaliza\u00e7\u00e3o obteve as estat\u00edsticas impessoais que s\u00e3o transferidos para a terceira pessoa para a realiza\u00e7\u00e3o de pesquisas, desempenho de obras ou presta\u00e7\u00e3o de servi\u00e7os em nome do servi\u00e7o.<\/li>\r\n<\/ul>\r\n<h5>5. Alterar ou excluir informa\u00e7\u00f5es pessoais<\/h5>\r\n<p>O usu\u00e1rio pode, a qualquer momento, alterar (atualizar, adicionar, excluir) as informa\u00e7\u00f5es pessoais fornecidas a eles ou parte dele, usando a funcionalidade interna do site e do servi\u00e7o.<\/p>\r\n<p>Os direitos acima referidos podem ser restringidos de acordo com os requisitos da legisla\u00e7\u00e3o. Em particular, tais restri\u00e7\u00f5es podem incluir o dever do servi\u00e7o de manter as informa\u00e7\u00f5es alteradas ou exclu\u00eddas pelo usu\u00e1rio para o per\u00edodo estabelecido por lei e para transmitir essas informa\u00e7\u00f5es de acordo com o legalmente estabelecido Procedimento para o corpo do estado.<\/p>\r\n<h5>6. Medidas aplicadas para proteger as informa\u00e7\u00f5es pessoais do usu\u00e1rio<\/h5>\r\n<p>O servi\u00e7o requer medidas organizacionais e t\u00e9cnicas necess\u00e1rias e suficientes para proteger as informa\u00e7\u00f5es pessoais do usu\u00e1rio contra acessos n\u00e3o autorizados ou acidentais, destrui\u00e7\u00e3o, altera\u00e7\u00e3o, bloqueio, c\u00f3pia, distribui\u00e7\u00e3o, bem como de outros A\u00e7\u00f5es inadequadas de terceiros.<\/p>\r\n<h5>7. Mudan\u00e7a de pol\u00edtica de privacidade. Lei aplic\u00e1vel<\/h5>\r\n<p>O servi\u00e7o tem o direito de fazer altera\u00e7\u00f5es a esta pol\u00edtica de privacidade. Quando as altera\u00e7\u00f5es s\u00e3o feitas para a edi\u00e7\u00e3o atual, a data da \u00faltima atualiza\u00e7\u00e3o \u00e9 indicada. A nova vers\u00e3o da pol\u00edtica entra em vigor a partir do momento da sua coloca\u00e7\u00e3o, salvo disposi\u00e7\u00e3o em contr\u00e1rio pela nova edi\u00e7\u00e3o da pol\u00edtica.<\/p>\r\n<p>A lei da Rep\u00fablica do Cazaquist\u00e3o aplicar-se-\u00e1 a esta pol\u00edtica e \u00e0s rela\u00e7\u00f5es entre o utilizador e o servi\u00e7o que surjam em liga\u00e7\u00e3o com a aplica\u00e7\u00e3o da pol\u00edtica de privacidade.<\/p>","protected":false},"excerpt":{"rendered":"<p>Esta pol\u00edtica de privacidade \u00e9 uma parte integrante do site e servi\u00e7o do projeto &#8220;sua civiliza\u00e7\u00e3o&#8221;, o endere\u00e7o de coloca\u00e7\u00e3o permanente da vers\u00e3o real https:\/\/yourciv.com\/privacy-policy Esta pol\u00edtica de privacidade (doravante designada por &#8220;pol\u00edtica&#8221;) aplica-se a todas as informa\u00e7\u00f5es que a&hellip; <\/p>\n","protected":false},"author":3,"featured_media":0,"parent":0,"menu_order":0,"comment_status":"closed","ping_status":"closed","template":"","meta":{"footnotes":""},"_links":{"self":[{"href":"https:\/\/yourciv.com\/pt-pt\/wp-json\/wp\/v2\/pages\/3126"}],"collection":[{"href":"https:\/\/yourciv.com\/pt-pt\/wp-json\/wp\/v2\/pages"}],"about":[{"href":"https:\/\/yourciv.com\/pt-pt\/wp-json\/wp\/v2\/types\/page"}],"author":[{"embeddable":true,"href":"https:\/\/yourciv.com\/pt-pt\/wp-json\/wp\/v2\/users\/3"}],"replies":[{"embeddable":true,"href":"https:\/\/yourciv.com\/pt-pt\/wp-json\/wp\/v2\/comments?post=3126"}],"version-history":[{"count":0,"href":"https:\/\/yourciv.com\/pt-pt\/wp-json\/wp\/v2\/pages\/3126\/revisions"}],"wp:attachment":[{"href":"https:\/\/yourciv.com\/pt-pt\/wp-json\/wp\/v2\/media?parent=3126"}],"curies":[{"name":"wp","href":"https:\/\/api.w.org\/{rel}","templated":true}]}}