{"id":3115,"date":"2018-04-24T22:14:33","date_gmt":"2018-04-24T19:14:33","guid":{"rendered":"http:\/\/ru.yourciv.com\/?page_id=1357"},"modified":"2022-11-22T21:19:49","modified_gmt":"2022-11-22T18:19:49","slug":"about","status":"publish","type":"page","link":"https:\/\/yourciv.com\/pt-pt\/about\/","title":{"rendered":"Sobre o projeto"},"content":{"rendered":"\r\n<figure class=\"wp-block-image\"><img loading=\"lazy\" decoding=\"async\" width=\"1024\" height=\"214\" class=\"wp-image-3403\" src=\"https:\/\/yourciv.com\/wp-content\/uploads\/2019\/02\/About-project_en-1024x214.jpg\" alt=\"\" srcset=\"https:\/\/yourciv.com\/wp-content\/uploads\/2019\/02\/About-project_en-1024x214.jpg 1024w, https:\/\/yourciv.com\/wp-content\/uploads\/2019\/02\/About-project_en-300x63.jpg 300w, https:\/\/yourciv.com\/wp-content\/uploads\/2019\/02\/About-project_en-768x161.jpg 768w, https:\/\/yourciv.com\/wp-content\/uploads\/2019\/02\/About-project_en.jpg 1920w\" sizes=\"(max-width: 1024px) 100vw, 1024px\" \/><\/figure>\r\n\r\n\r\n\r\n<h4 class=\"wp-block-heading\"><strong>Equipe de projeto<\/strong><\/h4>\r\n\r\n\r\n\r\n<p>Sua civiliza\u00e7\u00e3o &#8211; um jogo online estrat\u00e9gico, criado e apoiado pela equipe do projeto, mas legalmente somos chamados \u201cYour Civilization KZ\u201d LLP (BIN 221040038956).<\/p>\r\n\r\n\r\n\r\n<p>Escreva-nos:<\/p>\r\n\r\n\r\n\r\n<ul>\r\n<li>Perguntas gerais info@yourciv.com<\/li>\r\n<li>Suporte t\u00e9cnico support@yourciv.com<\/li>\r\n<li>Para os investidores invest@yourciv.com<\/li>\r\n<\/ul>\r\n\r\n\r\n\r\n<h4 class=\"wp-block-heading\"><br \/><strong>Contrato de usu\u00e1rio<\/strong><\/h4>\r\n\r\n\r\n\r\n<p>Geralmente neste texto a administra\u00e7\u00e3o do projeto descreve em muitos maneira que tudo que faz \u00e9 correto, e que n\u00e3o acontece, ele (Administra\u00e7\u00e3o) n\u00e3o \u00e9 responsabilizar. N\u00f3s escrevemos sobre a mesma coisa. Mas s\u00f3 <a href=\"\/rules\">temos 10 pontos<\/a>.<\/p>\r\n\r\n\r\n\r\n<h4 class=\"wp-block-heading\"><strong>Pol\u00edtica de privacidade<\/strong><\/h4>\r\n\r\n\r\n\r\n<p>Provavelmente o texto mais in\u00fatil do site. No entanto, uma homenagem \u00e0 moda e os requisitos da legisla\u00e7\u00e3o vigor para declarar tal pol\u00edtica. <a href=\"\/privacy-policy\">Aqui est\u00e1 ela<\/a>.<\/p>\r\n\r\n\r\n\r\n<p>Vamos economizar 15 minutos de sua vida e fazer um breve releitura da linguagem humana, apenas tr\u00eas pontos:<\/p>\r\n\r\n\r\n\r\n<ol>\r\n<li>No registro e durante o jogo, vamos aprender sobre voc\u00ea uma s\u00e9rie de dados pessoais. Qual \u00e9 o seu e-mail, e ainda (possivelmente) nome, conta em redes sociais, telefone, etc. Comprometemo-nos a n\u00e3o divulgar.<\/li>\r\n<li>N\u00f3s usaremos esses dados para enviar a voc\u00ea (e seus conhecidos) informa\u00e7\u00f5es sobre nossos projetos.<\/li>\r\n<li>Os dados impessoais podem ser usados para a pesquisa. Esta frase neutra oculta a capacidade de carregar matrizes de endere\u00e7os de e-mail em um sistema de publicidade (por exemplo, Google) para construir um retrato do p\u00fablico e anunciar o jogo. O m\u00e9todo \u00e9 bastante confi\u00e1vel, e Google sobre voc\u00ea e assim todos sabem.<\/li>\r\n<\/ol>\r\n","protected":false},"excerpt":{"rendered":"<p>Equipe de projeto Sua civiliza\u00e7\u00e3o &#8211; um jogo online estrat\u00e9gico, criado e apoiado pela equipe do projeto, mas legalmente somos chamados \u201cYour Civilization KZ\u201d LLP (BIN 221040038956). Escreva-nos: Perguntas gerais info@yourciv.com Suporte t\u00e9cnico support@yourciv.com Para os investidores invest@yourciv.com Contrato de&hellip; <\/p>\n","protected":false},"author":3,"featured_media":0,"parent":0,"menu_order":0,"comment_status":"closed","ping_status":"closed","template":"","meta":{"footnotes":""},"_links":{"self":[{"href":"https:\/\/yourciv.com\/pt-pt\/wp-json\/wp\/v2\/pages\/3115"}],"collection":[{"href":"https:\/\/yourciv.com\/pt-pt\/wp-json\/wp\/v2\/pages"}],"about":[{"href":"https:\/\/yourciv.com\/pt-pt\/wp-json\/wp\/v2\/types\/page"}],"author":[{"embeddable":true,"href":"https:\/\/yourciv.com\/pt-pt\/wp-json\/wp\/v2\/users\/3"}],"replies":[{"embeddable":true,"href":"https:\/\/yourciv.com\/pt-pt\/wp-json\/wp\/v2\/comments?post=3115"}],"version-history":[{"count":0,"href":"https:\/\/yourciv.com\/pt-pt\/wp-json\/wp\/v2\/pages\/3115\/revisions"}],"wp:attachment":[{"href":"https:\/\/yourciv.com\/pt-pt\/wp-json\/wp\/v2\/media?parent=3115"}],"curies":[{"name":"wp","href":"https:\/\/api.w.org\/{rel}","templated":true}]}}