{"id":3106,"date":"2019-02-03T20:27:17","date_gmt":"2019-02-03T17:27:17","guid":{"rendered":"https:\/\/yourciv.com\/?page_id=2388"},"modified":"2024-01-14T21:20:34","modified_gmt":"2024-01-14T18:20:34","slug":"start","status":"publish","type":"page","link":"https:\/\/yourciv.com\/pt-pt\/start\/","title":{"rendered":""},"content":{"rendered":"\r\n<figure class=\"wp-block-image\"><img loading=\"lazy\" decoding=\"async\" width=\"836\" height=\"176\" class=\"wp-image-6628\" src=\"https:\/\/yourciv.com\/wp-content\/uploads\/2019\/02\/logo.jpg\" alt=\"\" srcset=\"https:\/\/yourciv.com\/wp-content\/uploads\/2019\/02\/logo.jpg 836w, https:\/\/yourciv.com\/wp-content\/uploads\/2019\/02\/logo-300x63.jpg 300w, https:\/\/yourciv.com\/wp-content\/uploads\/2019\/02\/logo-768x162.jpg 768w\" sizes=\"(max-width: 836px) 100vw, 836px\" \/><\/figure>\r\n\r\n\r\n\r\n<div class=\"wp-block-spacer\" style=\"height: 40px;\" aria-hidden=\"true\">\u00a0<\/div>\r\n\r\n\r\n\r\n<h4 class=\"wp-block-heading\"><strong>Cliente do Windows<\/strong><\/h4>\r\n\r\n\r\n\r\n<div class=\"wp-block-image\">\r\n<figure class=\"aligncenter size-full is-resized\">\r\n<a id=\"downloadButtond\">\r\n<img loading=\"lazy\" decoding=\"async\" class=\"aligncenter wp-image-4973\" src=\"https:\/\/yourciv.com\/wp-content\/uploads\/2020\/11\/Download2-e1605111893692.png\" alt=\"\" width=\"450\" height=\"81\" \/><\/a>\r\n<\/figure>\r\n<\/div>\r\n<p>\r\n\r\n<\/p>\r\n\r\n\r\n\r\n\r\n\r\n<div class=\"wp-block-spacer\" style=\"height: 40px;\" aria-hidden=\"true\">O download do arquivo come\u00e7ar\u00e1 em 5-10 segundos. Procure o arquivo YourCivSetup.exe no canto superior direito (ou inferior) do navegador.<\/div>\r\n<div aria-hidden=\"true\">\u00a0<\/div>\r\n\r\n\r\n\r\n<h4 class=\"wp-block-heading\"><strong>Cliente para Android<\/strong><\/h4>\r\n\r\n\r\n\r\n<figure class=\"wp-block-image size-large\"><a href=\"https:\/\/play.google.com\/store\/apps\/details?id=com.YourCiv.YourCiv\" target=\"_blank\" rel=\"noopener noreferrer\"><img loading=\"lazy\" decoding=\"async\" class=\"aligncenter wp-image-6922\" src=\"https:\/\/yourciv.com\/wp-content\/uploads\/2020\/03\/google-play-badge.png\" alt=\"\" width=\"450\" height=\"174\" srcset=\"https:\/\/yourciv.com\/wp-content\/uploads\/2020\/03\/google-play-badge.png 646w, https:\/\/yourciv.com\/wp-content\/uploads\/2020\/03\/google-play-badge-300x116.png 300w\" sizes=\"(max-width: 450px) 100vw, 450px\" \/><\/a><\/figure>\r\n\r\n\r\n\r\n<div class=\"wp-block-spacer\" style=\"height: 40px;\" aria-hidden=\"true\">\u00a0<\/div>\r\n\r\n\r\n\r\n\r\n\r\n<h2 class=\"wp-block-heading\"><strong>Uma estrat\u00e9gia em linha hist\u00f3rica no estilo da civiliza\u00e7\u00e3o de Sid Meier<\/strong><\/h2>\r\n\r\n\r\n\r\n<p>Come\u00e7ar a governar um povo pequeno que vive na idade da pedra. Estude ci\u00eancia, cidades-base, desenvolva a ind\u00fastria. Na frente da antiguidade, a idade m\u00e9dia, o renascimento, o novo tempo e, finalmente, a modernidade.\u00a0Esta \u00e9 uma estrat\u00e9gia hist\u00f3rica.<\/p>\r\n\r\n\r\n\r\n<p>Jogar na companhia de amigos, unir-se em grandes pa\u00edses. O estado que ser\u00e1 o primeiro a construir e lan\u00e7ar uma nave espacial vence. \u00c9 um jogo de equipa.<\/p>\r\n\r\n\r\n\r\n\r\n\r\n<h4 class=\"wp-block-heading\"><strong>Lancem a nave espacial!<\/strong><\/h4>\r\n\r\n\r\n\r\n<p>Sua civiliza\u00e7\u00e3o \u00e9 um jogo onde voc\u00ea tem que gerenciar uma equipe, pensar muito e tomar decis\u00f5es dif\u00edceis.<\/p>\r\n\r\n\r\n\r\n<ul>\r\n<li>5 continentes, 4 ra\u00e7as, dezenas de na\u00e7\u00f5es e povos;<\/li>\r\n<li>6 epochs hist\u00f3ricos, 150 descobertas cient\u00edficas;<\/li>\r\n<li>6 zonas clim\u00e1ticas, 9 tipos de al\u00edvio, 49 dep\u00f3sitos;<\/li>\r\n<li>At\u00e9 121 jogador no estado, at\u00e9 10 cidades, 115 edif\u00edcios, 20 recursos;<\/li>\r\n<li>Batalhas terrestres, mar\u00edtimas e a\u00e9reas;<\/li>\r\n<li>93 o tipo de tropas, de selvagens a tanques e bombas at\u00f3micas!<\/li>\r\n<\/ul>\r\n\r\n\r\n\r\n<p>Este \u00e9 um jogo inteligente para verdadeiros estrategistas.<\/p>\r\n\r\n\r\n\r\n<figure class=\"wp-block-image\"><img loading=\"lazy\" decoding=\"async\" class=\"alignnone wp-image-12920 size-full\" src=\"https:\/\/yourciv.com\/wp-content\/uploads\/2019\/02\/roket.webp\" alt=\"\" width=\"1000\" height=\"600\" srcset=\"https:\/\/yourciv.com\/wp-content\/uploads\/2019\/02\/roket.webp 1000w, https:\/\/yourciv.com\/wp-content\/uploads\/2019\/02\/roket-300x180.webp 300w, https:\/\/yourciv.com\/wp-content\/uploads\/2019\/02\/roket-768x461.webp 768w\" sizes=\"(max-width: 1000px) 100vw, 1000px\" \/><\/figure>\r\n","protected":false},"excerpt":{"rendered":"<p>\u00a0 Cliente do Windows Cliente para Android Uma estrat\u00e9gia em linha hist\u00f3rica no estilo da civiliza\u00e7\u00e3o de Sid Meier Come\u00e7ar a governar um povo pequeno que vive na idade da pedra. Estude ci\u00eancia, cidades-base, desenvolva a ind\u00fastria. Na frente da&hellip; <\/p>\n","protected":false},"author":3,"featured_media":0,"parent":0,"menu_order":0,"comment_status":"closed","ping_status":"closed","template":"","meta":{"footnotes":""},"_links":{"self":[{"href":"https:\/\/yourciv.com\/pt-pt\/wp-json\/wp\/v2\/pages\/3106"}],"collection":[{"href":"https:\/\/yourciv.com\/pt-pt\/wp-json\/wp\/v2\/pages"}],"about":[{"href":"https:\/\/yourciv.com\/pt-pt\/wp-json\/wp\/v2\/types\/page"}],"author":[{"embeddable":true,"href":"https:\/\/yourciv.com\/pt-pt\/wp-json\/wp\/v2\/users\/3"}],"replies":[{"embeddable":true,"href":"https:\/\/yourciv.com\/pt-pt\/wp-json\/wp\/v2\/comments?post=3106"}],"version-history":[{"count":0,"href":"https:\/\/yourciv.com\/pt-pt\/wp-json\/wp\/v2\/pages\/3106\/revisions"}],"wp:attachment":[{"href":"https:\/\/yourciv.com\/pt-pt\/wp-json\/wp\/v2\/media?parent=3106"}],"curies":[{"name":"wp","href":"https:\/\/api.w.org\/{rel}","templated":true}]}}