{"id":3010,"date":"2019-02-03T21:32:17","date_gmt":"2019-02-03T18:32:17","guid":{"rendered":"https:\/\/yourciv.com\/?page_id=2404"},"modified":"2021-12-11T20:39:46","modified_gmt":"2021-12-11T17:39:46","slug":"main","status":"publish","type":"page","link":"https:\/\/yourciv.com\/pt-pt\/","title":{"rendered":"Sua civiliza\u00e7\u00e3o, estrat\u00e9gia da equipe"},"content":{"rendered":"\r\n<div class=\"alignnormal\"><div id=\"metaslider-id-1648\" style=\"max-width: 700px; margin: 0 auto;\" class=\"ml-slider-3-62-0 metaslider metaslider-nivo metaslider-1648 ml-slider ms-theme-default\" role=\"region\" aria-roledescription=\"Slideshow\" aria-label=\"Main Slideshow\">\n    <div id=\"metaslider_container_1648\">\n        <div class='slider-wrapper theme-default'><div class='ribbon'><\/div><div id='metaslider_1648' class='nivoSlider'><img loading=\"lazy\" decoding=\"async\" src=\"https:\/\/yourciv.com\/wp-content\/uploads\/2019\/02\/banner_960_640_en_2-700x400.webp\" height=\"400\" width=\"700\" title=\"banner_960_640_en_2\" alt=\"\" class=\"slider-1648 slide-1649\" \/><img loading=\"lazy\" decoding=\"async\" src=\"https:\/\/yourciv.com\/wp-content\/uploads\/2017\/12\/2017-12-26_21-27-49-700x400.webp\" height=\"400\" width=\"700\" title=\"2017-12-26_21-27-49\" alt=\"\" class=\"slider-1648 slide-1650\" \/><img loading=\"lazy\" decoding=\"async\" src=\"https:\/\/yourciv.com\/wp-content\/uploads\/2017\/07\/sity-700x400.jpg\" height=\"400\" width=\"700\" title=\"\u041e\u0431\u0437\u043e\u0440 \u0433\u043e\u0440\u043e\u0434\u0430\" alt=\"\" class=\"slider-1648 slide-1651\" \/><img loading=\"lazy\" decoding=\"async\" src=\"https:\/\/yourciv.com\/wp-content\/uploads\/2017\/12\/2017-12-26_20-50-29-700x400.png\" height=\"400\" width=\"700\" title=\"2017-12-26_20-50-29\" alt=\"\" class=\"slider-1648 slide-1653\" \/><img loading=\"lazy\" decoding=\"async\" src=\"https:\/\/yourciv.com\/wp-content\/uploads\/2018\/01\/mestorozhdenie-700x400.jpg\" height=\"400\" width=\"700\" title=\"\u043c\u0435\u0441\u0442\u043e\u0440\u043e\u0436\u0434\u0435\u043d\u0438\u0435\" alt=\"\" class=\"slider-1648 slide-1654\" \/><img loading=\"lazy\" decoding=\"async\" src=\"https:\/\/yourciv.com\/wp-content\/uploads\/2018\/09\/2018_banner_Grass-700x400.webp\" height=\"400\" width=\"700\" title=\"2018_banner_Grass\" alt=\"\" class=\"slider-1648 slide-1655\" \/><img loading=\"lazy\" decoding=\"async\" src=\"https:\/\/yourciv.com\/wp-content\/uploads\/2017\/03\/Dvorets_2-370x211.jpg\" height=\"400\" width=\"700\" title=\"\u0414\u0432\u043e\u0440\u0435\u0446_2\" alt=\"\" class=\"slider-1648 slide-1656\" \/><img loading=\"lazy\" decoding=\"async\" src=\"https:\/\/yourciv.com\/wp-content\/uploads\/2017\/02\/2017-02-05_18-00-09-700x400.webp\" height=\"400\" width=\"700\" title=\"2017-02-05_18-00-09\" alt=\"\" class=\"slider-1648 slide-1657\" \/><\/div><\/div>\n        \n    <\/div>\n<\/div><\/div>\r\n\r\n\r\n\r\n<h2 class=\"wp-block-heading\" style=\"text-align: center;\">Estrat\u00e9gia Online hist\u00f3rica baseada na Civilization<\/h2>\r\n\r\n\r\n\r\n<p><strong>Come\u00e7ar a governar<\/strong> um povo pequeno que vive na idade da pedra. Estude ci\u00eancia, cidades-base, desenvolva a ind\u00fastria. Fornecer \u00e0s pessoas recursos para aumentar a cultura, influ\u00eancia e felicidade. Na frente da antiguidade, a idade m\u00e9dia, o renascimento, o novo tempo e, finalmente, a modernidade! Esta \u00e9 a sua civiliza\u00e7\u00e3o!<\/p>\r\n\r\n\r\n\r\n<div class=\"wp-block-image\">\r\n<figure class=\"aligncenter\"><img loading=\"lazy\" decoding=\"async\" width=\"800\" height=\"175\" class=\"wp-image-5266\" src=\"https:\/\/yourciv.com\/wp-content\/uploads\/2016\/07\/diplomacy-1.png\" alt=\"\" srcset=\"https:\/\/yourciv.com\/wp-content\/uploads\/2016\/07\/diplomacy-1.png 800w, https:\/\/yourciv.com\/wp-content\/uploads\/2016\/07\/diplomacy-1-600x131.png 600w, https:\/\/yourciv.com\/wp-content\/uploads\/2016\/07\/diplomacy-1-300x66.png 300w, https:\/\/yourciv.com\/wp-content\/uploads\/2016\/07\/diplomacy-1-768x168.png 768w\" sizes=\"(max-width: 800px) 100vw, 800px\" \/><\/figure>\r\n<\/div>\r\n\r\n\r\n\r\n<h2 class=\"wp-block-heading\" style=\"text-align: center;\">Jogo cooperativo para atingir um objetivo de equipe<\/h2>\r\n\r\n\r\n\r\n<p><strong>Jogar na companhia de <\/strong>amigos, unir-se em grandes pa\u00edses-ganha o estado, e n\u00e3o um \u00fanico jogador. Escolha o papel mais confort\u00e1vel para um jogo pessoal na equipe: o l\u00edder, geral, industrialista, cientista, comerciante, diplomata, espi\u00e3o ou apenas a alma da empresa!<\/p>\r\n\r\n\r\n\r\n<div class=\"wp-block-image\">\r\n<figure class=\"aligncenter\"><img loading=\"lazy\" decoding=\"async\" width=\"800\" height=\"175\" class=\"wp-image-5272\" src=\"https:\/\/yourciv.com\/wp-content\/uploads\/2016\/07\/team-1.png\" alt=\"\" srcset=\"https:\/\/yourciv.com\/wp-content\/uploads\/2016\/07\/team-1.png 800w, https:\/\/yourciv.com\/wp-content\/uploads\/2016\/07\/team-1-600x131.png 600w, https:\/\/yourciv.com\/wp-content\/uploads\/2016\/07\/team-1-300x66.png 300w, https:\/\/yourciv.com\/wp-content\/uploads\/2016\/07\/team-1-768x168.png 768w\" sizes=\"(max-width: 800px) 100vw, 800px\" \/><\/figure>\r\n<\/div>\r\n\r\n\r\n\r\n<h2 class=\"wp-block-heading\" style=\"text-align: center;\">Guerra ou diplomacia? Honra ou decep\u00e7\u00e3o?<\/h2>\r\n\r\n\r\n\r\n<p><strong>Todos os Estados<\/strong> s\u00e3o advers\u00e1rios naturais, pois a vit\u00f3ria ser\u00e1 necess\u00e1ria para lutar, para concluir alian\u00e7as tempor\u00e1rias, para realizar negocia\u00e7\u00f5es nos bastidores. Muitas vezes, a diplomacia competentemente constru\u00edda, a presen\u00e7a de aliados em diferentes continentes pode ser um fator decisivo da vit\u00f3ria.<\/p>\r\n\r\n\r\n\r\n<div class=\"wp-block-image\">\r\n<figure class=\"aligncenter\"><img loading=\"lazy\" decoding=\"async\" width=\"800\" height=\"175\" class=\"wp-image-5284\" src=\"https:\/\/yourciv.com\/wp-content\/uploads\/2016\/07\/trade-2.png\" alt=\"\" srcset=\"https:\/\/yourciv.com\/wp-content\/uploads\/2016\/07\/trade-2.png 800w, https:\/\/yourciv.com\/wp-content\/uploads\/2016\/07\/trade-2-600x131.png 600w, https:\/\/yourciv.com\/wp-content\/uploads\/2016\/07\/trade-2-300x66.png 300w, https:\/\/yourciv.com\/wp-content\/uploads\/2016\/07\/trade-2-768x168.png 768w\" sizes=\"(max-width: 800px) 100vw, 800px\" \/><\/figure>\r\n<\/div>\r\n\r\n\r\n\r\n<h2 class=\"wp-block-heading\" style=\"text-align: center;\">Corra a nave espacial primeiro!<\/h2>\r\n\r\n\r\n\r\n<p><strong>O estado que ser\u00e1 o<\/strong> primeiro a construir e lan\u00e7ar uma nave espacial vence. Voc\u00ea deve aprender rapidamente a ci\u00eancia, ganhar a guerra contra o mundo. No entanto! Aguenta?<\/p>\r\n\r\n\r\n\r\n<div class=\"wp-block-image\">\r\n<figure class=\"aligncenter\"><img loading=\"lazy\" decoding=\"async\" width=\"800\" height=\"175\" class=\"wp-image-5278\" src=\"https:\/\/yourciv.com\/wp-content\/uploads\/2016\/07\/time-1.png\" alt=\"\" srcset=\"https:\/\/yourciv.com\/wp-content\/uploads\/2016\/07\/time-1.png 800w, https:\/\/yourciv.com\/wp-content\/uploads\/2016\/07\/time-1-600x131.png 600w, https:\/\/yourciv.com\/wp-content\/uploads\/2016\/07\/time-1-300x66.png 300w, https:\/\/yourciv.com\/wp-content\/uploads\/2016\/07\/time-1-768x168.png 768w\" sizes=\"(max-width: 800px) 100vw, 800px\" \/><\/figure>\r\n<\/div>\r\n\r\n\r\n\r\n<h2 class=\"wp-block-heading\" style=\"text-align: center;\">Smart Game para pessoas inteligentes<\/h2>\r\n\r\n\r\n\r\n<p><strong>Sua civiliza\u00e7\u00e3o<\/strong> \u00e9 um jogo hist\u00f3rico onde voc\u00ea tem que gerenciar a equipe, construir a ind\u00fastria ideal, alocar recursos, fornecer cientistas e militares e pensar muito. Este \u00e9 um teste de intelig\u00eancia, um teste de amizade e a capacidade de derrotar a equipe.\u00a0Interessante? <a href=\"https:\/\/yourciv.com\/pt-pt\/download\/\">Juntar<\/a>!<\/p>\r\n","protected":false},"excerpt":{"rendered":"<p>Estrat\u00e9gia Online hist\u00f3rica baseada na Civilization Come\u00e7ar a governar um povo pequeno que vive na idade da pedra. Estude ci\u00eancia, cidades-base, desenvolva a ind\u00fastria. Fornecer \u00e0s pessoas recursos para aumentar a cultura, influ\u00eancia e felicidade. Na frente da antiguidade, a&hellip; <\/p>\n","protected":false},"author":3,"featured_media":0,"parent":0,"menu_order":0,"comment_status":"closed","ping_status":"closed","template":"","meta":{"footnotes":""},"_links":{"self":[{"href":"https:\/\/yourciv.com\/pt-pt\/wp-json\/wp\/v2\/pages\/3010"}],"collection":[{"href":"https:\/\/yourciv.com\/pt-pt\/wp-json\/wp\/v2\/pages"}],"about":[{"href":"https:\/\/yourciv.com\/pt-pt\/wp-json\/wp\/v2\/types\/page"}],"author":[{"embeddable":true,"href":"https:\/\/yourciv.com\/pt-pt\/wp-json\/wp\/v2\/users\/3"}],"replies":[{"embeddable":true,"href":"https:\/\/yourciv.com\/pt-pt\/wp-json\/wp\/v2\/comments?post=3010"}],"version-history":[{"count":0,"href":"https:\/\/yourciv.com\/pt-pt\/wp-json\/wp\/v2\/pages\/3010\/revisions"}],"wp:attachment":[{"href":"https:\/\/yourciv.com\/pt-pt\/wp-json\/wp\/v2\/media?parent=3010"}],"curies":[{"name":"wp","href":"https:\/\/api.w.org\/{rel}","templated":true}]}}