{"id":8974,"date":"2019-02-03T18:18:06","date_gmt":"2019-02-03T15:18:06","guid":{"rendered":"https:\/\/yourciv.com\/pobierz-gre\/"},"modified":"2024-01-14T21:19:37","modified_gmt":"2024-01-14T18:19:37","slug":"download","status":"publish","type":"page","link":"https:\/\/yourciv.com\/pl\/download\/","title":{"rendered":"Pobierz gr\u0119"},"content":{"rendered":"\r\n<figure class=\"wp-block-image\"><img loading=\"lazy\" decoding=\"async\" width=\"836\" height=\"176\" class=\"wp-image-8636\" src=\"https:\/\/yourciv.com\/wp-content\/uploads\/2019\/02\/logo.jpg\" alt=\"\" srcset=\"https:\/\/yourciv.com\/wp-content\/uploads\/2019\/02\/logo.jpg 836w, https:\/\/yourciv.com\/wp-content\/uploads\/2019\/02\/logo-300x63.jpg 300w, https:\/\/yourciv.com\/wp-content\/uploads\/2019\/02\/logo-768x162.jpg 768w\" sizes=\"(max-width: 836px) 100vw, 836px\" \/><\/figure>\r\n\r\n\r\n\r\n<div class=\"wp-block-spacer\" style=\"height: 40px;\" aria-hidden=\"true\">\u00a0<\/div>\r\n\r\n\r\n\r\n<h4 class=\"wp-block-heading\" id=\"\u043a\u043b\u0438\u0435\u043d\u0442-\u0434\u043b\u044f-windows-\u0440\u0435\u043a\u043e\u043c\u0435\u043d\u0434\u0443\u0435\u0442\u0441\u044f\"><strong>Klient Windows (zalecany)<\/strong><\/h4>\r\n\r\n\r\n\r\n<p>&nbsp;<\/p>\r\n\r\n\r\n\r\n<div class=\"wp-block-image\">\r\n<figure class=\"aligncenter size-full is-resized\">\r\n<a id=\"downloadButtond\">\r\n<img loading=\"lazy\" decoding=\"async\" class=\"aligncenter wp-image-4973\" src=\"https:\/\/yourciv.com\/wp-content\/uploads\/2020\/11\/Download2-e1605111893692.png\" alt=\"\" width=\"450\" height=\"81\" \/><\/a>\r\n<\/figure>\r\n<\/div>\r\n\r\n\r\n\r\n<p>Pobieranie pliku rozpocznie si\u0119 za 5-10 sekund. Poszukaj pliku YourCivSetup.exe w prawym g\u00f3rnym rogu (lub na dole) przegl\u0105darki.<\/p>\r\n\r\n\r\n\r\n<div class=\"wp-block-spacer\" style=\"height: 40px;\" aria-hidden=\"true\">\u00a0<\/div>\r\n\r\n\r\n\r\n<h4 class=\"wp-block-heading\" id=\"\u0432\u0430\u0436\u043d\u043e\"><strong>Wa\u017cny!<\/strong><\/h4>\r\n\r\n\r\n\r\n<ul>\r\n<li>Zalecane rozdzielczo\u015bci to 1366&#215;768 i 1920&#215;1080. W innych rozdzielczo\u015bciach poprawno\u015b\u0107 wy\u015bwietlania nie jest gwarantowana.<\/li>\r\n<li>Windows XP nie jest obs\u0142ugiwany<\/li>\r\n<\/ul>\r\n\r\n\r\n\r\n<p>&nbsp;<\/p>\r\n\r\n\r\n\r\n<h4 class=\"wp-block-heading\" id=\"\u043a\u043b\u0438\u0435\u043d\u0442-\u0434\u043b\u044f-android\"><strong>Klient na Androida<\/strong><\/h4>\r\n\r\n\r\n\r\n<div class=\"wp-block-image\">\r\n<figure class=\"aligncenter size-large\"><a href=\"https:\/\/play.google.com\/store\/apps\/details?id=com.YourCiv.YourCiv\" target=\"_blank\" rel=\"noopener noreferrer\"><img loading=\"lazy\" decoding=\"async\" class=\"aligncenter wp-image-8671\" src=\"https:\/\/yourciv.com\/wp-content\/uploads\/2020\/03\/google-play-badge.png\" alt=\"\" width=\"450\" height=\"174\" srcset=\"https:\/\/yourciv.com\/wp-content\/uploads\/2020\/03\/google-play-badge.png 646w, https:\/\/yourciv.com\/wp-content\/uploads\/2020\/03\/google-play-badge-300x116.png 300w\" sizes=\"(max-width: 450px) 100vw, 450px\" \/><\/a><\/figure>\r\n<\/div>\r\n\r\n\r\n\r\n<p>Pobierz gr\u0119 z Google Play. Wymaga urz\u0105dzenia z systemem Android 6.0 lub nowszym.<\/p>\r\n\r\n\r\n\r\n<div class=\"wp-block-spacer\" style=\"height: 40px;\" aria-hidden=\"true\">\u00a0<\/div>\r\n\r\n\r\n\r\n<figure class=\"wp-block-image\"><img loading=\"lazy\" decoding=\"async\" width=\"1024\" height=\"482\" class=\"wp-image-8501 aligncenter\" src=\"https:\/\/yourciv.com\/wp-content\/uploads\/2018\/09\/2018_banner_Grass-1024x482.jpg\" alt=\"\" srcset=\"https:\/\/yourciv.com\/wp-content\/uploads\/2018\/09\/2018_banner_Grass-1024x482.jpg 1024w, https:\/\/yourciv.com\/wp-content\/uploads\/2018\/09\/2018_banner_Grass-600x282.jpg 600w, https:\/\/yourciv.com\/wp-content\/uploads\/2018\/09\/2018_banner_Grass-300x141.jpg 300w, https:\/\/yourciv.com\/wp-content\/uploads\/2018\/09\/2018_banner_Grass-768x361.jpg 768w, https:\/\/yourciv.com\/wp-content\/uploads\/2018\/09\/2018_banner_Grass.jpg 1288w\" sizes=\"(max-width: 1024px) 100vw, 1024px\" \/><\/figure>\r\n","protected":false},"excerpt":{"rendered":"<p>\u00a0 Klient Windows (zalecany) &nbsp; Pobieranie pliku rozpocznie si\u0119 za 5-10 sekund. Poszukaj pliku YourCivSetup.exe w prawym g\u00f3rnym rogu (lub na dole) przegl\u0105darki. \u00a0 Wa\u017cny! Zalecane rozdzielczo\u015bci to 1366&#215;768 i 1920&#215;1080. W innych rozdzielczo\u015bciach poprawno\u015b\u0107 wy\u015bwietlania nie jest gwarantowana. Windows&hellip; <\/p>\n","protected":false},"author":3,"featured_media":8874,"parent":0,"menu_order":0,"comment_status":"closed","ping_status":"closed","template":"","meta":{"footnotes":""},"_links":{"self":[{"href":"https:\/\/yourciv.com\/pl\/wp-json\/wp\/v2\/pages\/8974"}],"collection":[{"href":"https:\/\/yourciv.com\/pl\/wp-json\/wp\/v2\/pages"}],"about":[{"href":"https:\/\/yourciv.com\/pl\/wp-json\/wp\/v2\/types\/page"}],"author":[{"embeddable":true,"href":"https:\/\/yourciv.com\/pl\/wp-json\/wp\/v2\/users\/3"}],"replies":[{"embeddable":true,"href":"https:\/\/yourciv.com\/pl\/wp-json\/wp\/v2\/comments?post=8974"}],"version-history":[{"count":0,"href":"https:\/\/yourciv.com\/pl\/wp-json\/wp\/v2\/pages\/8974\/revisions"}],"wp:featuredmedia":[{"embeddable":true,"href":"https:\/\/yourciv.com\/pl\/wp-json\/wp\/v2\/media\/8874"}],"wp:attachment":[{"href":"https:\/\/yourciv.com\/pl\/wp-json\/wp\/v2\/media?parent=8974"}],"curies":[{"name":"wp","href":"https:\/\/api.w.org\/{rel}","templated":true}]}}