{"id":8955,"date":"2019-02-03T21:32:17","date_gmt":"2019-02-03T18:32:17","guid":{"rendered":"https:\/\/yourciv.com\/twoja-cywilizacja-strategia-zespolowa\/"},"modified":"2022-01-15T19:53:40","modified_gmt":"2022-01-15T16:53:40","slug":"twoja-cywilizacja-strategia-zespolowa","status":"publish","type":"page","link":"https:\/\/yourciv.com\/pl\/","title":{"rendered":"Twoja cywilizacja, strategia zespo\u0142owa"},"content":{"rendered":"\r\n<div class=\"alignnormal\"><div id=\"metaslider-id-1648\" style=\"max-width: 700px; margin: 0 auto;\" class=\"ml-slider-3-62-0 metaslider metaslider-nivo metaslider-1648 ml-slider ms-theme-default\" role=\"region\" aria-roledescription=\"Slideshow\" aria-label=\"Main Slideshow\">\n    <div id=\"metaslider_container_1648\">\n        <div class='slider-wrapper theme-default'><div class='ribbon'><\/div><div id='metaslider_1648' class='nivoSlider'><img loading=\"lazy\" decoding=\"async\" src=\"https:\/\/yourciv.com\/wp-content\/uploads\/2019\/02\/banner_960_640_en_2-700x400.webp\" height=\"400\" width=\"700\" title=\"banner_960_640_en_2\" alt=\"\" class=\"slider-1648 slide-1649\" \/><img loading=\"lazy\" decoding=\"async\" src=\"https:\/\/yourciv.com\/wp-content\/uploads\/2017\/12\/2017-12-26_21-27-49-700x400.webp\" height=\"400\" width=\"700\" title=\"2017-12-26_21-27-49\" alt=\"\" class=\"slider-1648 slide-1650\" \/><img loading=\"lazy\" decoding=\"async\" src=\"https:\/\/yourciv.com\/wp-content\/uploads\/2017\/07\/sity-700x400.jpg\" height=\"400\" width=\"700\" title=\"\u041e\u0431\u0437\u043e\u0440 \u0433\u043e\u0440\u043e\u0434\u0430\" alt=\"\" class=\"slider-1648 slide-1651\" \/><img loading=\"lazy\" decoding=\"async\" src=\"https:\/\/yourciv.com\/wp-content\/uploads\/2017\/12\/2017-12-26_20-50-29-700x400.png\" height=\"400\" width=\"700\" title=\"2017-12-26_20-50-29\" alt=\"\" class=\"slider-1648 slide-1653\" \/><img loading=\"lazy\" decoding=\"async\" src=\"https:\/\/yourciv.com\/wp-content\/uploads\/2018\/01\/mestorozhdenie-700x400.jpg\" height=\"400\" width=\"700\" title=\"\u043c\u0435\u0441\u0442\u043e\u0440\u043e\u0436\u0434\u0435\u043d\u0438\u0435\" alt=\"\" class=\"slider-1648 slide-1654\" \/><img loading=\"lazy\" decoding=\"async\" src=\"https:\/\/yourciv.com\/wp-content\/uploads\/2018\/09\/2018_banner_Grass-700x400.webp\" height=\"400\" width=\"700\" title=\"2018_banner_Grass\" alt=\"\" class=\"slider-1648 slide-1655\" \/><img loading=\"lazy\" decoding=\"async\" src=\"https:\/\/yourciv.com\/wp-content\/uploads\/2017\/03\/Dvorets_2-370x211.jpg\" height=\"400\" width=\"700\" title=\"\u0414\u0432\u043e\u0440\u0435\u0446_2\" alt=\"\" class=\"slider-1648 slide-1656\" \/><img loading=\"lazy\" decoding=\"async\" src=\"https:\/\/yourciv.com\/wp-content\/uploads\/2017\/02\/2017-02-05_18-00-09-700x400.webp\" height=\"400\" width=\"700\" title=\"2017-02-05_18-00-09\" alt=\"\" class=\"slider-1648 slide-1657\" \/><\/div><\/div>\n        \n    <\/div>\n<\/div><\/div>\r\n\r\n\r\n\r\n<h2 id=\"\u0438\u0441\u0442\u043e\u0440\u0438\u0447\u0435\u0441\u043a\u0430\u044f-\u043e\u043d\u043b\u0430\u0439\u043d-\u0441\u0442\u0440\u0430\u0442\u0435\u0433\u0438\u044f-\u043f\u043e-\u043c\u043e\u0442\u0438\u0432\u0430\u043c-civilization\" class=\"has-text-align-center wp-block-heading\">Historyczna strategia sieciowa oparta na Civilization<\/h2>\r\n\r\n\r\n\r\n<p><strong>Zacznij rz\u0105dzi\u0107<\/strong> ma\u0142ymi lud\u017ami \u017cyj\u0105cymi w epoce kamienia. Studiuj nauk\u0119, zak\u0142adaj miasta, rozwijaj przemys\u0142. Dostarcz ludziom zasoby, aby zwi\u0119kszy\u0107 kultur\u0119, wp\u0142ywy, szcz\u0119\u015bcie. Wyprzedza staro\u017cytno\u015b\u0107, \u015bredniowiecze, renesans, czasy nowo\u017cytne i wreszcie nowoczesno\u015b\u0107! To twoja cywilizacja!<\/p>\r\n\r\n\r\n\r\n<div class=\"wp-block-image\">\r\n<figure class=\"aligncenter\"><img loading=\"lazy\" decoding=\"async\" width=\"800\" height=\"175\" class=\"wp-image-7670\" src=\"https:\/\/yourciv.com\/wp-content\/uploads\/2016\/07\/diplomacy-1.png\" alt=\"\" srcset=\"https:\/\/yourciv.com\/wp-content\/uploads\/2016\/07\/diplomacy-1.png 800w, https:\/\/yourciv.com\/wp-content\/uploads\/2016\/07\/diplomacy-1-600x131.png 600w, https:\/\/yourciv.com\/wp-content\/uploads\/2016\/07\/diplomacy-1-300x66.png 300w, https:\/\/yourciv.com\/wp-content\/uploads\/2016\/07\/diplomacy-1-768x168.png 768w\" sizes=\"(max-width: 800px) 100vw, 800px\" \/><\/figure>\r\n<\/div>\r\n\r\n\r\n\r\n<h2 id=\"\u043a\u043e\u043e\u043f\u0435\u0440\u0430\u0442\u0438\u0432\u043d\u0430\u044f-\u0438\u0433\u0440\u0430-\u043d\u0430-\u0434\u043e\u0441\u0442\u0438\u0436\u0435\u043d\u0438\u0435-\u043a\u043e\u043c\u0430\u043d\u0434\u043d\u043e\u0439-\u0446\u0435\u043b\u0438\" class=\"has-text-align-center wp-block-heading\">Gra kooperacyjna, aby osi\u0105gn\u0105\u0107 cel zespo\u0142owy<\/h2>\r\n\r\n\r\n\r\n<p><strong>Graj z przyjaci\u00f3\u0142mi<\/strong> , \u0142\u0105cz si\u0119 w du\u017cych krajach \u2013 wygrywa pa\u0144stwo, a nie pojedynczy gracz. Wybierz najbardziej wygodn\u0105 rol\u0119 do osobistej gry w zespole: lider, genera\u0142, przemys\u0142owiec, naukowiec, kupiec, dyplomata, szpieg lub po prostu dusza firmy!<\/p>\r\n\r\n\r\n\r\n<div class=\"wp-block-image\">\r\n<figure class=\"aligncenter\"><img loading=\"lazy\" decoding=\"async\" width=\"800\" height=\"175\" class=\"wp-image-7674\" src=\"https:\/\/yourciv.com\/wp-content\/uploads\/2016\/07\/team-1.png\" alt=\"\" srcset=\"https:\/\/yourciv.com\/wp-content\/uploads\/2016\/07\/team-1.png 800w, https:\/\/yourciv.com\/wp-content\/uploads\/2016\/07\/team-1-600x131.png 600w, https:\/\/yourciv.com\/wp-content\/uploads\/2016\/07\/team-1-300x66.png 300w, https:\/\/yourciv.com\/wp-content\/uploads\/2016\/07\/team-1-768x168.png 768w\" sizes=\"(max-width: 800px) 100vw, 800px\" \/><\/figure>\r\n<\/div>\r\n\r\n\r\n\r\n<h2 id=\"\u0432\u043e\u0439\u043d\u0430-\u0438\u043b\u0438-\u0434\u0438\u043f\u043b\u043e\u043c\u0430\u0442\u0438\u044f-\u0447\u0435\u0441\u0442\u044c-\u0438\u043b\u0438-\u043e\u0431\u043c\u0430\u043d\" class=\"has-text-align-center wp-block-heading\">Wojna czy dyplomacja? Honor czy oszustwo?<\/h2>\r\n\r\n\r\n\r\n<p><strong>Wszystkie pa\u0144stwa<\/strong> s\u0105 naturalnymi przeciwnikami, do zwyci\u0119stwa trzeba b\u0119dzie walczy\u0107, zawiera\u0107 tymczasowe sojusze i prowadzi\u0107 zakulisowe negocjacje. Cz\u0119sto dobrze zbudowana dyplomacja, obecno\u015b\u0107 sojusznik\u00f3w na r\u00f3\u017cnych kontynentach mo\u017ce by\u0107 czynnikiem decyduj\u0105cym o zwyci\u0119stwie.<\/p>\r\n\r\n\r\n\r\n<div class=\"wp-block-image\">\r\n<figure class=\"aligncenter\"><img loading=\"lazy\" decoding=\"async\" width=\"800\" height=\"175\" class=\"wp-image-7682\" src=\"https:\/\/yourciv.com\/wp-content\/uploads\/2016\/07\/trade-2.png\" alt=\"\" srcset=\"https:\/\/yourciv.com\/wp-content\/uploads\/2016\/07\/trade-2.png 800w, https:\/\/yourciv.com\/wp-content\/uploads\/2016\/07\/trade-2-600x131.png 600w, https:\/\/yourciv.com\/wp-content\/uploads\/2016\/07\/trade-2-300x66.png 300w, https:\/\/yourciv.com\/wp-content\/uploads\/2016\/07\/trade-2-768x168.png 768w\" sizes=\"(max-width: 800px) 100vw, 800px\" \/><\/figure>\r\n<\/div>\r\n\r\n\r\n\r\n<h2 id=\"\u0437\u0430\u043f\u0443\u0441\u0442\u0438-\u043a\u043e\u0441\u043c\u0438\u0447\u0435\u0441\u043a\u0438\u0439-\u043a\u043e\u0440\u0430\u0431\u043b\u044c-\u043f\u0435\u0440\u0432\u044b\u043c\" class=\"has-text-align-center wp-block-heading\">Najpierw wystrzel statek kosmiczny!<\/h2>\r\n\r\n\r\n\r\n<p><strong>Zwyci\u0119zc\u0105 jest stan<\/strong>, kt\u00f3ry jako pierwszy zbuduje i wystrzeli statek kosmiczny. Musisz uczy\u0107 si\u0119 nauk szybciej ni\u017c ktokolwiek inny, wygra\u0107 wojn\u0119 z ca\u0142ym \u015bwiatem. Ale! Czy dasz sobie z tym rad\u0119?<\/p>\r\n\r\n\r\n\r\n<div class=\"wp-block-image\">\r\n<figure class=\"aligncenter\"><img loading=\"lazy\" decoding=\"async\" width=\"800\" height=\"175\" class=\"wp-image-7678\" src=\"https:\/\/yourciv.com\/wp-content\/uploads\/2016\/07\/time-1.png\" alt=\"\" srcset=\"https:\/\/yourciv.com\/wp-content\/uploads\/2016\/07\/time-1.png 800w, https:\/\/yourciv.com\/wp-content\/uploads\/2016\/07\/time-1-600x131.png 600w, https:\/\/yourciv.com\/wp-content\/uploads\/2016\/07\/time-1-300x66.png 300w, https:\/\/yourciv.com\/wp-content\/uploads\/2016\/07\/time-1-768x168.png 768w\" sizes=\"(max-width: 800px) 100vw, 800px\" \/><\/figure>\r\n<\/div>\r\n\r\n\r\n\r\n<h2 id=\"\u0443\u043c\u043d\u0430\u044f-\u0438\u0433\u0440\u0430-\u0434\u043b\u044f-\u0443\u043c\u043d\u044b\u0445-\u043b\u044e\u0434\u0435\u0439\" class=\"has-text-align-center wp-block-heading\">Inteligentna gra dla m\u0105drych ludzi<\/h2>\r\n\r\n\r\n\r\n<p><strong>Twoja cywilizacja<\/strong> to gra historyczna, w kt\u00f3rej musisz zarz\u0105dza\u0107 zespo\u0142em, budowa\u0107 optymalny przemys\u0142, alokowa\u0107 zasoby, dostarcza\u0107 naukowc\u00f3w i wojsko oraz du\u017co my\u015ble\u0107. To test inteligencji, test przyja\u017ani i umiej\u0119tno\u015bci wygrywania zespo\u0142owego. Ciekawy? <a href=\"https:\/\/yourciv.com\/pl\/download\/\">Do\u0142\u0105cz teraz<\/a> !<\/p>\r\n","protected":false},"excerpt":{"rendered":"<p>Historyczna strategia sieciowa oparta na Civilization Zacznij rz\u0105dzi\u0107 ma\u0142ymi lud\u017ami \u017cyj\u0105cymi w epoce kamienia. Studiuj nauk\u0119, zak\u0142adaj miasta, rozwijaj przemys\u0142. Dostarcz ludziom zasoby, aby zwi\u0119kszy\u0107 kultur\u0119, wp\u0142ywy, szcz\u0119\u015bcie. Wyprzedza staro\u017cytno\u015b\u0107, \u015bredniowiecze, renesans, czasy nowo\u017cytne i wreszcie nowoczesno\u015b\u0107! To twoja cywilizacja!&hellip; <\/p>\n","protected":false},"author":3,"featured_media":0,"parent":0,"menu_order":0,"comment_status":"closed","ping_status":"closed","template":"","meta":{"footnotes":""},"_links":{"self":[{"href":"https:\/\/yourciv.com\/pl\/wp-json\/wp\/v2\/pages\/8955"}],"collection":[{"href":"https:\/\/yourciv.com\/pl\/wp-json\/wp\/v2\/pages"}],"about":[{"href":"https:\/\/yourciv.com\/pl\/wp-json\/wp\/v2\/types\/page"}],"author":[{"embeddable":true,"href":"https:\/\/yourciv.com\/pl\/wp-json\/wp\/v2\/users\/3"}],"replies":[{"embeddable":true,"href":"https:\/\/yourciv.com\/pl\/wp-json\/wp\/v2\/comments?post=8955"}],"version-history":[{"count":0,"href":"https:\/\/yourciv.com\/pl\/wp-json\/wp\/v2\/pages\/8955\/revisions"}],"wp:attachment":[{"href":"https:\/\/yourciv.com\/pl\/wp-json\/wp\/v2\/media?parent=8955"}],"curies":[{"name":"wp","href":"https:\/\/api.w.org\/{rel}","templated":true}]}}