{"id":8659,"date":"2019-02-03T20:27:17","date_gmt":"2019-02-03T17:27:17","guid":{"rendered":"https:\/\/yourciv.com\/zaczac-gre\/"},"modified":"2024-01-14T21:18:55","modified_gmt":"2024-01-14T18:18:55","slug":"start","status":"publish","type":"page","link":"https:\/\/yourciv.com\/pl\/start\/","title":{"rendered":""},"content":{"rendered":"\r\n<figure class=\"wp-block-image\"><img loading=\"lazy\" decoding=\"async\" width=\"836\" height=\"176\" class=\"wp-image-8636\" src=\"https:\/\/yourciv.com\/wp-content\/uploads\/2019\/02\/logo.jpg\" alt=\"\" srcset=\"https:\/\/yourciv.com\/wp-content\/uploads\/2019\/02\/logo.jpg 836w, https:\/\/yourciv.com\/wp-content\/uploads\/2019\/02\/logo-300x63.jpg 300w, https:\/\/yourciv.com\/wp-content\/uploads\/2019\/02\/logo-768x162.jpg 768w\" sizes=\"(max-width: 836px) 100vw, 836px\" \/><\/figure>\r\n\r\n\r\n\r\n<div class=\"wp-block-spacer\" style=\"height: 40px;\" aria-hidden=\"true\">\u00a0<\/div>\r\n\r\n\r\n\r\n<h4 class=\"wp-block-heading\"><strong>Klient Windows<\/strong><\/h4>\r\n\r\n\r\n\r\n<div class=\"wp-block-image\">\r\n<figure class=\"aligncenter size-full is-resized\">\r\n<a id=\"downloadButtond\">\r\n<img loading=\"lazy\" decoding=\"async\" class=\"aligncenter wp-image-4973\" src=\"https:\/\/yourciv.com\/wp-content\/uploads\/2020\/11\/Download2-e1605111893692.png\" alt=\"\" width=\"450\" height=\"81\" \/><\/a>\r\n<\/figure>\r\n<\/div>\r\n\r\n\r\n\r\n\r\n\r\n\r\n\r\n\r\n\r\n\r\n\r\n<div class=\"wp-block-spacer\" style=\"height: 40px;\" aria-hidden=\"true\">Pobieranie pliku rozpocznie si\u0119 za 5-10 sekund. Poszukaj pliku YourCivSetup.exe w prawym g\u00f3rnym rogu (lub na dole) przegl\u0105darki.<\/div>\r\n<div aria-hidden=\"true\">\u00a0<\/div>\r\n\r\n\r\n\r\n<h4 class=\"wp-block-heading\"><strong>Klient na Androida<\/strong><\/h4>\r\n\r\n\r\n\r\n<figure class=\"wp-block-image size-large\"><a href=\"https:\/\/play.google.com\/store\/apps\/details?id=com.YourCiv.YourCiv\" target=\"_blank\" rel=\"noopener noreferrer\"><img loading=\"lazy\" decoding=\"async\" class=\"aligncenter wp-image-8671\" src=\"https:\/\/yourciv.com\/wp-content\/uploads\/2020\/03\/google-play-badge.png\" alt=\"\" width=\"450\" height=\"174\" srcset=\"https:\/\/yourciv.com\/wp-content\/uploads\/2020\/03\/google-play-badge.png 646w, https:\/\/yourciv.com\/wp-content\/uploads\/2020\/03\/google-play-badge-300x116.png 300w\" sizes=\"(max-width: 450px) 100vw, 450px\" \/><\/a><\/figure>\r\n\r\n\r\n\r\n<div class=\"wp-block-spacer\" style=\"height: 40px;\" aria-hidden=\"true\">\u00a0<\/div>\r\n\r\n\r\n\r\n\r\n\r\n<h2 class=\"wp-block-heading\"><strong>Historyczna strategia online w stylu Cywilizacji Sida Meiera<\/strong><\/h2>\r\n\r\n\r\n\r\n<p>Zacznij rz\u0105dzi\u0107 ma\u0142ymi lud\u017ami \u017cyj\u0105cymi w epoce kamienia. Studiuj nauk\u0119, zak\u0142adaj miasta, rozwijaj przemys\u0142. Przed nami staro\u017cytno\u015b\u0107, \u015bredniowiecze, renesans, czasy nowo\u017cytne i wreszcie nowoczesno\u015b\u0107. To jest strategia historyczna.<\/p>\r\n\r\n\r\n\r\n<p>Graj z przyjaci\u00f3\u0142mi, \u0142\u0105cz si\u0119 w du\u017cych krajach. Zwyci\u0119zc\u0105 jest stan, kt\u00f3ry jako pierwszy zbuduje i wystrzeli statek kosmiczny. To jest gra zespo\u0142owa.<\/p>\r\n\r\n\r\n\r\n\r\n\r\n<h4 class=\"wp-block-heading\"><strong>Wystrzel statek kosmiczny!<\/strong><\/h4>\r\n\r\n\r\n\r\n<p>Twoja cywilizacja to gra, w kt\u00f3rej musisz zarz\u0105dza\u0107 zespo\u0142em, du\u017co my\u015ble\u0107 i podejmowa\u0107 trudne decyzje.<\/p>\r\n\r\n\r\n\r\n<ul>\r\n<li>5 kontynent\u00f3w, 4 rasy, dziesi\u0105tki narod\u00f3w i lud\u00f3w;<\/li>\r\n<li>6 epok historycznych, 150 odkry\u0107 naukowych;<\/li>\r\n<li>6 stref klimatycznych, 9 rodzaj\u00f3w ulg, 49 z\u0142\u00f3\u017c;<\/li>\r\n<li>do 121 graczy w stanie, do 10 miast, 115 budynk\u00f3w, 20 zasob\u00f3w;<\/li>\r\n<li>bitwy l\u0105dowe, morskie i powietrzne;<\/li>\r\n<li>93 rodzaje \u017co\u0142nierzy, od dzikus\u00f3w po czo\u0142gi i bomb\u0119 atomow\u0105!<\/li>\r\n<\/ul>\r\n\r\n\r\n\r\n<p>To m\u0105dra gra dla prawdziwych strateg\u00f3w.<\/p>\r\n\r\n\r\n\r\n<figure class=\"wp-block-image\"><img loading=\"lazy\" decoding=\"async\" class=\"alignnone wp-image-12919 size-full\" src=\"https:\/\/yourciv.com\/wp-content\/uploads\/2019\/02\/roket.webp\" alt=\"\" width=\"1000\" height=\"600\" srcset=\"https:\/\/yourciv.com\/wp-content\/uploads\/2019\/02\/roket.webp 1000w, https:\/\/yourciv.com\/wp-content\/uploads\/2019\/02\/roket-300x180.webp 300w, https:\/\/yourciv.com\/wp-content\/uploads\/2019\/02\/roket-768x461.webp 768w\" sizes=\"(max-width: 1000px) 100vw, 1000px\" \/><\/figure>\r\n","protected":false},"excerpt":{"rendered":"<p>\u00a0 Klient Windows Klient na Androida Historyczna strategia online w stylu Cywilizacji Sida Meiera Zacznij rz\u0105dzi\u0107 ma\u0142ymi lud\u017ami \u017cyj\u0105cymi w epoce kamienia. Studiuj nauk\u0119, zak\u0142adaj miasta, rozwijaj przemys\u0142. Przed nami staro\u017cytno\u015b\u0107, \u015bredniowiecze, renesans, czasy nowo\u017cytne i wreszcie nowoczesno\u015b\u0107. To jest&hellip; <\/p>\n","protected":false},"author":3,"featured_media":0,"parent":0,"menu_order":0,"comment_status":"closed","ping_status":"closed","template":"","meta":{"footnotes":""},"_links":{"self":[{"href":"https:\/\/yourciv.com\/pl\/wp-json\/wp\/v2\/pages\/8659"}],"collection":[{"href":"https:\/\/yourciv.com\/pl\/wp-json\/wp\/v2\/pages"}],"about":[{"href":"https:\/\/yourciv.com\/pl\/wp-json\/wp\/v2\/types\/page"}],"author":[{"embeddable":true,"href":"https:\/\/yourciv.com\/pl\/wp-json\/wp\/v2\/users\/3"}],"replies":[{"embeddable":true,"href":"https:\/\/yourciv.com\/pl\/wp-json\/wp\/v2\/comments?post=8659"}],"version-history":[{"count":0,"href":"https:\/\/yourciv.com\/pl\/wp-json\/wp\/v2\/pages\/8659\/revisions"}],"wp:attachment":[{"href":"https:\/\/yourciv.com\/pl\/wp-json\/wp\/v2\/media?parent=8659"}],"curies":[{"name":"wp","href":"https:\/\/api.w.org\/{rel}","templated":true}]}}