{"id":4220,"date":"2019-04-08T23:59:11","date_gmt":"2019-04-08T20:59:11","guid":{"rendered":"https:\/\/yourciv.com\/?page_id=4207"},"modified":"2021-12-06T23:36:56","modified_gmt":"2021-12-06T20:36:56","slug":"rules","status":"publish","type":"page","link":"https:\/\/yourciv.com\/it\/rules\/","title":{"rendered":"Accordo per gli utenti"},"content":{"rendered":"\r\n<figure class=\"wp-block-image\"><img loading=\"lazy\" decoding=\"async\" width=\"1024\" height=\"214\" class=\"wp-image-6687\" src=\"https:\/\/yourciv.com\/wp-content\/uploads\/2019\/02\/Rules_en-1024x214.jpg\" alt=\"\" srcset=\"https:\/\/yourciv.com\/wp-content\/uploads\/2019\/02\/Rules_en-1024x214.jpg 1024w, https:\/\/yourciv.com\/wp-content\/uploads\/2019\/02\/Rules_en-300x63.jpg 300w, https:\/\/yourciv.com\/wp-content\/uploads\/2019\/02\/Rules_en-768x161.jpg 768w\" sizes=\"(max-width: 1024px) 100vw, 1024px\" \/><\/figure>\r\n\r\n\r\n\r\n<h4 class=\"wp-block-heading\">1. Sulla cultura<\/h4>\r\n\r\n\r\n\r\n<p>\u00c8 vietato usare parole oscene ed espressioni come nomi di paesi, dinastie, citt\u00e0, cos\u00ec come nella comunicazione personale e in altri casi. Qualsiasi parola o frase che abbia un significato offensivo o una connotazione sar\u00e0 considerata oscena. Nel prendere decisioni, l&#8217;amministrazione utilizzer\u00e0 una comprensione personale di questo problema.<\/p>\r\n\r\n\r\n\r\n<h4 class=\"wp-block-heading\">2. Informazioni sullo spam<\/h4>\r\n\r\n\r\n\r\n<p>\u00c8 vietato pubblicare ricorsi ovunque e per qualche motivo, se questo non \u00e8 direttamente correlato al gioco. Ci\u00f2 include la pubblicit\u00e0 di tutti i beni e servizi, eventi, nonch\u00e9 la promozione di qualsiasi azione politica, religiosa, comportamentale e simili, ideologie o visioni del mondo.<\/p>\r\n\r\n\r\n\r\n<h4 class=\"wp-block-heading\">3. Informazioni su pi\u00f9 account<\/h4>\r\n\r\n\r\n\r\n<p>Multi-account \u00e8 una qualsiasi opzione per accedere a due (o pi\u00f9) account di gioco. I multi-account non sono consentiti.<\/p>\r\n\r\n\r\n\r\n<h4 class=\"wp-block-heading\">4. Informazioni sui bot<\/h4>\r\n\r\n\r\n\r\n<p>Qualsiasi software che esegue azioni di gioco o raccolta di dati \u00e8 riconosciuto dal bot. I robot sono vietati.<\/p>\r\n\r\n\r\n\r\n<h4 class=\"wp-block-heading\">5. A proposito di errori<\/h4>\r\n\r\n\r\n\r\n<p>Se trovi errori e vulnerabilit\u00e0 nel gioco, devi informare immediatamente l&#8217;amministrazione via email support@yourciv.com. Nascondere gli errori e le vulnerabilit\u00e0 del gioco sar\u00e0 punito.<\/p>\r\n\r\n\r\n\r\n<h4 class=\"wp-block-heading\">6. Acquisto di diritti non esclusivi<\/h4>\r\n\r\n\r\n\r\n<p>Acquisto La fortuna, secondo le modalit\u00e0 prescritte dall&#8217;amministrazione, \u00e8 l&#8217;acquisto di un diritto non esclusivo. La transazione \u00e8 completata al momento dell&#8217;acquisto. Inoltre puoi usare Buona fortuna o non usare, tuttavia questo diritto appartiene gi\u00e0 a te e non pu\u00f2 essere scambiato con denaro.<\/p>\r\n\r\n\r\n\r\n<h4 class=\"wp-block-heading\">7. altro<\/h4>\r\n\r\n\r\n\r\n<ul>\r\n<li>la violazione di qualsiasi legislazione applicabile a voi \u00e8 vietata;<\/li>\r\n<li>\u00c8 vietato utilizzare il gioco a persone di et\u00e0 inferiore ai 13 anni, persone che non hanno il consenso di rappresentanti legali, persone che hanno controindicazioni mediche o di altro genere;<\/li>\r\n<li>Qualsiasi estrazione di qualsiasi vantaggio materiale dall&#8217;uso (o attraverso) del gioco \u00e8 proibita;<\/li>\r\n<li>il proprietario dell&#8217;account \u00e8 il proprietario dell&#8217;indirizzo email specificato durante la registrazione;<\/li>\r\n<li>L&#8217;amministrazione non \u00e8 responsabile per le azioni di terze parti, come fornitori di comunicazioni, hardware, produttori di software, societ\u00e0 di servizi che forniscono servizi e altre persone;<\/li>\r\n<li>per qualsiasi violazione del presente Contratto, l&#8217;amministrazione ha il diritto di imporre penali, tra cui (ma non limitatamente a) le seguenti: blocco dell&#8217;account (divieto), modifica temporanea o permanente di alcuni parametri dell&#8217;account;<\/li>\r\n<li>L&#8217;amministrazione pu\u00f2 apportare modifiche e aggiunte al presente Accordo senza preavviso.<\/li>\r\n<\/ul>\r\n\r\n\r\n\r\n<h4 class=\"wp-block-heading\">8. Disclaimer of Warranties<\/h4>\r\n\r\n\r\n\r\n<p>Il servizio sotto forma di gioco viene fornito &#8220;cos\u00ec com&#8217;\u00e8&#8221; e &#8220;come disponibile&#8221;. Non garantiamo continuit\u00e0, precisione o errori che verranno corretti. Accetti che il tuo accesso al gioco e il suo utilizzo sia a tuo rischio.<\/p>\r\n","protected":false},"excerpt":{"rendered":"<p>1. Sulla cultura \u00c8 vietato usare parole oscene ed espressioni come nomi di paesi, dinastie, citt\u00e0, cos\u00ec come nella comunicazione personale e in altri casi. Qualsiasi parola o frase che abbia un significato offensivo o una connotazione sar\u00e0 considerata oscena.&hellip; <\/p>\n","protected":false},"author":3,"featured_media":0,"parent":0,"menu_order":0,"comment_status":"closed","ping_status":"closed","template":"","meta":{"footnotes":""},"_links":{"self":[{"href":"https:\/\/yourciv.com\/it\/wp-json\/wp\/v2\/pages\/4220"}],"collection":[{"href":"https:\/\/yourciv.com\/it\/wp-json\/wp\/v2\/pages"}],"about":[{"href":"https:\/\/yourciv.com\/it\/wp-json\/wp\/v2\/types\/page"}],"author":[{"embeddable":true,"href":"https:\/\/yourciv.com\/it\/wp-json\/wp\/v2\/users\/3"}],"replies":[{"embeddable":true,"href":"https:\/\/yourciv.com\/it\/wp-json\/wp\/v2\/comments?post=4220"}],"version-history":[{"count":0,"href":"https:\/\/yourciv.com\/it\/wp-json\/wp\/v2\/pages\/4220\/revisions"}],"wp:attachment":[{"href":"https:\/\/yourciv.com\/it\/wp-json\/wp\/v2\/media?parent=4220"}],"curies":[{"name":"wp","href":"https:\/\/api.w.org\/{rel}","templated":true}]}}