{"id":3128,"date":"2017-02-23T23:33:53","date_gmt":"2017-02-23T20:33:53","guid":{"rendered":"http:\/\/ru.yourciv.com\/?page_id=740"},"modified":"2023-07-01T23:01:30","modified_gmt":"2023-07-01T20:01:30","slug":"privacy-policy","status":"publish","type":"page","link":"https:\/\/yourciv.com\/it\/privacy-policy\/","title":{"rendered":"Informativa sulla privacy"},"content":{"rendered":"\r\n<figure class=\"wp-block-image\"><img loading=\"lazy\" decoding=\"async\" width=\"1024\" height=\"214\" class=\"wp-image-6681\" src=\"https:\/\/yourciv.com\/wp-content\/uploads\/2019\/02\/Privacy_en-1024x214.jpg\" alt=\"\" srcset=\"https:\/\/yourciv.com\/wp-content\/uploads\/2019\/02\/Privacy_en-1024x214.jpg 1024w, https:\/\/yourciv.com\/wp-content\/uploads\/2019\/02\/Privacy_en-300x63.jpg 300w, https:\/\/yourciv.com\/wp-content\/uploads\/2019\/02\/Privacy_en-768x161.jpg 768w\" sizes=\"(max-width: 1024px) 100vw, 1024px\" \/><\/figure>\r\n\r\n<p>Questa politica sulla privacy \u00e8 parte integrante del sito e del servizio del progetto &#8220;la tua civilt\u00e0&#8221;, l&#8217;indirizzo di collocamento permanente della versione attuale <a href=\"\/privacy-policy\">https:\/\/yourciv.com\/privacy-policy<\/a><\/p>\r\n<p>La presente informativa sulla privacy (di seguito denominata &#8220;politica&#8221;) si applica a tutte le informazioni che la &#8220;Your Civilization KZ&#8221; LLP (di seguito denominata sito o servizio o servizi) possono ottenere circa l&#8217;utente o le persone le cui informazioni L&#8217;utente si sottopone al servizio, durante l&#8217;utilizzo del servizio, dei programmi, dei prodotti o dei servizi e durante l&#8217;esecuzione del servizio di eventuali accordi e accordi con l&#8217;utente.<\/p>\r\n<p>Fornendo il servizio con la sua e-mail, l&#8217;utente esprime il consenso incondizionato anche alla conclusione di questa politica.<\/p>\r\n<h5>1. Informazioni personali degli utenti che il servizio elabora<\/h5>\r\n<p>In base a questa politica, le &#8220;informazioni personali&#8221; dell&#8217;utente si riferiscono a:<\/p>\r\n<p>Informazioni personali, che l&#8217;utente fornisce su se stesso al momento della registrazione (creazione di un account) o nel processo di utilizzo del sito e del servizio, compresi i dati personali dell&#8217;utente.<br \/>Dati che vengono trasferiti automaticamente al servizio durante il suo utilizzo utilizzando il software installato sul dispositivo dell&#8217;utente (browser o applicazione), compreso l&#8217;indirizzo IP, i dati dei cookie, le informazioni del browser L&#8217;utente (o altro programma che viene utilizzato per accedere al servizio), la data e l&#8217;ora di accesso ai servizi e altre informazioni simili.<br \/>Se il principio di funzionamento del servizio prevede l&#8217;utente di inserire informazioni su terzi (ad esempio, clienti del cliente), tali informazioni si riferiscono anche alle informazioni personali dell&#8217;utente, alle condizioni previste dal Sezione 2 &#8220;informazioni di terzi pubblicate dall&#8217;utente nel servizio&#8221;<br \/>Altre informazioni dell&#8217;utente, il cui trattamento \u00e8 previsto da termini di utilizzo di servizi separati.<\/p>\r\n<p>Il servizio non verifica l&#8217;autenticit\u00e0 delle informazioni personali fornite dall&#8217;utente e non ha la capacit\u00e0 di valutarne la capacit\u00e0. Tuttavia, il servizio presuppone che l&#8217;utente fornisca informazioni personali attendibili e sufficienti e mantenga queste informazioni nello stato corrente.<\/p>\r\n<h5>2. Informazioni di terzi pubblicate dall&#8217;utente nel servizio<\/h5>\r\n<p>Alcuni servizi possono prevedere la possibilit\u00e0 di inserire informazioni su terzi nel servizio, ad esempio su conoscenti, genitori e parenti, partner dell&#8217;utente, ecc. In tali casi, la raccolta e il trattamento delle suddette informazioni da parte del servizio sono regolati dalla presente informativa, fatte salve le seguenti restrizioni.<\/p>\r\n<h5>3. finalit\u00e0 del trattamento delle informazioni personali degli utenti<\/h5>\r\n<p>Il servizio raccoglie e memorizza solo le informazioni personali necessarie per la fornitura dei servizi o l&#8217;esecuzione di accordi e contratti con l&#8217;utente, tranne nei casi in cui la legislazione prevede l&#8217;archiviazione obbligatoria Dati personali entro il periodo di tempo specificato dalla legge.<\/p>\r\n<p>Le informazioni personali del servizio utente sono trattate per le seguenti finalit\u00e0:<\/p>\r\n<ul>\r\n<li>Identificazione della parte all&#8217;interno dei servizi, accordi e accordi con il servizio<br \/>Fornire informazioni personali dell&#8217;utente ad altri utenti del servizio, cos\u00ec come a terzi, se queste azioni sono fornite dai termini di utilizzo del rispettivo servizio;<\/li>\r\n<li>Fornire all&#8217;utente servizi personalizzati e l&#8217;adempimento di accordi e contratti;<\/li>\r\n<li>Comunicazione con l&#8217;utente, compresa la direzione di notifiche, richieste e informazioni riguardanti l&#8217;utilizzo dei servizi, l&#8217;esecuzione di accordi e contratti, nonch\u00e9 l&#8217;elaborazione di richieste e applicazioni da parte dell&#8217;utente;<\/li>\r\n<li>Miglioramento della qualit\u00e0 dei servizi, convenienza del loro utilizzo, sviluppo di nuovi servizi;<\/li>\r\n<li>Condurre ricerche statistiche e di altro livello sulla base di dati impersonali.<\/li>\r\n<\/ul>\r\n<h5>4. Termini di trattamento dei dati personali degli utenti e relativo trasferimento a terzi<\/h5>\r\n<p>Il servizio memorizza le informazioni personali degli utenti in conformit\u00e0 con la normativa interna di servizi specifici.<\/p>\r\n<p>Per quanto riguarda le informazioni personali dell&#8217;utente \u00e8 mantenuta la sua riservatezza, tranne in caso di concessione volontaria da parte dell&#8217;utente delle informazioni su di s\u00e9 per l&#8217;accesso generale a cerchia illimitata di persone. Quando si utilizzano servizi distinti, l&#8217;utente accetta che una certa parte delle sue informazioni personali diventa pubblicamente disponibile, se la pubblicazione pubblica di informazioni segue direttamente dal lavoro del servizio o dalle sue funzioni distinte.<\/p>\r\n<p>Il servizio ha il diritto di trasferire le informazioni personali dell&#8217;utente a terzi nei seguenti casi:<\/p>\r\n<ul>\r\n<li>L&#8217;utente ha acconsentito a tali azioni, anche aderendo ai termini del rispettivo accordo sull&#8217;utilizzo del servizio, esprimendo tale consenso;<\/li>\r\n<li>Il trasferimento \u00e8 necessario per l&#8217;utente di utilizzare un determinato servizio o per eseguire un determinato accordo o accordo con l&#8217;utente<br \/>Quando l&#8217;utente utilizza i servizi e i servizi degli agenti di pagamento della societ\u00e0 al momento del pagamento dei servizi;<\/li>\r\n<li>Il trasferimento \u00e8 previsto dalla legge russa o da altra normativa applicabile secondo la procedura stabilita dalla legislazione;<\/li>\r\n<li>Tale trasferimento avviene nel quadro della vendita o di altri trasferimenti di attivit\u00e0 (in tutto o in parte), e l&#8217;acquirente \u00e8 trasferito tutti gli obblighi di rispettare i termini di questa politica in relazione alle informazioni personali ricevute da lui;<\/li>\r\n<li>A seguito del trattamento delle informazioni personali dell&#8217;utente da parte della sua depersonalizzazione ottenuta le statistiche impersonali che vengono trasferite alla terza persona per lo svolgimento di ricerche, l&#8217;esecuzione di lavori o la prestazione di servizi per conto del servizio.<\/li>\r\n<\/ul>\r\n<h5>5. Modificare o eliminare le informazioni personali<\/h5>\r\n<p>L&#8217;utente pu\u00f2 in qualsiasi momento modificare (aggiornare, aggiungere, cancellare) le informazioni personali fornite loro o parte di esso, utilizzando la funzionalit\u00e0 built-in del sito e il servizio.<\/p>\r\n<p>I diritti di cui sopra possono essere limitati in conformit\u00e0 con i requisiti della legislazione. In particolare, tali restrizioni possono includere l&#8217;obbligo del servizio di mantenere le informazioni modificate o cancellate dall&#8217;utente per il periodo stabilito dalla legge e di trasmettere tali informazioni in conformit\u00e0 con le norme legalmente stabilite Procedura per l&#8217;organismo statale.<\/p>\r\n<h5>6. Misure applicate per proteggere le informazioni personali dell&#8217;utente<\/h5>\r\n<p>Il servizio adotta misure organizzative e tecniche necessarie e sufficienti per proteggere le informazioni personali dell&#8217;utente da accessi non autorizzati o accidentali, distruzione, alterazione, blocco, copia, distribuzione, nonch\u00e9 da altri Azioni improprie di terzi.<\/p>\r\n<h5>7. Modifica dell&#8217;informativa sulla privacy. Legge applicabile<\/h5>\r\n<p>Il servizio ha il diritto di apportare modifiche alla presente informativa sulla privacy. Quando vengono apportate modifiche all&#8217;edizione corrente, viene indicata la data dell&#8217;ultimo aggiornamento. La nuova versione della politica entra in vigore dal momento della sua collocazione, se non diversamente previsto dalla nuova edizione della politica.<\/p>\r\n<p>La legge della Repubblica del Kazakistan si applica a questa politica e le relazioni tra l&#8217;utente e il servizio derivante in relazione all&#8217;applicazione della politica sulla privacy.<\/p>","protected":false},"excerpt":{"rendered":"<p>Questa politica sulla privacy \u00e8 parte integrante del sito e del servizio del progetto &#8220;la tua civilt\u00e0&#8221;, l&#8217;indirizzo di collocamento permanente della versione attuale https:\/\/yourciv.com\/privacy-policy La presente informativa sulla privacy (di seguito denominata &#8220;politica&#8221;) si applica a tutte le informazioni&hellip; <\/p>\n","protected":false},"author":3,"featured_media":0,"parent":0,"menu_order":0,"comment_status":"closed","ping_status":"closed","template":"","meta":{"footnotes":""},"_links":{"self":[{"href":"https:\/\/yourciv.com\/it\/wp-json\/wp\/v2\/pages\/3128"}],"collection":[{"href":"https:\/\/yourciv.com\/it\/wp-json\/wp\/v2\/pages"}],"about":[{"href":"https:\/\/yourciv.com\/it\/wp-json\/wp\/v2\/types\/page"}],"author":[{"embeddable":true,"href":"https:\/\/yourciv.com\/it\/wp-json\/wp\/v2\/users\/3"}],"replies":[{"embeddable":true,"href":"https:\/\/yourciv.com\/it\/wp-json\/wp\/v2\/comments?post=3128"}],"version-history":[{"count":0,"href":"https:\/\/yourciv.com\/it\/wp-json\/wp\/v2\/pages\/3128\/revisions"}],"wp:attachment":[{"href":"https:\/\/yourciv.com\/it\/wp-json\/wp\/v2\/media?parent=3128"}],"curies":[{"name":"wp","href":"https:\/\/api.w.org\/{rel}","templated":true}]}}