{"id":3113,"date":"2018-04-24T22:14:33","date_gmt":"2018-04-24T19:14:33","guid":{"rendered":"http:\/\/ru.yourciv.com\/?page_id=1357"},"modified":"2022-11-22T21:16:00","modified_gmt":"2022-11-22T18:16:00","slug":"about","status":"publish","type":"page","link":"https:\/\/yourciv.com\/it\/about\/","title":{"rendered":"Informazioni sul progetto"},"content":{"rendered":"\r\n<figure class=\"wp-block-image\"><img loading=\"lazy\" decoding=\"async\" width=\"1024\" height=\"214\" class=\"wp-image-3403\" src=\"https:\/\/yourciv.com\/wp-content\/uploads\/2019\/02\/About-project_en-1024x214.jpg\" alt=\"\" srcset=\"https:\/\/yourciv.com\/wp-content\/uploads\/2019\/02\/About-project_en-1024x214.jpg 1024w, https:\/\/yourciv.com\/wp-content\/uploads\/2019\/02\/About-project_en-300x63.jpg 300w, https:\/\/yourciv.com\/wp-content\/uploads\/2019\/02\/About-project_en-768x161.jpg 768w, https:\/\/yourciv.com\/wp-content\/uploads\/2019\/02\/About-project_en.jpg 1920w\" sizes=\"(max-width: 1024px) 100vw, 1024px\" \/><\/figure>\r\n\r\n\r\n\r\n<h4 class=\"wp-block-heading\"><strong>Team del progetto<\/strong><\/h4>\r\n\r\n\r\n\r\n<p>La tua civilt\u00e0 &#8211; un gioco strategico online, creato e supportato dal team del progetto, ma legalmente siamo chiamati \u201cYour Civilization KZ\u201d LLP (BIN 221040038956).<\/p>\r\n\r\n\r\n\r\n<p>Scrivi a noi:<\/p>\r\n\r\n\r\n\r\n<ul>\r\n<li>Domande generali info@yourciv.com<\/li>\r\n<li>Supporto tecnico support@yourciv.com<\/li>\r\n<li>Per gli investitori invest@yourciv.com<\/li>\r\n<\/ul>\r\n\r\n\r\n\r\n<h4 class=\"wp-block-heading\"><br \/><strong>Accordo con l&#8217;utente<\/strong><\/h4>\r\n\r\n\r\n\r\n<p>Di solito in questo testo l&#8217;amministrazione del progetto descrive in molti modi che tutto ci\u00f2 che fa \u00e8 corretto, e che non accade, esso (amministrazione) non \u00e8 da biasimare. Abbiamo scritto la stessa cosa. Ma abbiamo <a href=\"\/rules\">solo 10 punti<\/a>.<\/p>\r\n\r\n\r\n\r\n<h4 class=\"wp-block-heading\"><strong>Informativa sulla privacy<\/strong><\/h4>\r\n\r\n\r\n\r\n<p>Probabilmente il testo pi\u00f9 inutile sul sito. Tuttavia, un tributo alla moda e ai requisiti della legislazione forza di dichiarare una tale politica. <a href=\"\/privacy-policy\">Eccola<\/a>.<\/p>\r\n\r\n\r\n\r\n<p>Risparmieremo 15 minuti della tua vita e faremo un breve rivisitazione del linguaggio umano, solo tre punti:<\/p>\r\n\r\n\r\n\r\n<ol>\r\n<li>Al momento della registrazione e durante il gioco impareremo su di voi un numero di dati personali. Qual \u00e8 la tua posta, e ancora (possibilmente) nome, account nei social network, telefono, ecc. Ci impegniamo a non rivelare.<\/li>\r\n<li>Utilizzeremo questi dati per inviare all&#8217;utente (e ai suoi conoscenti) informazioni sui nostri progetti.<\/li>\r\n<li>I dati impersonali possono essere utilizzati per la ricerca. Questa frase neutra nasconde la possibilit\u00e0 di caricare array di indirizzi e-mail in un sistema pubblicitario (ad esempio, Google) per costruire un ritratto del pubblico e pubblicizzare il gioco. Il metodo \u00e8 abbastanza affidabile, e Google su di te e cos\u00ec tutti sanno.<\/li>\r\n<\/ol>\r\n","protected":false},"excerpt":{"rendered":"<p>Team del progetto La tua civilt\u00e0 &#8211; un gioco strategico online, creato e supportato dal team del progetto, ma legalmente siamo chiamati \u201cYour Civilization KZ\u201d LLP (BIN 221040038956). Scrivi a noi: Domande generali info@yourciv.com Supporto tecnico support@yourciv.com Per gli investitori&hellip; <\/p>\n","protected":false},"author":3,"featured_media":0,"parent":0,"menu_order":0,"comment_status":"closed","ping_status":"closed","template":"","meta":{"footnotes":""},"_links":{"self":[{"href":"https:\/\/yourciv.com\/it\/wp-json\/wp\/v2\/pages\/3113"}],"collection":[{"href":"https:\/\/yourciv.com\/it\/wp-json\/wp\/v2\/pages"}],"about":[{"href":"https:\/\/yourciv.com\/it\/wp-json\/wp\/v2\/types\/page"}],"author":[{"embeddable":true,"href":"https:\/\/yourciv.com\/it\/wp-json\/wp\/v2\/users\/3"}],"replies":[{"embeddable":true,"href":"https:\/\/yourciv.com\/it\/wp-json\/wp\/v2\/comments?post=3113"}],"version-history":[{"count":0,"href":"https:\/\/yourciv.com\/it\/wp-json\/wp\/v2\/pages\/3113\/revisions"}],"wp:attachment":[{"href":"https:\/\/yourciv.com\/it\/wp-json\/wp\/v2\/media?parent=3113"}],"curies":[{"name":"wp","href":"https:\/\/api.w.org\/{rel}","templated":true}]}}