{"id":3104,"date":"2019-02-03T20:27:17","date_gmt":"2019-02-03T17:27:17","guid":{"rendered":"https:\/\/yourciv.com\/?page_id=2388"},"modified":"2024-01-14T21:17:10","modified_gmt":"2024-01-14T18:17:10","slug":"start","status":"publish","type":"page","link":"https:\/\/yourciv.com\/it\/start\/","title":{"rendered":""},"content":{"rendered":"\r\n<figure class=\"wp-block-image\"><img loading=\"lazy\" decoding=\"async\" width=\"836\" height=\"176\" class=\"wp-image-6627\" src=\"https:\/\/yourciv.com\/wp-content\/uploads\/2019\/02\/logo.jpg\" alt=\"\" srcset=\"https:\/\/yourciv.com\/wp-content\/uploads\/2019\/02\/logo.jpg 836w, https:\/\/yourciv.com\/wp-content\/uploads\/2019\/02\/logo-300x63.jpg 300w, https:\/\/yourciv.com\/wp-content\/uploads\/2019\/02\/logo-768x162.jpg 768w\" sizes=\"(max-width: 836px) 100vw, 836px\" \/><\/figure>\r\n\r\n\r\n\r\n<div class=\"wp-block-spacer\" style=\"height: 40px;\" aria-hidden=\"true\">\u00a0<\/div>\r\n\r\n\r\n\r\n<h4 class=\"wp-block-heading\"><strong>Client Windows<\/strong><\/h4>\r\n\r\n\r\n\r\n<div class=\"wp-block-image\">\r\n<figure class=\"aligncenter size-full is-resized\">\r\n<a id=\"downloadButtond\">\r\n<img loading=\"lazy\" decoding=\"async\" class=\"aligncenter wp-image-4973\" src=\"https:\/\/yourciv.com\/wp-content\/uploads\/2020\/11\/Download2-e1605111893692.png\" alt=\"\" width=\"450\" height=\"81\" \/><\/a>\r\n<\/figure>\r\n<\/div>\r\n<p>\r\n\r\n<\/p>\r\n\r\n\r\n\r\n\r\n\r\n<div class=\"wp-block-spacer\" style=\"height: 40px;\" aria-hidden=\"true\">Il download del file inizier\u00e0 in 5-10 secondi. Cercare il file YourCivSetup.exe nell&#8217;angolo in alto a destra (o in basso) del browser.<\/div>\r\n<div aria-hidden=\"true\">\u00a0<\/div>\r\n\r\n\r\n\r\n<h4 class=\"wp-block-heading\"><strong>Client per Android<\/strong><\/h4>\r\n\r\n\r\n\r\n<figure class=\"wp-block-image size-large\"><a href=\"https:\/\/play.google.com\/store\/apps\/details?id=com.YourCiv.YourCiv\" target=\"_blank\" rel=\"noopener noreferrer\"><img loading=\"lazy\" decoding=\"async\" class=\"aligncenter wp-image-6921\" src=\"https:\/\/yourciv.com\/wp-content\/uploads\/2020\/03\/google-play-badge.png\" alt=\"\" width=\"450\" height=\"174\" srcset=\"https:\/\/yourciv.com\/wp-content\/uploads\/2020\/03\/google-play-badge.png 646w, https:\/\/yourciv.com\/wp-content\/uploads\/2020\/03\/google-play-badge-300x116.png 300w\" sizes=\"(max-width: 450px) 100vw, 450px\" \/><\/a><\/figure>\r\n\r\n\r\n\r\n<div class=\"wp-block-spacer\" style=\"height: 40px;\" aria-hidden=\"true\">\u00a0<\/div>\r\n\r\n\r\n\r\n\r\n\r\n<h2 class=\"wp-block-heading\"><strong>Una strategia online storica nello stile di Sid Meier &#8216; s Civilization<\/strong><\/h2>\r\n\r\n\r\n\r\n<p>Comincia a governare una piccola gente che vive nell&#8217;et\u00e0 della pietra. Studiare scienza, citt\u00e0 di base, sviluppare l&#8217;industria. Di fronte all&#8217;antichit\u00e0, al Medioevo, al Rinascimento, al nuovo tempo e, infine, alla modernit\u00e0.\u00a0Questa \u00e8 una strategia storica.<\/p>\r\n\r\n\r\n\r\n<p>Gioca in compagnia di amici, unitevi in grandi paesi. Lo stato che sar\u00e0 il primo a costruire e lanciare una navicella spaziale vince. \u00c8 un gioco di squadra.<\/p>\r\n\r\n\r\n\r\n\r\n\r\n<h4 class=\"wp-block-heading\"><strong>Lancia l&#8217;astronave!<\/strong><\/h4>\r\n\r\n\r\n\r\n<p>La tua civilt\u00e0 \u00e8 un gioco in cui devi gestire una squadra, pensare molto e prendere decisioni difficili.<\/p>\r\n\r\n\r\n\r\n<ul>\r\n<li>5 continenti, 4 razze, decine di nazioni e popoli;<\/li>\r\n<li>6 epoche storiche, 150 scoperte scientifiche;<\/li>\r\n<li>6 zone climatiche, 9 tipi di sollievo, 49 depositi;<\/li>\r\n<li>Fino a 121 giocatori in stato, fino a 10 citt\u00e0, 115 edifici, 20 risorse;<\/li>\r\n<li>Battaglie terrestri, marittime e aeree;<\/li>\r\n<li>93 il tipo di truppe, dai selvaggi ai carri armati e dalle bombe atomiche!<\/li>\r\n<\/ul>\r\n\r\n\r\n\r\n<p>Questo \u00e8 un gioco intelligente per veri strateghi.<\/p>\r\n\r\n\r\n\r\n<figure class=\"wp-block-image\"><img loading=\"lazy\" decoding=\"async\" class=\"alignnone wp-image-12918 size-full\" src=\"https:\/\/yourciv.com\/wp-content\/uploads\/2019\/02\/roket.webp\" alt=\"\" width=\"1000\" height=\"600\" srcset=\"https:\/\/yourciv.com\/wp-content\/uploads\/2019\/02\/roket.webp 1000w, https:\/\/yourciv.com\/wp-content\/uploads\/2019\/02\/roket-300x180.webp 300w, https:\/\/yourciv.com\/wp-content\/uploads\/2019\/02\/roket-768x461.webp 768w\" sizes=\"(max-width: 1000px) 100vw, 1000px\" \/><\/figure>\r\n","protected":false},"excerpt":{"rendered":"<p>\u00a0 Client Windows Client per Android Una strategia online storica nello stile di Sid Meier &#8216; s Civilization Comincia a governare una piccola gente che vive nell&#8217;et\u00e0 della pietra. Studiare scienza, citt\u00e0 di base, sviluppare l&#8217;industria. Di fronte all&#8217;antichit\u00e0, al&hellip; <\/p>\n","protected":false},"author":3,"featured_media":0,"parent":0,"menu_order":0,"comment_status":"closed","ping_status":"closed","template":"","meta":{"footnotes":""},"_links":{"self":[{"href":"https:\/\/yourciv.com\/it\/wp-json\/wp\/v2\/pages\/3104"}],"collection":[{"href":"https:\/\/yourciv.com\/it\/wp-json\/wp\/v2\/pages"}],"about":[{"href":"https:\/\/yourciv.com\/it\/wp-json\/wp\/v2\/types\/page"}],"author":[{"embeddable":true,"href":"https:\/\/yourciv.com\/it\/wp-json\/wp\/v2\/users\/3"}],"replies":[{"embeddable":true,"href":"https:\/\/yourciv.com\/it\/wp-json\/wp\/v2\/comments?post=3104"}],"version-history":[{"count":0,"href":"https:\/\/yourciv.com\/it\/wp-json\/wp\/v2\/pages\/3104\/revisions"}],"wp:attachment":[{"href":"https:\/\/yourciv.com\/it\/wp-json\/wp\/v2\/media?parent=3104"}],"curies":[{"name":"wp","href":"https:\/\/api.w.org\/{rel}","templated":true}]}}