{"id":4218,"date":"2019-04-08T23:59:11","date_gmt":"2019-04-08T20:59:11","guid":{"rendered":"https:\/\/yourciv.com\/?page_id=4207"},"modified":"2021-12-06T23:40:35","modified_gmt":"2021-12-06T20:40:35","slug":"rules","status":"publish","type":"page","link":"https:\/\/yourciv.com\/fr\/rules\/","title":{"rendered":"Accord d&#8217;utilisateur"},"content":{"rendered":"\r\n<figure class=\"wp-block-image\"><img loading=\"lazy\" decoding=\"async\" width=\"1024\" height=\"214\" class=\"wp-image-6685\" src=\"https:\/\/yourciv.com\/wp-content\/uploads\/2019\/02\/Rules_en-1024x214.jpg\" alt=\"\" srcset=\"https:\/\/yourciv.com\/wp-content\/uploads\/2019\/02\/Rules_en-1024x214.jpg 1024w, https:\/\/yourciv.com\/wp-content\/uploads\/2019\/02\/Rules_en-300x63.jpg 300w, https:\/\/yourciv.com\/wp-content\/uploads\/2019\/02\/Rules_en-768x161.jpg 768w\" sizes=\"(max-width: 1024px) 100vw, 1024px\" \/><\/figure>\r\n\r\n\r\n\r\n<h4 class=\"wp-block-heading\">1. \u00c0 propos de la culture<\/h4>\r\n\r\n\r\n\r\n<p>Il est interdit d&#8217;utiliser des mots et des expressions obsc\u00e8nes comme noms de pays, dynasties, villes, ainsi que dans les communications personnelles et dans d&#8217;autres cas. Tous les mots et expressions comportant un sens offensant ou une connotation seront consid\u00e9r\u00e9s comme obsc\u00e8nes. Lors de la prise de d\u00e9cision, l&#8217;administration utilisera une compr\u00e9hension personnelle de cette question.<\/p>\r\n\r\n\r\n\r\n<h4 class=\"wp-block-heading\">2. \u00c0 propos du spam<\/h4>\r\n\r\n\r\n\r\n<p>Il est interdit de publier des appels en tout lieu et pour quelque raison que ce soit, si cela n\u2019est pas directement li\u00e9 au jeu. Cela comprend la publicit\u00e9 pour tous les biens et services, les \u00e9v\u00e9nements, ainsi que la promotion de toute action, id\u00e9ologie ou vision du monde de nature politique, religieuse, comportementale ou similaire.<\/p>\r\n\r\n\r\n\r\n<h4 class=\"wp-block-heading\">3. A propos du multi-comptes<\/h4>\r\n\r\n\r\n\r\n<p>Multi-compte est toute option pour acc\u00e9der \u00e0 deux (ou plus) comptes de jeu. Les comptes multiples ne sont pas autoris\u00e9s.<\/p>\r\n\r\n\r\n\r\n<h4 class=\"wp-block-heading\">4. \u00c0 propos des bots<\/h4>\r\n\r\n\r\n\r\n<p>Tout logiciel effectuant des actions de jeu ou une collecte de donn\u00e9es est reconnu par le bot. Les bots sont interdits.<\/p>\r\n\r\n\r\n\r\n<h4 class=\"wp-block-heading\">5. A propos des erreurs<\/h4>\r\n\r\n\r\n\r\n<p>Si vous trouvez des erreurs et des vuln\u00e9rabilit\u00e9s dans le jeu, vous devez imm\u00e9diatement en informer l\u2019administration par courrier \u00e9lectronique \u00e0 support@yourciv.com. Cacher les erreurs et les vuln\u00e9rabilit\u00e9s du jeu sera puni.<\/p>\r\n\r\n\r\n\r\n<h4 class=\"wp-block-heading\">6. Achat de droits non exclusifs<\/h4>\r\n\r\n\r\n\r\n<p>Achat Bonne chance, de la mani\u00e8re prescrite par l&#8217;administration, est l&#8217;achat d&#8217;un droit non exclusif. La transaction est termin\u00e9e au moment de l&#8217;achat. En outre, vous pouvez utiliser la chance ou ne pas l&#8217;utiliser, mais ce droit vous appartient d\u00e9j\u00e0 et ne peut pas \u00eatre \u00e9chang\u00e9 contre de l&#8217;argent.<\/p>\r\n\r\n\r\n\r\n<h4 class=\"wp-block-heading\">7. Autre<\/h4>\r\n\r\n\r\n\r\n<ul>\r\n<li>la violation de toute l\u00e9gislation qui vous est applicable est interdite;<\/li>\r\n<li>Il est interdit d&#8217;utiliser le jeu aux personnes de moins de 13 ans, aux personnes n&#8217;ayant pas le consentement de repr\u00e9sentants l\u00e9gaux, aux personnes ayant des contre-indications m\u00e9dicales ou autres;<\/li>\r\n<li>Toute extraction d\u2019avantage mat\u00e9riel au moyen (ou \u00e0 travers) le jeu est interdite;<\/li>\r\n<li>le propri\u00e9taire du compte est le propri\u00e9taire de l&#8217;adresse e-mail sp\u00e9cifi\u00e9e lors de l&#8217;inscription;<\/li>\r\n<li>L&#8217;administration n&#8217;est pas responsable des actions de tiers, tels que les fournisseurs de communications, les fabricants de logiciels, les fabricants de logiciels, les soci\u00e9t\u00e9s de services fournissant des services et autres personnes;<\/li>\r\n<li>pour toute violation de cet accord, l&#8217;administration a le droit d&#8217;imposer des sanctions, notamment (sans s&#8217;y limiter) les suivantes: blocage du compte (interdiction), modification temporaire ou permanente des param\u00e8tres d&#8217;un compte individuel;<\/li>\r\n<li>L&#8217;administration peut apporter des modifications et des ajouts au pr\u00e9sent contrat sans pr\u00e9avis.<\/li>\r\n<\/ul>\r\n\r\n\r\n\r\n<h4 class=\"wp-block-heading\">8. D\u00e9ni de garantie<\/h4>\r\n\r\n\r\n\r\n<p>Le service sous forme de jeu est fourni &#8220;tel quel&#8221; et &#8220;tel que disponible&#8221;. Nous ne garantissons pas la continuit\u00e9, la pr\u00e9cision ou la correction des erreurs. Vous acceptez que votre acc\u00e8s au jeu et \u00e0 son utilisation se fasse \u00e0 vos risques et p\u00e9rils.<\/p>\r\n","protected":false},"excerpt":{"rendered":"<p>1. \u00c0 propos de la culture Il est interdit d&#8217;utiliser des mots et des expressions obsc\u00e8nes comme noms de pays, dynasties, villes, ainsi que dans les communications personnelles et dans d&#8217;autres cas. Tous les mots et expressions comportant un sens&hellip; <\/p>\n","protected":false},"author":3,"featured_media":0,"parent":0,"menu_order":0,"comment_status":"closed","ping_status":"closed","template":"","meta":{"footnotes":""},"_links":{"self":[{"href":"https:\/\/yourciv.com\/fr\/wp-json\/wp\/v2\/pages\/4218"}],"collection":[{"href":"https:\/\/yourciv.com\/fr\/wp-json\/wp\/v2\/pages"}],"about":[{"href":"https:\/\/yourciv.com\/fr\/wp-json\/wp\/v2\/types\/page"}],"author":[{"embeddable":true,"href":"https:\/\/yourciv.com\/fr\/wp-json\/wp\/v2\/users\/3"}],"replies":[{"embeddable":true,"href":"https:\/\/yourciv.com\/fr\/wp-json\/wp\/v2\/comments?post=4218"}],"version-history":[{"count":0,"href":"https:\/\/yourciv.com\/fr\/wp-json\/wp\/v2\/pages\/4218\/revisions"}],"wp:attachment":[{"href":"https:\/\/yourciv.com\/fr\/wp-json\/wp\/v2\/media?parent=4218"}],"curies":[{"name":"wp","href":"https:\/\/api.w.org\/{rel}","templated":true}]}}