{"id":3124,"date":"2017-02-23T23:33:53","date_gmt":"2017-02-23T20:33:53","guid":{"rendered":"http:\/\/ru.yourciv.com\/?page_id=740"},"modified":"2023-07-01T23:00:41","modified_gmt":"2023-07-01T20:00:41","slug":"privacy-policy","status":"publish","type":"page","link":"https:\/\/yourciv.com\/fr\/privacy-policy\/","title":{"rendered":"Politique de confidentialit\u00e9"},"content":{"rendered":"\r\n<figure class=\"wp-block-image\"><img loading=\"lazy\" decoding=\"async\" width=\"1024\" height=\"214\" class=\"wp-image-6679\" src=\"https:\/\/yourciv.com\/wp-content\/uploads\/2019\/02\/Privacy_en-1024x214.jpg\" alt=\"\" srcset=\"https:\/\/yourciv.com\/wp-content\/uploads\/2019\/02\/Privacy_en-1024x214.jpg 1024w, https:\/\/yourciv.com\/wp-content\/uploads\/2019\/02\/Privacy_en-300x63.jpg 300w, https:\/\/yourciv.com\/wp-content\/uploads\/2019\/02\/Privacy_en-768x161.jpg 768w\" sizes=\"(max-width: 1024px) 100vw, 1024px\" \/><\/figure>\r\n\r\n<p>Cette politique de confidentialit\u00e9 fait partie int\u00e9grante du site et du service du projet &#8220;votre civilisation&#8221;, l&#8217;adresse du placement permanent de la version r\u00e9elle <a href=\"\/privacy-policy\">https:\/\/yourciv.com\/privacy-policy<\/a><\/p>\r\n<p>La pr\u00e9sente politique de confidentialit\u00e9 (ci-apr\u00e8s d\u00e9nomm\u00e9e \u00abpolitique\u00bb) s&#8217;applique \u00e0 toutes les informations que &#8220;Your Civilization KZ&#8221; LLP (ci-apr\u00e8s d\u00e9sign\u00e9es comme le site ou le service ou les services) peut obtenir au sujet de l&#8217;utilisateur ou des personnes dont l&#8217;information L&#8217;utilisateur soumet au service, pendant l&#8217;utilisation du service, des programmes, des produits ou des services et Pendant l&#8217;ex\u00e9cution du service de tout accord et accord avec l&#8217;utilisateur.<\/p>\r\n<p>En fournissant le service avec son e-mail, l&#8217;utilisateur exprime son consentement inconditionnel \u00e9galement \u00e0 la conclusion de cette politique.<\/p>\r\n<h5>1. Informations personnelles des utilisateurs que le service traite<\/h5>\r\n<p>En vertu de cette politique, les \u00abinformations personnelles\u00bb de l&#8217;utilisateur d\u00e9signent:<\/p>\r\n<p>Les informations personnelles, que l&#8217;utilisateur fournit sur lui-m\u00eame lors de l&#8217;inscription (cr\u00e9ation d&#8217;un compte) ou dans le processus d&#8217;utilisation du site et du service, y compris les donn\u00e9es personnelles de l&#8217;utilisateur.<br \/>Les donn\u00e9es qui sont automatiquement transf\u00e9r\u00e9es au service lors de son utilisation \u00e0 l&#8217;aide du logiciel install\u00e9 sur l&#8217;appareil de l&#8217;utilisateur (navigateur ou application), y compris l&#8217;adresse IP, les donn\u00e9es de cookie, les informations du navigateur L&#8217;utilisateur (ou tout autre programme utilis\u00e9 pour acc\u00e9der au service), la date et l&#8217;heure d&#8217;acc\u00e8s aux services et autres informations similaires.<br \/>Si le principe de fonctionnement du service permet \u00e0 l&#8217;utilisateur de placer des informations sur des tiers (par exemple, les clients du client), lesdites informations renvoient \u00e9galement aux informations personnelles de l&#8217;utilisateur, dans les conditions pr\u00e9vues \u00e0 Section 2 &#8220;informations de tiers affich\u00e9es par l&#8217;utilisateur dans le service&#8221;<br \/>Autres informations de l&#8217;utilisateur, dont le traitement est stipul\u00e9 par les conditions d&#8217;utilisation de services distincts.<\/p>\r\n<p>Le service ne v\u00e9rifie pas l&#8217;authenticit\u00e9 des informations personnelles fournies par l&#8217;utilisateur et n&#8217;a pas la capacit\u00e9 d&#8217;\u00e9valuer sa capacit\u00e9. Toutefois, le service suppose que l&#8217;utilisateur fournit des informations personnelles fiables et suffisantes et maintient ces informations dans l&#8217;\u00e9tat actuel.<\/p>\r\n<h5>2. Informations de tierces parties affich\u00e9es par l&#8217;utilisateur dans le service<\/h5>\r\n<p>Certains services peuvent pr\u00e9voir la possibilit\u00e9 de placer des informations sur des tiers dans le service, par exemple, sur les connaissances, leurs parents et parents, les partenaires de l&#8217;utilisateur, etc. Dans ce cas, la collecte et le traitement des informations mentionn\u00e9es ci-dessus par le service sont r\u00e9gis par cette politique, sous r\u00e9serve des restrictions suivantes.<\/p>\r\n<h5>3. finalit\u00e9s du traitement des informations personnelles des utilisateurs<\/h5>\r\n<p>Le service recueille et stocke uniquement les informations personnelles n\u00e9cessaires \u00e0 la fourniture des services ou \u00e0 l&#8217;ex\u00e9cution d&#8217;accords et de contrats avec l&#8217;utilisateur, sauf dans les cas o\u00f9 la l\u00e9gislation pr\u00e9voit un stockage obligatoire Les informations personnelles dans le d\u00e9lai prescrit par la Loi.<\/p>\r\n<p>Les informations personnelles du service utilisateur sont trait\u00e9es aux fins suivantes:<\/p>\r\n<ul>\r\n<li>Identification de la partie au sein des services, accords et accords avec le service<br \/>Fournir des informations personnelles de l&#8217;utilisateur \u00e0 d&#8217;autres utilisateurs du service, ainsi que des tiers, si ces actions sont fournies par les conditions d&#8217;utilisation du service respectif;<\/li>\r\n<li>Fournir \u00e0 l&#8217;utilisateur des services personnalis\u00e9s et la r\u00e9alisation d&#8217;accords et de contrats;<\/li>\r\n<li>Communication avec l&#8217;utilisateur, y compris la direction des notifications, des enqu\u00eates et des informations concernant l&#8217;utilisation des services, l&#8217;ex\u00e9cution des accords et des contrats, ainsi que le traitement des demandes et des demandes de l&#8217;utilisateur;<\/li>\r\n<li>Am\u00e9lioration de la qualit\u00e9 des services, commodit\u00e9 de leur utilisation, d\u00e9veloppement de nouveaux services;<\/li>\r\n<li>Mener des recherches statistiques et autres sur la base de donn\u00e9es impersonnelles.<\/li>\r\n<\/ul>\r\n<h5>4. Conditions de traitement des informations personnelles des utilisateurs et de leur transfert \u00e0 des tiers<\/h5>\r\n<p>Le service stocke les informations personnelles des utilisateurs conform\u00e9ment aux r\u00e9glementations internes de certains services.<\/p>\r\n<p>En ce qui concerne les informations personnelles de l&#8217;utilisateur est maintenu sa confidentialit\u00e9, sauf dans les cas d&#8217;octroi volontaire par l&#8217;utilisateur des informations sur lui-m\u00eame pour l&#8217;acc\u00e8s g\u00e9n\u00e9ral \u00e0 un cercle illimit\u00e9 de personnes. Lors de l&#8217;utilisation de services distincts, l&#8217;utilisateur accepte qu&#8217;une certaine partie de ses informations personnelles devienne publiquement disponible, si l&#8217;affichage public de l&#8217;information d\u00e9coule directement du travail du service ou de ses fonctions distinctes.<\/p>\r\n<p>Le service est habilit\u00e9 \u00e0 transf\u00e9rer les informations personnelles de l&#8217;utilisateur \u00e0 des tiers dans les cas suivants:<\/p>\r\n<ul>\r\n<li>L&#8217;utilisateur a consenti \u00e0 de telles actions, y compris en adh\u00e9rant aux termes de l&#8217;accord respectif sur l&#8217;utilisation du service, exprimant ce consentement;<\/li>\r\n<li>Le transfert est n\u00e9cessaire pour que l&#8217;utilisateur utilise un certain service ou pour ex\u00e9cuter un certain accord ou un accord avec l&#8217;utilisateur<br \/>Lorsque l&#8217;utilisateur utilise les services et services des agents de paiement de l&#8217;entreprise lors du paiement des services;<\/li>\r\n<li>Le transfert est pr\u00e9vu par la l\u00e9gislation russe ou d&#8217;autres lois applicables conform\u00e9ment \u00e0 la proc\u00e9dure \u00e9tablie par la Loi;<\/li>\r\n<li>Ce transfert a lieu dans le cadre de la vente ou d&#8217;un autre transfert d&#8217;entreprise (en tout ou en partie), et l&#8217;acheteur est transf\u00e9r\u00e9 toutes les obligations de se conformer aux conditions de cette politique en ce qui concerne les informations personnelles re\u00e7ues par lui;<\/li>\r\n<li>\u00c0 la suite du traitement des informations personnelles de l&#8217;utilisateur par sa d\u00e9personnalisation a obtenu les statistiques impersonnelles qui sont transf\u00e9r\u00e9es \u00e0 la troisi\u00e8me personne pour la r\u00e9alisation de recherches, ex\u00e9cution d&#8217;\u0153uvres ou de prestation de services pour le compte du service.<\/li>\r\n<\/ul>\r\n<h5>5. Modifier ou supprimer des informations personnelles<\/h5>\r\n<p>L&#8217;utilisateur peut \u00e0 tout moment modifier (mettre \u00e0 jour, ajouter, supprimer) les informations personnelles qui lui sont fournies ou en faire partie, en utilisant les fonctionnalit\u00e9s int\u00e9gr\u00e9es du site et du service.<\/p>\r\n<p>Les droits susmentionn\u00e9s peuvent \u00eatre restreints conform\u00e9ment aux exigences de la l\u00e9gislation. En particulier, ces restrictions peuvent inclure l&#8217;obligation du service de conserver les informations modifi\u00e9es ou supprim\u00e9es par l&#8217;utilisateur pour la p\u00e9riode fix\u00e9e par la Loi et de transmettre ces informations conform\u00e9ment aux dispositions l\u00e9gales \u00e9tablies Proc\u00e9dure \u00e0 l&#8217;organe de l&#8217;\u00c9tat.<\/p>\r\n<h5>6. Mesures appliqu\u00e9es pour prot\u00e9ger les informations personnelles de l&#8217;utilisateur<\/h5>\r\n<p>Le service prend les mesures organisationnelles et techniques n\u00e9cessaires et suffisantes pour prot\u00e9ger les informations personnelles de l&#8217;utilisateur contre l&#8217;acc\u00e8s non autoris\u00e9 ou accidentel, la destruction, l&#8217;alt\u00e9ration, le blocage, la copie, la distribution, ainsi que d&#8217;autres Actions abusives de tiers.<\/p>\r\n<h5>7. Modification de la politique de confidentialit\u00e9. Droit applicable<\/h5>\r\n<p>Le service a le droit d&#8217;apporter des modifications \u00e0 cette politique de confidentialit\u00e9. Lorsque des modifications sont apport\u00e9es \u00e0 l&#8217;\u00e9dition actuelle, la date de la derni\u00e8re mise \u00e0 jour est indiqu\u00e9e. La nouvelle version de la politique entre en vigueur \u00e0 partir du moment de son placement, sauf disposition contraire de la nouvelle \u00e9dition de la politique.<\/p>\r\n<p>La Loi de la R\u00e9publique du Kazakhstan s&#8217;applique \u00e0 cette politique et aux relations entre l&#8217;utilisateur et le service survenant dans le cadre de l&#8217;application de la politique de confidentialit\u00e9.<\/p>","protected":false},"excerpt":{"rendered":"<p>Cette politique de confidentialit\u00e9 fait partie int\u00e9grante du site et du service du projet &#8220;votre civilisation&#8221;, l&#8217;adresse du placement permanent de la version r\u00e9elle https:\/\/yourciv.com\/privacy-policy La pr\u00e9sente politique de confidentialit\u00e9 (ci-apr\u00e8s d\u00e9nomm\u00e9e \u00abpolitique\u00bb) s&#8217;applique \u00e0 toutes les informations que &#8220;Your&hellip; <\/p>\n","protected":false},"author":3,"featured_media":0,"parent":0,"menu_order":0,"comment_status":"closed","ping_status":"closed","template":"","meta":{"footnotes":""},"_links":{"self":[{"href":"https:\/\/yourciv.com\/fr\/wp-json\/wp\/v2\/pages\/3124"}],"collection":[{"href":"https:\/\/yourciv.com\/fr\/wp-json\/wp\/v2\/pages"}],"about":[{"href":"https:\/\/yourciv.com\/fr\/wp-json\/wp\/v2\/types\/page"}],"author":[{"embeddable":true,"href":"https:\/\/yourciv.com\/fr\/wp-json\/wp\/v2\/users\/3"}],"replies":[{"embeddable":true,"href":"https:\/\/yourciv.com\/fr\/wp-json\/wp\/v2\/comments?post=3124"}],"version-history":[{"count":0,"href":"https:\/\/yourciv.com\/fr\/wp-json\/wp\/v2\/pages\/3124\/revisions"}],"wp:attachment":[{"href":"https:\/\/yourciv.com\/fr\/wp-json\/wp\/v2\/media?parent=3124"}],"curies":[{"name":"wp","href":"https:\/\/api.w.org\/{rel}","templated":true}]}}