{"id":3118,"date":"2018-04-24T22:14:33","date_gmt":"2018-04-24T19:14:33","guid":{"rendered":"http:\/\/ru.yourciv.com\/?page_id=1357"},"modified":"2022-11-22T20:57:52","modified_gmt":"2022-11-22T17:57:52","slug":"about","status":"publish","type":"page","link":"https:\/\/yourciv.com\/fr\/about\/","title":{"rendered":"\u00c0 propos du projet"},"content":{"rendered":"\r\n<figure class=\"wp-block-image\"><img loading=\"lazy\" decoding=\"async\" width=\"1024\" height=\"214\" class=\"wp-image-6661\" src=\"https:\/\/yourciv.com\/wp-content\/uploads\/2019\/02\/About-project_en-1024x214.jpg\" alt=\"\" srcset=\"https:\/\/yourciv.com\/wp-content\/uploads\/2019\/02\/About-project_en-1024x214.jpg 1024w, https:\/\/yourciv.com\/wp-content\/uploads\/2019\/02\/About-project_en-300x63.jpg 300w, https:\/\/yourciv.com\/wp-content\/uploads\/2019\/02\/About-project_en-768x161.jpg 768w\" sizes=\"(max-width: 1024px) 100vw, 1024px\" \/><\/figure>\r\n\r\n\r\n\r\n<h4 class=\"wp-block-heading\"><strong>Equipe de projet<\/strong><\/h4>\r\n\r\n\r\n\r\n<p>Votre civilisation &#8211; un jeu en ligne strat\u00e9gique, cr\u00e9\u00e9 et soutenu par l&#8217;\u00e9quipe du projet, mais l\u00e9galement, nous sommes appel\u00e9s \u201cYour Civilization KZ\u201d LLP (BIN 221040038956).<\/p>\r\n\r\n\r\n\r\n<p>\u00c9crivez-nous:<\/p>\r\n\r\n\r\n\r\n<ul>\r\n<li>Questions g\u00e9n\u00e9rales info@yourciv.com<\/li>\r\n<li>Support technique support@yourciv.com<\/li>\r\n<li>Pour les investisseurs invest@yourciv.com<\/li>\r\n<\/ul>\r\n\r\n\r\n\r\n<h4 class=\"wp-block-heading\"><br \/><strong>Contrat d&#8217;utilisateur<\/strong><\/h4>\r\n\r\n\r\n\r\n<p>Habituellement, dans ce texte, l&#8217;administration du projet d\u00e9crit de nombreuses fa\u00e7ons que tout ce qu&#8217;il fait est correct, et que cela ne se produit pas, il (administration) n&#8217;est pas \u00e0 bl\u00e2mer. Nous avons \u00e9crit sur la m\u00eame chose. Mais on n&#8217;a<a href=\"\/rules\"> que 10 points<\/a>.<\/p>\r\n\r\n\r\n\r\n<h4 class=\"wp-block-heading\">P<strong>olitique de confidentialit\u00e9<\/strong><\/h4>\r\n\r\n\r\n\r\n<p>Probablement le texte le plus inutile sur le site. Cependant, un hommage \u00e0 la mode et les exigences de la l\u00e9gislation force \u00e0 d\u00e9clarer une telle politique. <a href=\"\/privacy-policy\">La voil\u00e0<\/a>.<\/p>\r\n\r\n\r\n\r\n<p>Nous \u00e9conomiserons 15 minutes de votre vie et nous vous raconteront bri\u00e8vement le langage humain, \u00e0 seulement trois points:<\/p>\r\n\r\n\r\n\r\n<ol>\r\n<li>Lors de l&#8217;inscription et Pendant le jeu, nous allons apprendre sur vous un certain nombre de donn\u00e9es personnelles. Quel est votre courrier, et toujours (\u00e9ventuellement) nom, compte dans les r\u00e9seaux sociaux, t\u00e9l\u00e9phone, etc. Nous nous engageons \u00e0 ne pas divulguer.<\/li>\r\n<li>Nous utiliserons ces donn\u00e9es pour vous envoyer (et vos connaissances) des informations sur nos projets.<\/li>\r\n<li>Les donn\u00e9es impersonnelles peuvent \u00eatre utilis\u00e9es pour la recherche. Cette phrase neutre masque la capacit\u00e9 de charger des tableaux d&#8217;adresses e-mail dans un syst\u00e8me publicitaire (par exemple, Google) pour construire un portrait de l&#8217;auditoire et de la publicit\u00e9 du jeu. La m\u00e9thode est assez fiable, et Google sur vous et donc tout le monde sait.<\/li>\r\n<\/ol>\r\n","protected":false},"excerpt":{"rendered":"<p>Equipe de projet Votre civilisation &#8211; un jeu en ligne strat\u00e9gique, cr\u00e9\u00e9 et soutenu par l&#8217;\u00e9quipe du projet, mais l\u00e9galement, nous sommes appel\u00e9s \u201cYour Civilization KZ\u201d LLP (BIN 221040038956). \u00c9crivez-nous: Questions g\u00e9n\u00e9rales info@yourciv.com Support technique support@yourciv.com Pour les investisseurs invest@yourciv.com&hellip; <\/p>\n","protected":false},"author":3,"featured_media":0,"parent":0,"menu_order":0,"comment_status":"closed","ping_status":"closed","template":"","meta":{"footnotes":""},"_links":{"self":[{"href":"https:\/\/yourciv.com\/fr\/wp-json\/wp\/v2\/pages\/3118"}],"collection":[{"href":"https:\/\/yourciv.com\/fr\/wp-json\/wp\/v2\/pages"}],"about":[{"href":"https:\/\/yourciv.com\/fr\/wp-json\/wp\/v2\/types\/page"}],"author":[{"embeddable":true,"href":"https:\/\/yourciv.com\/fr\/wp-json\/wp\/v2\/users\/3"}],"replies":[{"embeddable":true,"href":"https:\/\/yourciv.com\/fr\/wp-json\/wp\/v2\/comments?post=3118"}],"version-history":[{"count":0,"href":"https:\/\/yourciv.com\/fr\/wp-json\/wp\/v2\/pages\/3118\/revisions"}],"wp:attachment":[{"href":"https:\/\/yourciv.com\/fr\/wp-json\/wp\/v2\/media?parent=3118"}],"curies":[{"name":"wp","href":"https:\/\/api.w.org\/{rel}","templated":true}]}}