{"id":3108,"date":"2019-02-03T20:27:17","date_gmt":"2019-02-03T17:27:17","guid":{"rendered":"https:\/\/yourciv.com\/?page_id=2388"},"modified":"2024-01-14T21:12:17","modified_gmt":"2024-01-14T18:12:17","slug":"start","status":"publish","type":"page","link":"https:\/\/yourciv.com\/fr\/start\/","title":{"rendered":""},"content":{"rendered":"\r\n<figure class=\"wp-block-image\"><img loading=\"lazy\" decoding=\"async\" width=\"836\" height=\"176\" class=\"wp-image-6625\" src=\"https:\/\/yourciv.com\/wp-content\/uploads\/2019\/02\/logo.jpg\" alt=\"\" srcset=\"https:\/\/yourciv.com\/wp-content\/uploads\/2019\/02\/logo.jpg 836w, https:\/\/yourciv.com\/wp-content\/uploads\/2019\/02\/logo-300x63.jpg 300w, https:\/\/yourciv.com\/wp-content\/uploads\/2019\/02\/logo-768x162.jpg 768w\" sizes=\"(max-width: 836px) 100vw, 836px\" \/><\/figure>\r\n\r\n\r\n\r\n<div class=\"wp-block-spacer\" style=\"height: 40px;\" aria-hidden=\"true\">\u00a0<\/div>\r\n\r\n\r\n\r\n<h4 class=\"wp-block-heading\"><strong>Client Windows<\/strong><\/h4>\r\n\r\n\r\n\r\n<div class=\"wp-block-image\">\r\n<figure class=\"aligncenter size-full is-resized\">\r\n<a id=\"downloadButtond\">\r\n<img loading=\"lazy\" decoding=\"async\" class=\"aligncenter wp-image-4973\" src=\"https:\/\/yourciv.com\/wp-content\/uploads\/2020\/11\/Download2-e1605111893692.png\" alt=\"\" width=\"450\" height=\"81\" \/><\/a>\r\n<\/figure>\r\n<\/div>\r\n<p>\r\n\r\n<\/p>\r\n\r\n\r\n\r\n\r\n\r\n<div class=\"wp-block-spacer\" style=\"height: 40px;\" aria-hidden=\"true\">Le t\u00e9l\u00e9chargement du fichier va se lancer dans 5-10 secondes. Recherchez le fichier YourCivSetup.exe dans le coin sup\u00e9rieur droit (ou en bas) du navigateur.<\/div>\r\n<div aria-hidden=\"true\">\u00a0<\/div>\r\n\r\n\r\n\r\n<h4 class=\"wp-block-heading\"><strong>Client pour Android<\/strong><\/h4>\r\n\r\n\r\n\r\n<figure class=\"wp-block-image size-large\"><a href=\"https:\/\/play.google.com\/store\/apps\/details?id=com.YourCiv.YourCiv\" target=\"_blank\" rel=\"noopener noreferrer\"><img loading=\"lazy\" decoding=\"async\" class=\"aligncenter wp-image-6919\" src=\"https:\/\/yourciv.com\/wp-content\/uploads\/2020\/03\/google-play-badge.png\" alt=\"\" width=\"450\" height=\"174\" srcset=\"https:\/\/yourciv.com\/wp-content\/uploads\/2020\/03\/google-play-badge.png 646w, https:\/\/yourciv.com\/wp-content\/uploads\/2020\/03\/google-play-badge-300x116.png 300w\" sizes=\"(max-width: 450px) 100vw, 450px\" \/><\/a><\/figure>\r\n\r\n\r\n\r\n<div class=\"wp-block-spacer\" style=\"height: 40px;\" aria-hidden=\"true\">\u00a0<\/div>\r\n\r\n\r\n\r\n\r\n\r\n<h2 class=\"wp-block-heading\"><strong>Une strat\u00e9gie en ligne historique dans le style de la civilisation de Sid Meier<\/strong><\/h2>\r\n\r\n\r\n\r\n<p>Commencez \u00e0 gouverner un petit peuple vivant \u00e0 l&#8217;\u00e2ge de pierre. \u00c9tudiez la science, les villes de base, d\u00e9veloppez l&#8217;industrie. Devant l&#8217;antiquit\u00e9, le moyen \u00e2ge, la Renaissance, le nouveau temps et, enfin, la modernit\u00e9.\u00a0C&#8217;est une strat\u00e9gie historique.<\/p>\r\n\r\n\r\n\r\n<p>Jouer en compagnie d&#8217;amis, s&#8217;unir dans de grands pays. L&#8217;\u00c9tat qui sera le premier \u00e0 construire et \u00e0 lancer un vaisseau spatial gagne. C&#8217;est un jeu d&#8217;\u00e9quipe.<\/p>\r\n\r\n\r\n\r\n\r\n\r\n<h4 class=\"wp-block-heading\"><strong>Lancez le vaisseau spatial!<\/strong><\/h4>\r\n\r\n\r\n\r\n<p>Votre civilisation est un jeu o\u00f9 vous devez g\u00e9rer une \u00e9quipe, r\u00e9fl\u00e9chir beaucoup et prendre des d\u00e9cisions difficiles.<\/p>\r\n\r\n\r\n\r\n<ul>\r\n<li>5 continents, 4 races, des dizaines de Nations et de peuples;<\/li>\r\n<li>6 \u00e9poques historiques, 150 d\u00e9couvertes scientifiques;<\/li>\r\n<li>6 zones climatiques, 9 types de relief, 49 d\u00e9p\u00f4ts;<\/li>\r\n<li>Jusqu&#8217;\u00e0 121 joueur dans l&#8217;\u00c9tat, jusqu&#8217;\u00e0 10 villes, 115 b\u00e2timents, 20 ressources;<\/li>\r\n<li>Batailles terrestres, maritimes et a\u00e9riennes;<\/li>\r\n<li>93 le type de troupes, des sauvages aux chars et aux bombes atomiques!<\/li>\r\n<\/ul>\r\n\r\n\r\n\r\n<p>C&#8217;est un jeu astucieux pour les vrais strat\u00e8ges.<\/p>\r\n\r\n\r\n\r\n<figure class=\"wp-block-image\"><img loading=\"lazy\" decoding=\"async\" class=\"alignnone wp-image-12915 size-full\" src=\"https:\/\/yourciv.com\/wp-content\/uploads\/2019\/02\/roket.webp\" alt=\"\" width=\"1000\" height=\"600\" srcset=\"https:\/\/yourciv.com\/wp-content\/uploads\/2019\/02\/roket.webp 1000w, https:\/\/yourciv.com\/wp-content\/uploads\/2019\/02\/roket-300x180.webp 300w, https:\/\/yourciv.com\/wp-content\/uploads\/2019\/02\/roket-768x461.webp 768w\" sizes=\"(max-width: 1000px) 100vw, 1000px\" \/><\/figure>\r\n","protected":false},"excerpt":{"rendered":"<p>\u00a0 Client Windows Client pour Android Une strat\u00e9gie en ligne historique dans le style de la civilisation de Sid Meier Commencez \u00e0 gouverner un petit peuple vivant \u00e0 l&#8217;\u00e2ge de pierre. \u00c9tudiez la science, les villes de base, d\u00e9veloppez l&#8217;industrie.&hellip; <\/p>\n","protected":false},"author":3,"featured_media":0,"parent":0,"menu_order":0,"comment_status":"closed","ping_status":"closed","template":"","meta":{"footnotes":""},"_links":{"self":[{"href":"https:\/\/yourciv.com\/fr\/wp-json\/wp\/v2\/pages\/3108"}],"collection":[{"href":"https:\/\/yourciv.com\/fr\/wp-json\/wp\/v2\/pages"}],"about":[{"href":"https:\/\/yourciv.com\/fr\/wp-json\/wp\/v2\/types\/page"}],"author":[{"embeddable":true,"href":"https:\/\/yourciv.com\/fr\/wp-json\/wp\/v2\/users\/3"}],"replies":[{"embeddable":true,"href":"https:\/\/yourciv.com\/fr\/wp-json\/wp\/v2\/comments?post=3108"}],"version-history":[{"count":0,"href":"https:\/\/yourciv.com\/fr\/wp-json\/wp\/v2\/pages\/3108\/revisions"}],"wp:attachment":[{"href":"https:\/\/yourciv.com\/fr\/wp-json\/wp\/v2\/media?parent=3108"}],"curies":[{"name":"wp","href":"https:\/\/api.w.org\/{rel}","templated":true}]}}