{"id":3006,"date":"2019-02-03T21:32:17","date_gmt":"2019-02-03T18:32:17","guid":{"rendered":"https:\/\/yourciv.com\/?page_id=2404"},"modified":"2021-12-11T20:34:28","modified_gmt":"2021-12-11T17:34:28","slug":"main","status":"publish","type":"page","link":"https:\/\/yourciv.com\/fr\/","title":{"rendered":"Ta civilisation, strat\u00e9gie d&#8217;\u00e9quipe"},"content":{"rendered":"\r\n<div class=\"alignnormal\"><div id=\"metaslider-id-1648\" style=\"max-width: 700px; margin: 0 auto;\" class=\"ml-slider-3-62-0 metaslider metaslider-nivo metaslider-1648 ml-slider ms-theme-default\" role=\"region\" aria-roledescription=\"Slideshow\" aria-label=\"Main Slideshow\">\n    <div id=\"metaslider_container_1648\">\n        <div class='slider-wrapper theme-default'><div class='ribbon'><\/div><div id='metaslider_1648' class='nivoSlider'><img loading=\"lazy\" decoding=\"async\" src=\"https:\/\/yourciv.com\/wp-content\/uploads\/2019\/02\/banner_960_640_en_2-700x400.webp\" height=\"400\" width=\"700\" title=\"banner_960_640_en_2\" alt=\"\" class=\"slider-1648 slide-1649\" \/><img loading=\"lazy\" decoding=\"async\" src=\"https:\/\/yourciv.com\/wp-content\/uploads\/2017\/12\/2017-12-26_21-27-49-700x400.webp\" height=\"400\" width=\"700\" title=\"2017-12-26_21-27-49\" alt=\"\" class=\"slider-1648 slide-1650\" \/><img loading=\"lazy\" decoding=\"async\" src=\"https:\/\/yourciv.com\/wp-content\/uploads\/2017\/07\/sity-700x400.jpg\" height=\"400\" width=\"700\" title=\"\u041e\u0431\u0437\u043e\u0440 \u0433\u043e\u0440\u043e\u0434\u0430\" alt=\"\" class=\"slider-1648 slide-1651\" \/><img loading=\"lazy\" decoding=\"async\" src=\"https:\/\/yourciv.com\/wp-content\/uploads\/2017\/12\/2017-12-26_20-50-29-700x400.png\" height=\"400\" width=\"700\" title=\"2017-12-26_20-50-29\" alt=\"\" class=\"slider-1648 slide-1653\" \/><img loading=\"lazy\" decoding=\"async\" src=\"https:\/\/yourciv.com\/wp-content\/uploads\/2018\/01\/mestorozhdenie-700x400.jpg\" height=\"400\" width=\"700\" title=\"\u043c\u0435\u0441\u0442\u043e\u0440\u043e\u0436\u0434\u0435\u043d\u0438\u0435\" alt=\"\" class=\"slider-1648 slide-1654\" \/><img loading=\"lazy\" decoding=\"async\" src=\"https:\/\/yourciv.com\/wp-content\/uploads\/2018\/09\/2018_banner_Grass-700x400.webp\" height=\"400\" width=\"700\" title=\"2018_banner_Grass\" alt=\"\" class=\"slider-1648 slide-1655\" \/><img loading=\"lazy\" decoding=\"async\" src=\"https:\/\/yourciv.com\/wp-content\/uploads\/2017\/03\/Dvorets_2-370x211.jpg\" height=\"400\" width=\"700\" title=\"\u0414\u0432\u043e\u0440\u0435\u0446_2\" alt=\"\" class=\"slider-1648 slide-1656\" \/><img loading=\"lazy\" decoding=\"async\" src=\"https:\/\/yourciv.com\/wp-content\/uploads\/2017\/02\/2017-02-05_18-00-09-700x400.webp\" height=\"400\" width=\"700\" title=\"2017-02-05_18-00-09\" alt=\"\" class=\"slider-1648 slide-1657\" \/><\/div><\/div>\n        \n    <\/div>\n<\/div><\/div>\r\n\r\n\r\n\r\n<h2 class=\"wp-block-heading\" style=\"text-align: center;\">Strat\u00e9gie en ligne historique bas\u00e9e sur Civilization<\/h2>\r\n\r\n\r\n\r\n<p><strong>Commencez \u00e0 gouverner<\/strong> un petit peuple vivant \u00e0 l&#8217;\u00e2ge de pierre. \u00c9tudiez la science, les villes de base, d\u00e9veloppez l&#8217;industrie. Fournir aux gens des ressources pour accro\u00eetre la culture, l&#8217;influence et le bonheur. Devant l&#8217;antiquit\u00e9, le moyen \u00e2ge, la Renaissance, le nouveau temps et, enfin, la modernit\u00e9! C&#8217;est ta civilisation!<\/p>\r\n\r\n\r\n\r\n<div class=\"wp-block-image\">\r\n<figure class=\"aligncenter\"><img loading=\"lazy\" decoding=\"async\" width=\"800\" height=\"175\" class=\"wp-image-5263\" src=\"https:\/\/yourciv.com\/wp-content\/uploads\/2016\/07\/diplomacy-1.png\" alt=\"\" srcset=\"https:\/\/yourciv.com\/wp-content\/uploads\/2016\/07\/diplomacy-1.png 800w, https:\/\/yourciv.com\/wp-content\/uploads\/2016\/07\/diplomacy-1-600x131.png 600w, https:\/\/yourciv.com\/wp-content\/uploads\/2016\/07\/diplomacy-1-300x66.png 300w, https:\/\/yourciv.com\/wp-content\/uploads\/2016\/07\/diplomacy-1-768x168.png 768w\" sizes=\"(max-width: 800px) 100vw, 800px\" \/><\/figure>\r\n<\/div>\r\n\r\n\r\n\r\n<h2 class=\"wp-block-heading\" style=\"text-align: center;\">Jeu coop\u00e9ratif pour atteindre un objectif d&#8217;\u00e9quipe<\/h2>\r\n\r\n\r\n\r\n<p><strong>Jouer en compagnie<\/strong> d&#8217;amis, s&#8217;unir dans de grands pays-gagne l&#8217;\u00c9tat, pas un seul joueur. Choisissez le r\u00f4le le plus confortable pour un jeu personnel dans l&#8217;\u00e9quipe: le leader, g\u00e9n\u00e9ral, industrialiste, scientifique, commer\u00e7ant, diplomate, espion ou tout simplement l&#8217;\u00e2me de la soci\u00e9t\u00e9!<\/p>\r\n\r\n\r\n\r\n<div class=\"wp-block-image\">\r\n<figure class=\"aligncenter\"><img loading=\"lazy\" decoding=\"async\" width=\"800\" height=\"175\" class=\"wp-image-5269\" src=\"https:\/\/yourciv.com\/wp-content\/uploads\/2016\/07\/team-1.png\" alt=\"\" srcset=\"https:\/\/yourciv.com\/wp-content\/uploads\/2016\/07\/team-1.png 800w, https:\/\/yourciv.com\/wp-content\/uploads\/2016\/07\/team-1-600x131.png 600w, https:\/\/yourciv.com\/wp-content\/uploads\/2016\/07\/team-1-300x66.png 300w, https:\/\/yourciv.com\/wp-content\/uploads\/2016\/07\/team-1-768x168.png 768w\" sizes=\"(max-width: 800px) 100vw, 800px\" \/><\/figure>\r\n<\/div>\r\n\r\n\r\n\r\n<h2 class=\"wp-block-heading\" style=\"text-align: center;\">Guerre ou diplomatie? Honneur ou tromperie?<\/h2>\r\n\r\n\r\n\r\n<p><strong>Tous les \u00c9tats<\/strong> sont des adversaires naturels, car la victoire sera n\u00e9cessaire pour se battre, pour conclure des alliances temporaires, pour mener des n\u00e9gociations en coulisses. Souvent, la diplomatie construite de mani\u00e8re comp\u00e9tente, la pr\u00e9sence d&#8217;alli\u00e9s sur diff\u00e9rents continents peut \u00eatre un facteur d\u00e9cisif de la victoire.<\/p>\r\n\r\n\r\n\r\n<div class=\"wp-block-image\">\r\n<figure class=\"aligncenter\"><img loading=\"lazy\" decoding=\"async\" width=\"800\" height=\"175\" class=\"wp-image-5281\" src=\"https:\/\/yourciv.com\/wp-content\/uploads\/2016\/07\/trade-2.png\" alt=\"\" srcset=\"https:\/\/yourciv.com\/wp-content\/uploads\/2016\/07\/trade-2.png 800w, https:\/\/yourciv.com\/wp-content\/uploads\/2016\/07\/trade-2-600x131.png 600w, https:\/\/yourciv.com\/wp-content\/uploads\/2016\/07\/trade-2-300x66.png 300w, https:\/\/yourciv.com\/wp-content\/uploads\/2016\/07\/trade-2-768x168.png 768w\" sizes=\"(max-width: 800px) 100vw, 800px\" \/><\/figure>\r\n<\/div>\r\n\r\n\r\n\r\n<h2 class=\"wp-block-heading\" style=\"text-align: center;\">Lancez le vaisseau spatial en premier!<\/h2>\r\n\r\n\r\n\r\n<p><strong>L&#8217;\u00c9tat qui sera<\/strong> le premier \u00e0 construire et \u00e0 lancer un vaisseau spatial gagne. Vous devez rapidement apprendre la science, gagner la guerre contre le monde. Cependant! Peut g\u00e9rer?<\/p>\r\n\r\n\r\n\r\n<div class=\"wp-block-image\">\r\n<figure class=\"aligncenter\"><img loading=\"lazy\" decoding=\"async\" width=\"800\" height=\"175\" class=\"wp-image-5275\" src=\"https:\/\/yourciv.com\/wp-content\/uploads\/2016\/07\/time-1.png\" alt=\"\" srcset=\"https:\/\/yourciv.com\/wp-content\/uploads\/2016\/07\/time-1.png 800w, https:\/\/yourciv.com\/wp-content\/uploads\/2016\/07\/time-1-600x131.png 600w, https:\/\/yourciv.com\/wp-content\/uploads\/2016\/07\/time-1-300x66.png 300w, https:\/\/yourciv.com\/wp-content\/uploads\/2016\/07\/time-1-768x168.png 768w\" sizes=\"(max-width: 800px) 100vw, 800px\" \/><\/figure>\r\n<\/div>\r\n\r\n\r\n\r\n<h2 class=\"wp-block-heading\" style=\"text-align: center;\">Jeu intelligent pour les personnes intelligentes<\/h2>\r\n\r\n\r\n\r\n<p><strong>Ta civilisation<\/strong> est un jeu historique o\u00f9 vous devez g\u00e9rer l&#8217;\u00e9quipe, construire l&#8217;industrie optimale, allouer des ressources, fournir des scientifiques et des militaires et penser beaucoup. C&#8217;est un test d&#8217;intelligence, un test d&#8217;amiti\u00e9 et la capacit\u00e9 de vaincre l&#8217;\u00e9quipe.\u00a0Int\u00e9ressant? <a href=\"https:\/\/yourciv.com\/fr\/download\/\">Rejoindre<\/a>!<\/p>\r\n","protected":false},"excerpt":{"rendered":"<p>Strat\u00e9gie en ligne historique bas\u00e9e sur Civilization Commencez \u00e0 gouverner un petit peuple vivant \u00e0 l&#8217;\u00e2ge de pierre. \u00c9tudiez la science, les villes de base, d\u00e9veloppez l&#8217;industrie. Fournir aux gens des ressources pour accro\u00eetre la culture, l&#8217;influence et le bonheur.&hellip; <\/p>\n","protected":false},"author":3,"featured_media":0,"parent":0,"menu_order":0,"comment_status":"closed","ping_status":"closed","template":"","meta":{"footnotes":""},"_links":{"self":[{"href":"https:\/\/yourciv.com\/fr\/wp-json\/wp\/v2\/pages\/3006"}],"collection":[{"href":"https:\/\/yourciv.com\/fr\/wp-json\/wp\/v2\/pages"}],"about":[{"href":"https:\/\/yourciv.com\/fr\/wp-json\/wp\/v2\/types\/page"}],"author":[{"embeddable":true,"href":"https:\/\/yourciv.com\/fr\/wp-json\/wp\/v2\/users\/3"}],"replies":[{"embeddable":true,"href":"https:\/\/yourciv.com\/fr\/wp-json\/wp\/v2\/comments?post=3006"}],"version-history":[{"count":0,"href":"https:\/\/yourciv.com\/fr\/wp-json\/wp\/v2\/pages\/3006\/revisions"}],"wp:attachment":[{"href":"https:\/\/yourciv.com\/fr\/wp-json\/wp\/v2\/media?parent=3006"}],"curies":[{"name":"wp","href":"https:\/\/api.w.org\/{rel}","templated":true}]}}