{"id":4216,"date":"2019-04-08T23:59:11","date_gmt":"2019-04-08T20:59:11","guid":{"rendered":"https:\/\/yourciv.com\/?page_id=4207"},"modified":"2021-12-06T23:40:49","modified_gmt":"2021-12-06T20:40:49","slug":"rules","status":"publish","type":"page","link":"https:\/\/yourciv.com\/es\/rules\/","title":{"rendered":"Acuerdo de usuario"},"content":{"rendered":"\r\n<figure class=\"wp-block-image\"><img loading=\"lazy\" decoding=\"async\" width=\"1024\" height=\"214\" class=\"wp-image-6690\" src=\"https:\/\/yourciv.com\/wp-content\/uploads\/2019\/02\/Rules_en-1024x214.jpg\" alt=\"\" srcset=\"https:\/\/yourciv.com\/wp-content\/uploads\/2019\/02\/Rules_en-1024x214.jpg 1024w, https:\/\/yourciv.com\/wp-content\/uploads\/2019\/02\/Rules_en-300x63.jpg 300w, https:\/\/yourciv.com\/wp-content\/uploads\/2019\/02\/Rules_en-768x161.jpg 768w\" sizes=\"(max-width: 1024px) 100vw, 1024px\" \/><\/figure>\r\n\r\n\r\n\r\n<h4 class=\"wp-block-heading\">1. Acerca del lenguaje<\/h4>\r\n\r\n\r\n\r\n<p>Est\u00e1 prohibido utilizar palabras y expresiones obscenas como nombres de pa\u00edses, dinast\u00edas, ciudades, as\u00ed como en la comunicaci\u00f3n personal y en otros casos. Cualquier palabra o frase que tenga un significado ofensivo ser\u00e1 considerada obscena. A la hora de decidirlo, la administraci\u00f3n har\u00e1 uso de un entendimiento personal del problema.<\/p>\r\n\r\n\r\n\r\n<h4 class=\"wp-block-heading\">2. Sobre el spam<\/h4>\r\n\r\n\r\n\r\n<p>Est\u00e1 prohibido publicar publicidad en cualquier lugar y por alguna raz\u00f3n, si esto no est\u00e1 directamente relacionado con el juego. Esto incluye la publicidad de bienes y servicios, eventos, as\u00ed como la promoci\u00f3n de acciones pol\u00edticas, religiosas, de comportamiento y similares, ideolog\u00edas o visiones del mundo.<\/p>\r\n\r\n\r\n\r\n<h4 class=\"wp-block-heading\">3. Acerca de las cuentas m\u00faltiples<\/h4>\r\n\r\n\r\n\r\n<p>Las cuentas m\u00faltiples est\u00e1n completamente prohibidas. (Las cuentas m\u00faltiples son aquellas creadas por un mismo jugador para darse ventaja frente a otros jugadores)<\/p>\r\n\r\n\r\n\r\n<h4 class=\"wp-block-heading\">4. Sobre los bots<\/h4>\r\n\r\n\r\n\r\n<p>Cualquier software que realice acciones del juego o recopile datos de forma autom\u00e1tica ser\u00e1 reconocido como un bot. Los bots est\u00e1n prohibidos.<\/p>\r\n\r\n\r\n\r\n<h4 class=\"wp-block-heading\">5. Acerca de los errores<\/h4>\r\n\r\n\r\n\r\n<p>Si encuentras errores o vulnerabilidades en el juego, debes informar inmediatamente a la administraci\u00f3n por correo electr\u00f3nico a support@yourciv.com. Ocultar los errores y vulnerabilidades del juego ser\u00e1 castigado.<\/p>\r\n\r\n\r\n\r\n<h4 class=\"wp-block-heading\">6. Compra de derechos no exclusivos.<\/h4>\r\n\r\n\r\n\r\n<p>La compra de Buena Suerte, en la forma prescrita por la administraci\u00f3n, es la compra de derechos no exclusivos. La transacci\u00f3n se completa en el momento de la compra. Una vez comprada, puedes usar la Buena Suerte o no usarla, sin embargo, este derecho ya te pertenece y no puede ser devuelto por dinero.<\/p>\r\n\r\n\r\n\r\n<h4 class=\"wp-block-heading\">7. Otros<\/h4>\r\n\r\n\r\n\r\n<ul>\r\n<li>Est\u00e1 prohibida la violaci\u00f3n de cualquier legislaci\u00f3n;<\/li>\r\n<li>Est\u00e1 prohibido usar el juego para personas menores de 13 a\u00f1os que no cuentan con el consentimiento de sus representantes legales, personas que tienen contraindicaciones m\u00e9dicas u otras;<\/li>\r\n<li>Se proh\u00edbe cualquier extracci\u00f3n de cualquier beneficio material mediante el juego;<\/li>\r\n<li>El propietario de la cuenta debe ser el propietario de la direcci\u00f3n de correo electr\u00f3nico especificada durante el registro;<\/li>\r\n<li>La administraci\u00f3n no es responsable de las acciones de terceros, como proveedores de comunicaciones, hardware, fabricantes de software, empresas de servicios u otras personas;<\/li>\r\n<li>Ante cualquier violaci\u00f3n de este Acuerdo, la administraci\u00f3n tiene el derecho de imponer sanciones, que incluyen (entre otras) las siguientes: bloqueo de la cuenta, cambio temporal o permanente de ciertos par\u00e1metros de la cuenta;<\/li>\r\n<li>La administraci\u00f3n puede realizar cambios y adiciones a este Acuerdo sin previo aviso.<\/li>\r\n<\/ul>\r\n\r\n\r\n\r\n<h4 class=\"wp-block-heading\">8. Renuncia de garant\u00edas<\/h4>\r\n\r\n\r\n\r\n<p>El servicio en la forma del juego se proporciona &#8220;tal cual&#8221; y &#8220;seg\u00fan est\u00e9 disponible&#8221;. No garantizamos la continuidad, la precisi\u00f3n, o que los errores sean corregidos. Aceptas que tu acceso al juego y su uso es bajo tu propio riesgo.<\/p>\r\n","protected":false},"excerpt":{"rendered":"<p>1. Acerca del lenguaje Est\u00e1 prohibido utilizar palabras y expresiones obscenas como nombres de pa\u00edses, dinast\u00edas, ciudades, as\u00ed como en la comunicaci\u00f3n personal y en otros casos. Cualquier palabra o frase que tenga un significado ofensivo ser\u00e1 considerada obscena. A&hellip; <\/p>\n","protected":false},"author":3,"featured_media":0,"parent":0,"menu_order":0,"comment_status":"closed","ping_status":"closed","template":"","meta":{"footnotes":""},"_links":{"self":[{"href":"https:\/\/yourciv.com\/es\/wp-json\/wp\/v2\/pages\/4216"}],"collection":[{"href":"https:\/\/yourciv.com\/es\/wp-json\/wp\/v2\/pages"}],"about":[{"href":"https:\/\/yourciv.com\/es\/wp-json\/wp\/v2\/types\/page"}],"author":[{"embeddable":true,"href":"https:\/\/yourciv.com\/es\/wp-json\/wp\/v2\/users\/3"}],"replies":[{"embeddable":true,"href":"https:\/\/yourciv.com\/es\/wp-json\/wp\/v2\/comments?post=4216"}],"version-history":[{"count":0,"href":"https:\/\/yourciv.com\/es\/wp-json\/wp\/v2\/pages\/4216\/revisions"}],"wp:attachment":[{"href":"https:\/\/yourciv.com\/es\/wp-json\/wp\/v2\/media?parent=4216"}],"curies":[{"name":"wp","href":"https:\/\/api.w.org\/{rel}","templated":true}]}}