{"id":2529,"date":"2019-02-03T20:27:17","date_gmt":"2019-02-03T17:27:17","guid":{"rendered":"https:\/\/yourciv.com\/?page_id=2388"},"modified":"2024-01-14T21:26:26","modified_gmt":"2024-01-14T18:26:26","slug":"start","status":"publish","type":"page","link":"https:\/\/yourciv.com\/es\/start\/","title":{"rendered":""},"content":{"rendered":"\r\n<figure class=\"wp-block-image\"><img loading=\"lazy\" decoding=\"async\" width=\"836\" height=\"176\" class=\"wp-image-6630\" src=\"https:\/\/yourciv.com\/wp-content\/uploads\/2019\/02\/logo.jpg\" alt=\"\" srcset=\"https:\/\/yourciv.com\/wp-content\/uploads\/2019\/02\/logo.jpg 836w, https:\/\/yourciv.com\/wp-content\/uploads\/2019\/02\/logo-300x63.jpg 300w, https:\/\/yourciv.com\/wp-content\/uploads\/2019\/02\/logo-768x162.jpg 768w\" sizes=\"(max-width: 836px) 100vw, 836px\" \/><\/figure>\r\n\r\n\r\n\r\n<div class=\"wp-block-spacer\" style=\"height: 40px;\" aria-hidden=\"true\">\u00a0<\/div>\r\n\r\n\r\n\r\n<h4 class=\"wp-block-heading\"><strong>Cliente de Windows<\/strong><\/h4>\r\n\r\n\r\n\r\n<div class=\"wp-block-image\">\r\n<figure class=\"aligncenter size-full is-resized\">\r\n<a id=\"downloadButtond\">\r\n<img loading=\"lazy\" decoding=\"async\" class=\"aligncenter wp-image-4973\" src=\"https:\/\/yourciv.com\/wp-content\/uploads\/2020\/11\/Download2-e1605111893692.png\" alt=\"\" width=\"450\" height=\"81\" \/><\/a>\r\n<\/figure>\r\n<\/div>\r\n<p>\r\n\r\n<\/p>\r\n\r\n\r\n\r\n\r\n\r\n<p>La descarga del archivo comenzar\u00e1 en 5-10 segundos. Busca el archivo YourCivSetup.exe en la esquina superior derecha (o inferior izquierda) del navegador.<\/p>\r\n<p>&nbsp;<\/p>\r\n<h4><strong>Cliente para Android<\/strong><\/h4>\r\n\r\n\r\n\r\n<figure class=\"wp-block-image size-large\"><a href=\"https:\/\/play.google.com\/store\/apps\/details?id=com.YourCiv.YourCiv\" target=\"_blank\" rel=\"noopener noreferrer\"><img loading=\"lazy\" decoding=\"async\" class=\"aligncenter wp-image-6924\" src=\"https:\/\/yourciv.com\/wp-content\/uploads\/2020\/03\/google-play-badge.png\" alt=\"\" width=\"450\" height=\"174\" srcset=\"https:\/\/yourciv.com\/wp-content\/uploads\/2020\/03\/google-play-badge.png 646w, https:\/\/yourciv.com\/wp-content\/uploads\/2020\/03\/google-play-badge-300x116.png 300w\" sizes=\"(max-width: 450px) 100vw, 450px\" \/><\/a><\/figure>\r\n\r\n\r\n\r\n<p>&nbsp;<\/p>\r\n<h4 class=\"wp-block-spacer\" style=\"height: 40px;\" aria-hidden=\"true\"><strong>Una estrategia en l\u00ednea hist\u00f3rica al estilo de Civilization de Sid Meier<\/strong><\/h4>\r\n<p>\r\n\r\n\r\n\r\n\r\n\r\n<\/p>\r\n<p>Empieza gobernando un peque\u00f1o poblado en la edad de piedra. Investiga, crea m\u00e1s ciudades, desarrolla industria. Proporciona a tus ciudadanos recursos para mejorar tu influencia, la felicidad de tus ciudadanos y su cultura. Pasa por diferentes etapas hist\u00f3ricas: la antig\u00fcedad, la edad media, el renacimiento, el nuevo tiempo y, finalmente, \u00a1la modernidad! \u00a1Esta es tu civilizaci\u00f3n!<\/p>\r\n\r\n\r\n\r\n<p>Juega en compa\u00f1\u00eda de tus amigos. Un\u00edos en grandes pa\u00edses. El pa\u00eds que primero construya y lance una nave espacial, gana. Es un juego cooperativo.<\/p>\r\n\r\n\r\n\r\n\r\n\r\n<h4 class=\"wp-block-heading\"><strong>\u00a1Lanza la nave espacial!<\/strong><\/h4>\r\n\r\n\r\n\r\n<p>Tu civilizaci\u00f3n es un juego en el que tienes que gestionar un equipo, pensar mucho y tomar decisiones dif\u00edciles.<\/p>\r\n\r\n\r\n\r\n<ul>\r\n<li>5 continentes, 4 razas, decenas de naciones y pueblos;<\/li>\r\n<li>6 \u00e9pocas hist\u00f3ricas, 150 descubrimientos cient\u00edficos;<\/li>\r\n<li>6 zonas clim\u00e1ticas, 9 tipos de biomas, 49 yacimientos;<\/li>\r\n<li>Hasta 121 jugadores por pa\u00eds, hasta 10 ciudades por jugador, 115 edificios, 20 recursos;<\/li>\r\n<li>Batallas terrestres, mar\u00edtimas y a\u00e9reas;<\/li>\r\n<li>93 tipos de tropas, desde n\u00f3madas a tanques y \u00a1bombas at\u00f3micas!<\/li>\r\n<\/ul>\r\n\r\n\r\n\r\n<p>Este es un juego inteligente para los verdaderos estrategas.<\/p>\r\n\r\n\r\n\r\n<figure class=\"wp-block-image\"><img loading=\"lazy\" decoding=\"async\" class=\"alignnone wp-image-12923 size-full\" src=\"https:\/\/yourciv.com\/wp-content\/uploads\/2019\/02\/roket.webp\" alt=\"\" width=\"1000\" height=\"600\" srcset=\"https:\/\/yourciv.com\/wp-content\/uploads\/2019\/02\/roket.webp 1000w, https:\/\/yourciv.com\/wp-content\/uploads\/2019\/02\/roket-300x180.webp 300w, https:\/\/yourciv.com\/wp-content\/uploads\/2019\/02\/roket-768x461.webp 768w\" sizes=\"(max-width: 1000px) 100vw, 1000px\" \/><\/figure>\r\n","protected":false},"excerpt":{"rendered":"<p>\u00a0 Cliente de Windows Empieza gobernando un peque\u00f1o poblado en la edad de piedra. Investiga, crea m\u00e1s ciudades, desarrolla industria. Proporciona a tus ciudadanos recursos para mejorar tu influencia, la felicidad de tus ciudadanos y su cultura. Pasa por diferentes&hellip; <\/p>\n","protected":false},"author":3,"featured_media":0,"parent":0,"menu_order":0,"comment_status":"closed","ping_status":"closed","template":"","meta":{"footnotes":""},"_links":{"self":[{"href":"https:\/\/yourciv.com\/es\/wp-json\/wp\/v2\/pages\/2529"}],"collection":[{"href":"https:\/\/yourciv.com\/es\/wp-json\/wp\/v2\/pages"}],"about":[{"href":"https:\/\/yourciv.com\/es\/wp-json\/wp\/v2\/types\/page"}],"author":[{"embeddable":true,"href":"https:\/\/yourciv.com\/es\/wp-json\/wp\/v2\/users\/3"}],"replies":[{"embeddable":true,"href":"https:\/\/yourciv.com\/es\/wp-json\/wp\/v2\/comments?post=2529"}],"version-history":[{"count":0,"href":"https:\/\/yourciv.com\/es\/wp-json\/wp\/v2\/pages\/2529\/revisions"}],"wp:attachment":[{"href":"https:\/\/yourciv.com\/es\/wp-json\/wp\/v2\/media?parent=2529"}],"curies":[{"name":"wp","href":"https:\/\/api.w.org\/{rel}","templated":true}]}}