{"id":2527,"date":"2019-02-03T21:32:17","date_gmt":"2019-02-03T18:32:17","guid":{"rendered":"https:\/\/yourciv.com\/?page_id=2404"},"modified":"2021-12-11T20:40:36","modified_gmt":"2021-12-11T17:40:36","slug":"tu-civilizacion-estrategia-en-equipo","status":"publish","type":"page","link":"https:\/\/yourciv.com\/es\/","title":{"rendered":"Tu civilizaci\u00f3n, estrategia en equipo"},"content":{"rendered":"\r\n<div class=\"alignnormal\"><div id=\"metaslider-id-1648\" style=\"max-width: 700px; margin: 0 auto;\" class=\"ml-slider-3-62-0 metaslider metaslider-nivo metaslider-1648 ml-slider ms-theme-default\" role=\"region\" aria-roledescription=\"Slideshow\" aria-label=\"Main Slideshow\">\n    <div id=\"metaslider_container_1648\">\n        <div class='slider-wrapper theme-default'><div class='ribbon'><\/div><div id='metaslider_1648' class='nivoSlider'><img loading=\"lazy\" decoding=\"async\" src=\"https:\/\/yourciv.com\/wp-content\/uploads\/2019\/02\/banner_960_640_en_2-700x400.webp\" height=\"400\" width=\"700\" title=\"banner_960_640_en_2\" alt=\"\" class=\"slider-1648 slide-1649\" \/><img loading=\"lazy\" decoding=\"async\" src=\"https:\/\/yourciv.com\/wp-content\/uploads\/2017\/12\/2017-12-26_21-27-49-700x400.webp\" height=\"400\" width=\"700\" title=\"2017-12-26_21-27-49\" alt=\"\" class=\"slider-1648 slide-1650\" \/><img loading=\"lazy\" decoding=\"async\" src=\"https:\/\/yourciv.com\/wp-content\/uploads\/2017\/07\/sity-700x400.jpg\" height=\"400\" width=\"700\" title=\"\u041e\u0431\u0437\u043e\u0440 \u0433\u043e\u0440\u043e\u0434\u0430\" alt=\"\" class=\"slider-1648 slide-1651\" \/><img loading=\"lazy\" decoding=\"async\" src=\"https:\/\/yourciv.com\/wp-content\/uploads\/2017\/12\/2017-12-26_20-50-29-700x400.png\" height=\"400\" width=\"700\" title=\"2017-12-26_20-50-29\" alt=\"\" class=\"slider-1648 slide-1653\" \/><img loading=\"lazy\" decoding=\"async\" src=\"https:\/\/yourciv.com\/wp-content\/uploads\/2018\/01\/mestorozhdenie-700x400.jpg\" height=\"400\" width=\"700\" title=\"\u043c\u0435\u0441\u0442\u043e\u0440\u043e\u0436\u0434\u0435\u043d\u0438\u0435\" alt=\"\" class=\"slider-1648 slide-1654\" \/><img loading=\"lazy\" decoding=\"async\" src=\"https:\/\/yourciv.com\/wp-content\/uploads\/2018\/09\/2018_banner_Grass-700x400.webp\" height=\"400\" width=\"700\" title=\"2018_banner_Grass\" alt=\"\" class=\"slider-1648 slide-1655\" \/><img loading=\"lazy\" decoding=\"async\" src=\"https:\/\/yourciv.com\/wp-content\/uploads\/2017\/03\/Dvorets_2-370x211.jpg\" height=\"400\" width=\"700\" title=\"\u0414\u0432\u043e\u0440\u0435\u0446_2\" alt=\"\" class=\"slider-1648 slide-1656\" \/><img loading=\"lazy\" decoding=\"async\" src=\"https:\/\/yourciv.com\/wp-content\/uploads\/2017\/02\/2017-02-05_18-00-09-700x400.webp\" height=\"400\" width=\"700\" title=\"2017-02-05_18-00-09\" alt=\"\" class=\"slider-1648 slide-1657\" \/><\/div><\/div>\n        \n    <\/div>\n<\/div><\/div>\r\n\r\n\r\n\r\n<h2 id=\"estrategia-historica-multijugador-basada-en-civilization\" class=\"has-text-align-center wp-block-heading\">Estrategia hist\u00f3rica multijugador basada en Civilization<\/h2>\r\n\r\n\r\n\r\n<p><strong>Empieza gobernando <\/strong>un peque\u00f1o poblado en la edad de piedra. Investiga, crea m\u00e1s ciudades, desarrolla industria. Proporciona a tus ciudadanos recursos para mejorar tu influencia, la felicidad de tus ciudadanos y su cultura. Pasa por diferentes etapas hist\u00f3ricas: la antig\u00fcedad, la edad media, el renacimiento, el nuevo tiempo y, finalmente, \u00a1la modernidad! \u00a1Esta es tu civilizaci\u00f3n!<\/p>\r\n\r\n\r\n\r\n<div class=\"wp-block-image\">\r\n<figure class=\"aligncenter\"><img loading=\"lazy\" decoding=\"async\" width=\"800\" height=\"175\" class=\"wp-image-5268\" src=\"https:\/\/yourciv.com\/wp-content\/uploads\/2016\/07\/diplomacy-1.png\" alt=\"\" srcset=\"https:\/\/yourciv.com\/wp-content\/uploads\/2016\/07\/diplomacy-1.png 800w, https:\/\/yourciv.com\/wp-content\/uploads\/2016\/07\/diplomacy-1-600x131.png 600w, https:\/\/yourciv.com\/wp-content\/uploads\/2016\/07\/diplomacy-1-300x66.png 300w, https:\/\/yourciv.com\/wp-content\/uploads\/2016\/07\/diplomacy-1-768x168.png 768w\" sizes=\"(max-width: 800px) 100vw, 800px\" \/><\/figure>\r\n<\/div>\r\n\r\n\r\n\r\n<h2 id=\"juego-cooperativo-para-lograr-un-objetivo-en-equipo\" class=\"has-text-align-center wp-block-heading\">Juego cooperativo para lograr un objetivo en equipo<\/h2>\r\n\r\n\r\n\r\n<p><strong>Juega en compa\u00f1\u00eda de <\/strong>tus amigos, un\u00edos en diferentes pa\u00edses, aqu\u00ed ganan los estados, no un solo jugador. Elige el rol que m\u00e1s te guste para tu naci\u00f3n: el l\u00edder, el general. el productor, el cient\u00edfico, el comerciante, el diplom\u00e1tico, el esp\u00eda o \u00a1el acoplado del grupo!<\/p>\r\n\r\n\r\n\r\n<div class=\"wp-block-image\">\r\n<figure class=\"aligncenter\"><img loading=\"lazy\" decoding=\"async\" width=\"800\" height=\"175\" class=\"wp-image-5274\" src=\"https:\/\/yourciv.com\/wp-content\/uploads\/2016\/07\/team-1.png\" alt=\"\" srcset=\"https:\/\/yourciv.com\/wp-content\/uploads\/2016\/07\/team-1.png 800w, https:\/\/yourciv.com\/wp-content\/uploads\/2016\/07\/team-1-600x131.png 600w, https:\/\/yourciv.com\/wp-content\/uploads\/2016\/07\/team-1-300x66.png 300w, https:\/\/yourciv.com\/wp-content\/uploads\/2016\/07\/team-1-768x168.png 768w\" sizes=\"(max-width: 800px) 100vw, 800px\" \/><\/figure>\r\n<\/div>\r\n\r\n\r\n\r\n<h2 id=\"guerra-o-diplomacia-honor-o-engano\" class=\"has-text-align-center wp-block-heading\">\u00bfGuerra o diplomacia? \u00bfHonor o enga\u00f1o?<\/h2>\r\n\r\n\r\n\r\n<p><strong>Todos los Estados <\/strong>son enemigos naturales, porque para conseguir la victoria ser\u00e1 necesaria la lucha. Haz alianzas temporales o permanentes, negocia con otros pa\u00edses y at\u00e1calos cuando menos se lo esperen. A menudo, la diplomacia, si es construida competentemente, puede llevar a la presencia de aliados en diferentes continentes y eso puede ser un factor decisivo para la Victoria.<\/p>\r\n\r\n\r\n\r\n<div class=\"wp-block-image\">\r\n<figure class=\"aligncenter\"><img loading=\"lazy\" decoding=\"async\" width=\"800\" height=\"175\" class=\"wp-image-5286\" src=\"https:\/\/yourciv.com\/wp-content\/uploads\/2016\/07\/trade-2.png\" alt=\"\" srcset=\"https:\/\/yourciv.com\/wp-content\/uploads\/2016\/07\/trade-2.png 800w, https:\/\/yourciv.com\/wp-content\/uploads\/2016\/07\/trade-2-600x131.png 600w, https:\/\/yourciv.com\/wp-content\/uploads\/2016\/07\/trade-2-300x66.png 300w, https:\/\/yourciv.com\/wp-content\/uploads\/2016\/07\/trade-2-768x168.png 768w\" sizes=\"(max-width: 800px) 100vw, 800px\" \/><\/figure>\r\n<\/div>\r\n\r\n\r\n\r\n<h2 id=\"se-el-primero-en-construir-la-nave-espacial\" class=\"has-text-align-center wp-block-heading\">\u00a1S\u00e9 el primero en construir la nave espacial!<\/h2>\r\n\r\n\r\n\r\n<p><strong>El primer estado<\/strong> que construya y lance una nave espacial, gana. Debes asegurarte de ser el primero en conseguir la tecnolog\u00eda necesaria para hacerlo, adem\u00e1s de luchar contra el resto del mundo. \u00bfSer\u00e1s capaz de hacerlo?<\/p>\r\n\r\n\r\n\r\n<div class=\"wp-block-image\">\r\n<figure class=\"aligncenter\"><img loading=\"lazy\" decoding=\"async\" width=\"800\" height=\"175\" class=\"wp-image-5280\" src=\"https:\/\/yourciv.com\/wp-content\/uploads\/2016\/07\/time-1.png\" alt=\"\" srcset=\"https:\/\/yourciv.com\/wp-content\/uploads\/2016\/07\/time-1.png 800w, https:\/\/yourciv.com\/wp-content\/uploads\/2016\/07\/time-1-600x131.png 600w, https:\/\/yourciv.com\/wp-content\/uploads\/2016\/07\/time-1-300x66.png 300w, https:\/\/yourciv.com\/wp-content\/uploads\/2016\/07\/time-1-768x168.png 768w\" sizes=\"(max-width: 800px) 100vw, 800px\" \/><\/figure>\r\n<\/div>\r\n\r\n\r\n\r\n<h2 id=\"juego-inteligente-para-personas-inteligentes\" class=\"has-text-align-center wp-block-heading\">Juego inteligente para personas inteligentes<\/h2>\r\n\r\n\r\n\r\n<p><strong>Tu civilizaci\u00f3n<\/strong> es un juego hist\u00f3rico en el que tienes que gestionar tu inventario, construir la industria necesaria, producir recursos, tener cient\u00edficos y militares, pero sobretodo, \u00a1pensar mucho! Cada partida ser\u00e1 una prueba de inteligencia, confianza y capacidad para derrotar a los enemigos. \u00bfTe interesa? <a href=\"https:\/\/yourciv.com\/es\/download\/\">\u00a1\u00danete!<\/a><\/p>\r\n","protected":false},"excerpt":{"rendered":"<p>Estrategia hist\u00f3rica multijugador basada en Civilization Empieza gobernando un peque\u00f1o poblado en la edad de piedra. Investiga, crea m\u00e1s ciudades, desarrolla industria. Proporciona a tus ciudadanos recursos para mejorar tu influencia, la felicidad de tus ciudadanos y su cultura. Pasa&hellip; <\/p>\n","protected":false},"author":3,"featured_media":0,"parent":0,"menu_order":0,"comment_status":"closed","ping_status":"closed","template":"","meta":{"footnotes":""},"_links":{"self":[{"href":"https:\/\/yourciv.com\/es\/wp-json\/wp\/v2\/pages\/2527"}],"collection":[{"href":"https:\/\/yourciv.com\/es\/wp-json\/wp\/v2\/pages"}],"about":[{"href":"https:\/\/yourciv.com\/es\/wp-json\/wp\/v2\/types\/page"}],"author":[{"embeddable":true,"href":"https:\/\/yourciv.com\/es\/wp-json\/wp\/v2\/users\/3"}],"replies":[{"embeddable":true,"href":"https:\/\/yourciv.com\/es\/wp-json\/wp\/v2\/comments?post=2527"}],"version-history":[{"count":0,"href":"https:\/\/yourciv.com\/es\/wp-json\/wp\/v2\/pages\/2527\/revisions"}],"wp:attachment":[{"href":"https:\/\/yourciv.com\/es\/wp-json\/wp\/v2\/media?parent=2527"}],"curies":[{"name":"wp","href":"https:\/\/api.w.org\/{rel}","templated":true}]}}