{"id":2249,"date":"2018-04-24T22:14:33","date_gmt":"2018-04-24T19:14:33","guid":{"rendered":"http:\/\/ru.yourciv.com\/?page_id=1357"},"modified":"2022-11-22T21:29:43","modified_gmt":"2022-11-22T18:29:43","slug":"about","status":"publish","type":"page","link":"https:\/\/yourciv.com\/es\/about\/","title":{"rendered":"Sobre el proyecto"},"content":{"rendered":"\r\n<figure class=\"wp-block-image\"><img loading=\"lazy\" decoding=\"async\" width=\"1024\" height=\"214\" class=\"wp-image-6666\" src=\"https:\/\/yourciv.com\/wp-content\/uploads\/2019\/02\/About-project_en-1024x214.jpg\" alt=\"\" srcset=\"https:\/\/yourciv.com\/wp-content\/uploads\/2019\/02\/About-project_en-1024x214.jpg 1024w, https:\/\/yourciv.com\/wp-content\/uploads\/2019\/02\/About-project_en-300x63.jpg 300w, https:\/\/yourciv.com\/wp-content\/uploads\/2019\/02\/About-project_en-768x161.jpg 768w\" sizes=\"(max-width: 1024px) 100vw, 1024px\" \/><\/figure>\r\n\r\n\r\n\r\n<h4 class=\"wp-block-heading\"><strong>Equipo del proyecto<\/strong><\/h4>\r\n\r\n\r\n\r\n<p>Tu civilizaci\u00f3n es un juego estrat\u00e9gico en l\u00ednea, creado y apoyado por el equipo del proyecto, pero legalmente nos llaman \u201cYour Civilization KZ\u201d LLP (BIN 221040038956).<\/p>\r\n\r\n\r\n\r\n<p>Escr\u00edbenos:<\/p>\r\n\r\n\r\n\r\n<ul>\r\n<li>Preguntas generales info@yourciv.com<\/li>\r\n<li>Soporte t\u00e9cnico support@yourciv.com<\/li>\r\n<li>Para inversores invest@yourciv.com<\/li>\r\n<\/ul>\r\n\r\n\r\n\r\n<h4 class=\"wp-block-heading\"><br \/><strong>Acuerdo de usuario<\/strong><\/h4>\r\n\r\n\r\n\r\n<p>Generalmente en este texto la administraci\u00f3n del proyecto describe de muchas maneras las normas y reglas del uso de una aplicaci\u00f3n en la cual el usuario debe estar de acuerdo. Hemos escrito un total de <a href=\"https:\/\/yourciv.com\/es\/rules\/\">10 reglas<\/a>.<\/p>\r\n\r\n\r\n\r\n<h4 class=\"wp-block-heading\"><strong>Pol\u00edtica de privacidad<\/strong><\/h4>\r\n\r\n\r\n\r\n<p>Probablemente el texto m\u00e1s in\u00fatil del sitio. Sin embargo, es algo que est\u00e1 a la moda y los requisitos de la legislaci\u00f3n nos obligan a declarar tal pol\u00edtica. <a href=\"https:\/\/yourciv.com\/es\/privacy-policy\/\">Aqu\u00ed est\u00e1<\/a>.<\/p>\r\n\r\n\r\n\r\n<p>Ahorraremos 15 minutos de tu vida y te pondremos a continuaci\u00f3n los tres puntos m\u00e1s importantes:<\/p>\r\n\r\n\r\n\r\n<ol>\r\n<li>En el registro y durante el juego vamos a tomar unos cuantos datos personales. El correo electr\u00f3nico, y (posiblemente incluyendo) nombre, cuenta de las redes sociales, tel\u00e9fono, etc. Nos comprometemos a no revelar ninguno de estos datos.<\/li>\r\n<li>Utilizaremos estos datos para enviarte (y a tus conocidos) informaci\u00f3n sobre nuestros proyectos.<\/li>\r\n<li>Los datos impersonales pueden ser utilizados para nuestra investigaci\u00f3n. Esta frase neutral oculta la capacidad de cargar matrices de direcciones de correo electr\u00f3nico en un sistema publicitario (por ejemplo, Google) para crear un retrato de la audiencia y anunciar el juego. El m\u00e9todo es bastante confiable, y Google sobre usted y as\u00ed todo el mundo sabe.<\/li>\r\n<\/ol>\r\n","protected":false},"excerpt":{"rendered":"<p>Equipo del proyecto Tu civilizaci\u00f3n es un juego estrat\u00e9gico en l\u00ednea, creado y apoyado por el equipo del proyecto, pero legalmente nos llaman \u201cYour Civilization KZ\u201d LLP (BIN 221040038956). Escr\u00edbenos: Preguntas generales info@yourciv.com Soporte t\u00e9cnico support@yourciv.com Para inversores invest@yourciv.com Acuerdo&hellip; <\/p>\n","protected":false},"author":3,"featured_media":0,"parent":0,"menu_order":0,"comment_status":"closed","ping_status":"closed","template":"","meta":{"footnotes":""},"_links":{"self":[{"href":"https:\/\/yourciv.com\/es\/wp-json\/wp\/v2\/pages\/2249"}],"collection":[{"href":"https:\/\/yourciv.com\/es\/wp-json\/wp\/v2\/pages"}],"about":[{"href":"https:\/\/yourciv.com\/es\/wp-json\/wp\/v2\/types\/page"}],"author":[{"embeddable":true,"href":"https:\/\/yourciv.com\/es\/wp-json\/wp\/v2\/users\/3"}],"replies":[{"embeddable":true,"href":"https:\/\/yourciv.com\/es\/wp-json\/wp\/v2\/comments?post=2249"}],"version-history":[{"count":0,"href":"https:\/\/yourciv.com\/es\/wp-json\/wp\/v2\/pages\/2249\/revisions"}],"wp:attachment":[{"href":"https:\/\/yourciv.com\/es\/wp-json\/wp\/v2\/media?parent=2249"}],"curies":[{"name":"wp","href":"https:\/\/api.w.org\/{rel}","templated":true}]}}