{"id":2178,"date":"2017-02-23T23:33:53","date_gmt":"2017-02-23T20:33:53","guid":{"rendered":"http:\/\/ru.yourciv.com\/?page_id=740"},"modified":"2023-07-01T23:02:18","modified_gmt":"2023-07-01T20:02:18","slug":"privacy-policy","status":"publish","type":"page","link":"https:\/\/yourciv.com\/es\/privacy-policy\/","title":{"rendered":"Pol\u00edtica de privacidad"},"content":{"rendered":"\r\n<figure class=\"wp-block-image\"><img loading=\"lazy\" decoding=\"async\" width=\"1024\" height=\"214\" class=\"wp-image-6684\" src=\"https:\/\/yourciv.com\/wp-content\/uploads\/2019\/02\/Privacy_en-1024x214.jpg\" alt=\"\" srcset=\"https:\/\/yourciv.com\/wp-content\/uploads\/2019\/02\/Privacy_en-1024x214.jpg 1024w, https:\/\/yourciv.com\/wp-content\/uploads\/2019\/02\/Privacy_en-300x63.jpg 300w, https:\/\/yourciv.com\/wp-content\/uploads\/2019\/02\/Privacy_en-768x161.jpg 768w\" sizes=\"(max-width: 1024px) 100vw, 1024px\" \/><\/figure>\r\n\r\n<p>Esta pol\u00edtica de privacidad es una parte integral del sitio y servicio del proyecto &#8220;tu civilizaci\u00f3n&#8221;, la direcci\u00f3n de colocaci\u00f3n permanente de la versi\u00f3n real <a href=\"https:\/\/yourciv.com\/es\/privacy-policy\">https:\/\/yourciv.com\/privacy-policy<\/a><\/p>\r\n<p>Esta pol\u00edtica de privacidad (en adelante denominada &#8220;pol\u00edtica&#8221;) se aplica a toda la informaci\u00f3n que &#8220;Your Civilization KZ&#8221; LLP (en adelante, el sitio o servicio o servicios) pueda obtener sobre el usuario o las personas cuya informaci\u00f3n El usuario se somete al servicio, durante el uso del servicio, programas, productos o servicios y durante la ejecuci\u00f3n del servicio de cualquier acuerdo y acuerdo con el usuario.<\/p>\r\n<p>Al proporcionar el servicio con su correo electr\u00f3nico, el usuario expresa su consentimiento incondicional tambi\u00e9n a la conclusi\u00f3n de esta pol\u00edtica.<\/p>\r\n<h5>1. Informaci\u00f3n personal de los usuarios que el servicio procesa<\/h5>\r\n<p>En virtud de esta pol\u00edtica, la &#8220;informaci\u00f3n personal&#8221; del usuario se refiere a:<\/p>\r\n<p>Informaci\u00f3n personal, que el usuario proporciona sobre s\u00ed mismo en el registro (creaci\u00f3n de una cuenta) o en el proceso de uso del sitio y el servicio, incluidos los datos personales del usuario.<br \/>Datos que se transfieren autom\u00e1ticamente al servicio durante su uso utilizando el software instalado en el dispositivo del usuario (navegador o aplicaci\u00f3n), incluyendo la direcci\u00f3n IP, datos de cookies, informaci\u00f3n del navegador El usuario (u otro programa que se utiliza para acceder al servicio), la fecha y hora de acceso a los servicios y otra informaci\u00f3n similar.<br \/>Si el principio de funcionamiento del servicio prev\u00e9 que el usuario ponga informaci\u00f3n sobre terceros (por ejemplo, clientes del cliente), dicha informaci\u00f3n tambi\u00e9n se refiere a la informaci\u00f3n personal del usuario, en las condiciones previstas en Secci\u00f3n 2 &#8220;informaci\u00f3n de terceras partes publicadas por el usuario en el servicio&#8221;<br \/>Otra informaci\u00f3n del usuario, cuyo procesamiento est\u00e1 estipulado por los t\u00e9rminos de uso de servicios separados.<\/p>\r\n<p>El servicio no verifica la autenticidad de la informaci\u00f3n personal proporcionada por el usuario y no tiene la capacidad de evaluar su capacidad. Sin embargo, el servicio asume que el usuario proporciona informaci\u00f3n personal confiable y suficiente y mantiene esta informaci\u00f3n en el estado actual.<\/p>\r\n<h5>2. Informaci\u00f3n de terceras partes publicadas por el usuario en el servicio<\/h5>\r\n<p>Algunos servicios pueden prever la posibilidad de poner informaci\u00f3n sobre terceros en el servicio, por ejemplo, acerca de conocidos, sus padres y parientes, socios del usuario, etc. En tales casos, la recopilaci\u00f3n y el procesamiento de la informaci\u00f3n mencionada anteriormente por el servicio se rige por esta pol\u00edtica, sujeto a las siguientes restricciones.<\/p>\r\n<h5>3. fines de tratamiento de la informaci\u00f3n personal de los usuarios<\/h5>\r\n<p>El servicio recoge y almacena \u00fanicamente la informaci\u00f3n personal necesaria para la prestaci\u00f3n de los servicios o la ejecuci\u00f3n de acuerdos y contratos con el usuario, salvo en los casos en que la legislaci\u00f3n disponga el almacenamiento obligatorio Informaci\u00f3n personal dentro del per\u00edodo de tiempo especificado por la ley.<\/p>\r\n<p>La informaci\u00f3n personal del servicio de usuario se procesa con los siguientes fines:<\/p>\r\n<ul>\r\n<li>Identificaci\u00f3n de la parte dentro de los servicios, acuerdos y acuerdos con el servicio<br \/>Proporcionar informaci\u00f3n personal del usuario a otros usuarios del servicio, as\u00ed como a terceros, si estas acciones son proporcionadas por los t\u00e9rminos de uso del servicio respectivo;<\/li>\r\n<li>Proporcionar al usuario servicios personalizados y cumplimiento de acuerdos y contratos;<\/li>\r\n<li>Comunicaci\u00f3n con el usuario, incluyendo la direcci\u00f3n de notificaciones, consultas e informaci\u00f3n sobre el uso de los servicios, la ejecuci\u00f3n de acuerdos y contratos, as\u00ed como el procesamiento de solicitudes y solicitudes del usuario;<\/li>\r\n<li>Mejora de la calidad de los servicios, conveniencia de su uso, desarrollo de nuevos servicios;<\/li>\r\n<li>Llevar a cabo investigaciones estad\u00edsticas y de otro sobre la base de datos impersonales.<\/li>\r\n<\/ul>\r\n<h5>4. T\u00e9rminos de procesamiento de la informaci\u00f3n personal de los usuarios y su transferencia a terceros<\/h5>\r\n<p>El servicio almacena informaci\u00f3n personal de los usuarios de acuerdo con las regulaciones internas de servicios espec\u00edficos.<\/p>\r\n<p>Con respecto a la informaci\u00f3n personal del usuario se mantiene su confidencialidad, excepto en los casos de concesi\u00f3n voluntaria por el usuario de la informaci\u00f3n sobre s\u00ed mismo para el acceso general a un c\u00edrculo ilimitado de personas. Al utilizar servicios independientes, el usuario acuerda que una parte de su informaci\u00f3n personal se pone a disposici\u00f3n del p\u00fablico, si la publicaci\u00f3n p\u00fablica de la informaci\u00f3n se deriva directamente del trabajo del servicio o de sus funciones separadas.<\/p>\r\n<p>El servicio tiene derecho a transferir la informaci\u00f3n personal del usuario a terceras partes en los siguientes casos:<\/p>\r\n<ul>\r\n<li>El usuario ha dado su consentimiento a dichas acciones, incluso adhiri\u00e9ndose a los t\u00e9rminos del acuerdo respectivo sobre el uso del servicio, expresando dicho consentimiento;<\/li>\r\n<li>La transferencia es necesaria para que el usuario utilice un determinado servicio o para ejecutar un determinado acuerdo o acuerdo con el usuario<br \/>Cuando el usuario utiliza los servicios y servicios de los agentes de pago de la empresa al pagar por los servicios;<\/li>\r\n<li>La transferencia est\u00e1 prevista por el ruso u otra legislaci\u00f3n aplicable de acuerdo con el procedimiento establecido por la ley;<\/li>\r\n<li>Dicha transferencia se lleva a cabo en el marco de la venta u otra transferencia de negocio (en su totalidad o en parte), y el comprador es transferido todas las obligaciones de cumplir con los t\u00e9rminos de esta pol\u00edtica en relaci\u00f3n con la informaci\u00f3n personal recibida por \u00e9l;<\/li>\r\n<li>Como resultado del tratamiento de la informaci\u00f3n personal del usuario por su despersonalizaci\u00f3n obtenida las estad\u00edsticas impersonales que se transfieren a la tercera persona para la realizaci\u00f3n de investigaciones, ejecuci\u00f3n de obras o prestaci\u00f3n de servicios en nombre del servicio.<\/li>\r\n<\/ul>\r\n<h5>5. Cambiar o eliminar informaci\u00f3n personal<\/h5>\r\n<p>El usuario puede en cualquier momento cambiar (actualizar, a\u00f1adir, eliminar) la informaci\u00f3n personal proporcionada a ellos o parte de ella, utilizando la funcionalidad incorporada del sitio y el servicio.<\/p>\r\n<p>Los derechos anteriores pueden restringirse de acuerdo con los requisitos de la legislaci\u00f3n. En particular, tales restricciones pueden incluir el deber del servicio de mantener la informaci\u00f3n cambiada o eliminada por el usuario durante el per\u00edodo establecido por la ley y para transmitir dicha informaci\u00f3n de acuerdo con las normas legalmente establecidas Procedimiento al cuerpo del estado.<\/p>\r\n<h5>6. Medidas aplicadas para proteger la informaci\u00f3n personal del usuario<\/h5>\r\n<p>El servicio toma las medidas organizativas y t\u00e9cnicas necesarias y suficientes para proteger la informaci\u00f3n personal del usuario de accesos no autorizados o accidentales, destrucci\u00f3n, alteraci\u00f3n, bloqueo, copiado, distribuci\u00f3n, as\u00ed como de otros Acciones indebidas de terceras partes.<\/p>\r\n<h5>7. Cambio de pol\u00edtica de privacidad. Ley aplicable<\/h5>\r\n<p>El servicio tiene el derecho de realizar cambios en esta pol\u00edtica de privacidad. Cuando se realizan cambios en la edici\u00f3n actual, se indica la fecha de la \u00faltima actualizaci\u00f3n. La nueva versi\u00f3n de la p\u00f3liza entra en vigor desde el momento de su colocaci\u00f3n, a menos que la nueva edici\u00f3n de la p\u00f3liza disponga lo contrario.<\/p>\r\n<p>La ley de la Rep\u00fablica de Kazajst\u00e1n se aplicar\u00e1 a esta pol\u00edtica y las relaciones entre el usuario y el servicio que surjan en relaci\u00f3n con la aplicaci\u00f3n de la pol\u00edtica de privacidad.<\/p>","protected":false},"excerpt":{"rendered":"<p>Esta pol\u00edtica de privacidad es una parte integral del sitio y servicio del proyecto &#8220;tu civilizaci\u00f3n&#8221;, la direcci\u00f3n de colocaci\u00f3n permanente de la versi\u00f3n real https:\/\/yourciv.com\/privacy-policy Esta pol\u00edtica de privacidad (en adelante denominada &#8220;pol\u00edtica&#8221;) se aplica a toda la informaci\u00f3n&hellip; <\/p>\n","protected":false},"author":3,"featured_media":0,"parent":0,"menu_order":0,"comment_status":"closed","ping_status":"closed","template":"","meta":{"footnotes":""},"_links":{"self":[{"href":"https:\/\/yourciv.com\/es\/wp-json\/wp\/v2\/pages\/2178"}],"collection":[{"href":"https:\/\/yourciv.com\/es\/wp-json\/wp\/v2\/pages"}],"about":[{"href":"https:\/\/yourciv.com\/es\/wp-json\/wp\/v2\/types\/page"}],"author":[{"embeddable":true,"href":"https:\/\/yourciv.com\/es\/wp-json\/wp\/v2\/users\/3"}],"replies":[{"embeddable":true,"href":"https:\/\/yourciv.com\/es\/wp-json\/wp\/v2\/comments?post=2178"}],"version-history":[{"count":0,"href":"https:\/\/yourciv.com\/es\/wp-json\/wp\/v2\/pages\/2178\/revisions"}],"wp:attachment":[{"href":"https:\/\/yourciv.com\/es\/wp-json\/wp\/v2\/media?parent=2178"}],"curies":[{"name":"wp","href":"https:\/\/api.w.org\/{rel}","templated":true}]}}