{"id":4212,"date":"2019-04-08T23:59:11","date_gmt":"2019-04-08T20:59:11","guid":{"rendered":"https:\/\/yourciv.com\/?page_id=4207"},"modified":"2021-12-06T23:39:26","modified_gmt":"2021-12-06T20:39:26","slug":"rules","status":"publish","type":"page","link":"https:\/\/yourciv.com\/de\/rules\/","title":{"rendered":"Nutzungsvereinbarung"},"content":{"rendered":"\r\n<figure class=\"wp-block-image\"><img loading=\"lazy\" decoding=\"async\" width=\"1024\" height=\"214\" class=\"wp-image-6686\" src=\"https:\/\/yourciv.com\/wp-content\/uploads\/2019\/02\/Rules_en-1024x214.jpg\" alt=\"\" srcset=\"https:\/\/yourciv.com\/wp-content\/uploads\/2019\/02\/Rules_en-1024x214.jpg 1024w, https:\/\/yourciv.com\/wp-content\/uploads\/2019\/02\/Rules_en-300x63.jpg 300w, https:\/\/yourciv.com\/wp-content\/uploads\/2019\/02\/Rules_en-768x161.jpg 768w\" sizes=\"(max-width: 1024px) 100vw, 1024px\" \/><\/figure>\r\n\r\n\r\n\r\n<h4 class=\"wp-block-heading\">1 \u00dcber Kultur<\/h4>\r\n\r\n\r\n\r\n<p>Es ist verboten, obsz\u00f6ne W\u00f6rter und Ausdr\u00fccke als Namen von L\u00e4ndern, Dynastien, St\u00e4dten sowie in der pers\u00f6nlichen Kommunikation und in anderen F\u00e4llen zu verwenden. Alle W\u00f6rter und Ausdr\u00fccke, die eine beleidigende Bedeutung oder Konnotation haben, werden als obsz\u00f6n angesehen. Bei der Entscheidungsfindung verwendet die Verwaltung dieses Problem pers\u00f6nlich.<\/p>\r\n\r\n\r\n\r\n<h4 class=\"wp-block-heading\">2 \u00dcber Spam<\/h4>\r\n\r\n\r\n\r\n<p>Es ist verboten, Beschwerden \u00fcberall und aus irgendeinem Grund zu ver\u00f6ffentlichen, wenn dies nicht direkt mit dem Spiel zusammenh\u00e4ngt. Dies umfasst die Werbung f\u00fcr Waren und Dienstleistungen, Veranstaltungen sowie die F\u00f6rderung politischer, religi\u00f6ser, Verhaltens- und \u00e4hnlicher Handlungen, Ideologien oder Weltanschauungen.<\/p>\r\n\r\n\r\n\r\n<h4 class=\"wp-block-heading\">3 \u00dcber Multi-Account<\/h4>\r\n\r\n\r\n\r\n<p>Multi-Account ist eine Option f\u00fcr den Zugriff auf zwei (oder mehr) Spiel-Accounts. Multi-Accounts sind nicht erlaubt.<\/p>\r\n\r\n\r\n\r\n<h4 class=\"wp-block-heading\">4 \u00dcber Bots<\/h4>\r\n\r\n\r\n\r\n<p>Jede Software, die Spielaktionen oder Datenerhebungen durchf\u00fchrt, wird vom Bot erkannt. Bots sind verboten.<\/p>\r\n\r\n\r\n\r\n<h4 class=\"wp-block-heading\">5 \u00dcber Fehler<\/h4>\r\n\r\n\r\n\r\n<p>Wenn Sie Fehler und Schwachstellen im Spiel feststellen, sollten Sie die Verwaltung unverz\u00fcglich per E-Mail an support@yourciv.com benachrichtigen. Das Verbergen der Fehler und Schwachstellen des Spiels wird bestraft.<\/p>\r\n\r\n\r\n\r\n<h4 class=\"wp-block-heading\">6 Kauf nicht ausschlie\u00dflicher Rechte<\/h4>\r\n\r\n\r\n\r\n<p>Kauf Gl\u00fcck ist in der von der Verwaltung vorgeschriebenen Weise der Kauf eines nicht ausschlie\u00dflichen Rechts. Die Transaktion ist zum Zeitpunkt des Kaufs abgeschlossen. Weiterhin k\u00f6nnen Sie Gl\u00fcck oder Nichtgebrauch nutzen, dieses Recht geh\u00f6rt jedoch Ihnen und kann nicht in Geld umgetauscht werden.<\/p>\r\n\r\n\r\n\r\n<h4 class=\"wp-block-heading\">7 Andere<\/h4>\r\n\r\n\r\n\r\n<ul>\r\n<li>ein Versto\u00df gegen f\u00fcr Sie geltende Gesetze ist verboten;<\/li>\r\n<li>Es ist verboten, das Spiel f\u00fcr Personen unter 13 Jahren, Personen ohne Zustimmung der gesetzlichen Vertreter, Personen mit medizinischen oder anderen Gegenanzeigen zu verwenden.<\/li>\r\n<li>Jeglicher Gewinn eines materiellen Vorteils durch (oder durch) das Spiel ist untersagt;<\/li>\r\n<li>Der Inhaber des Kontos ist der Eigent\u00fcmer der bei der Registrierung angegebenen E-Mail-Adresse.<\/li>\r\n<li>Die Verwaltung ist nicht f\u00fcr die Handlungen Dritter verantwortlich, wie z. B. Kommunikationsanbieter, Hardware-, Softwarehersteller, Dienstleistungsunternehmen und andere Personen.<\/li>\r\n<li>Bei Verst\u00f6\u00dfen gegen diese Vereinbarung hat die Verwaltung das Recht, Sanktionen zu verh\u00e4ngen, einschlie\u00dflich (aber nicht beschr\u00e4nkt auf) der folgenden: Sperrung des Kontos (Verbot), vor\u00fcbergehende oder dauerhafte \u00c4nderung einzelner Kontoparameter;<\/li>\r\n<li>Die Verwaltung kann ohne vorherige Ank\u00fcndigung \u00c4nderungen und Erg\u00e4nzungen dieser Vereinbarung vornehmen.<\/li>\r\n<\/ul>\r\n\r\n\r\n\r\n<h4 class=\"wp-block-heading\">8 Haftungsausschluss<\/h4>\r\n\r\n\r\n\r\n<p>Der Dienst in Form eines Spiels wird &#8220;wie besehen&#8221; und &#8220;wie verf\u00fcgbar&#8221; bereitgestellt. Wir \u00fcbernehmen keine Garantie f\u00fcr Kontinuit\u00e4t, Genauigkeit oder die Korrektur von Fehlern. Sie stimmen zu, dass Ihr Zugriff auf das Spiel und seine Verwendung auf eigenes Risiko erfolgt.<\/p>\r\n","protected":false},"excerpt":{"rendered":"<p>1 \u00dcber Kultur Es ist verboten, obsz\u00f6ne W\u00f6rter und Ausdr\u00fccke als Namen von L\u00e4ndern, Dynastien, St\u00e4dten sowie in der pers\u00f6nlichen Kommunikation und in anderen F\u00e4llen zu verwenden. Alle W\u00f6rter und Ausdr\u00fccke, die eine beleidigende Bedeutung oder Konnotation haben, werden als&hellip; <\/p>\n","protected":false},"author":3,"featured_media":0,"parent":0,"menu_order":0,"comment_status":"closed","ping_status":"closed","template":"","meta":{"footnotes":""},"_links":{"self":[{"href":"https:\/\/yourciv.com\/de\/wp-json\/wp\/v2\/pages\/4212"}],"collection":[{"href":"https:\/\/yourciv.com\/de\/wp-json\/wp\/v2\/pages"}],"about":[{"href":"https:\/\/yourciv.com\/de\/wp-json\/wp\/v2\/types\/page"}],"author":[{"embeddable":true,"href":"https:\/\/yourciv.com\/de\/wp-json\/wp\/v2\/users\/3"}],"replies":[{"embeddable":true,"href":"https:\/\/yourciv.com\/de\/wp-json\/wp\/v2\/comments?post=4212"}],"version-history":[{"count":0,"href":"https:\/\/yourciv.com\/de\/wp-json\/wp\/v2\/pages\/4212\/revisions"}],"wp:attachment":[{"href":"https:\/\/yourciv.com\/de\/wp-json\/wp\/v2\/media?parent=4212"}],"curies":[{"name":"wp","href":"https:\/\/api.w.org\/{rel}","templated":true}]}}