{"id":3122,"date":"2017-02-23T23:33:53","date_gmt":"2017-02-23T20:33:53","guid":{"rendered":"http:\/\/ru.yourciv.com\/?page_id=740"},"modified":"2023-07-01T23:01:08","modified_gmt":"2023-07-01T20:01:08","slug":"privacy-policy","status":"publish","type":"page","link":"https:\/\/yourciv.com\/de\/privacy-policy\/","title":{"rendered":"Datenschutz"},"content":{"rendered":"\r\n<figure class=\"wp-block-image\"><img loading=\"lazy\" decoding=\"async\" width=\"1024\" height=\"214\" class=\"wp-image-6680\" src=\"https:\/\/yourciv.com\/wp-content\/uploads\/2019\/02\/Privacy_en-1024x214.jpg\" alt=\"\" srcset=\"https:\/\/yourciv.com\/wp-content\/uploads\/2019\/02\/Privacy_en-1024x214.jpg 1024w, https:\/\/yourciv.com\/wp-content\/uploads\/2019\/02\/Privacy_en-300x63.jpg 300w, https:\/\/yourciv.com\/wp-content\/uploads\/2019\/02\/Privacy_en-768x161.jpg 768w\" sizes=\"(max-width: 1024px) 100vw, 1024px\" \/><\/figure>\r\n\r\n<p>Diese Datenschutzrichtlinie ist ein integraler Bestandteil der Website und des Dienstes des Projekts &#8220;Your Civilization&#8221;, der Adresse der permanenten Platzierung der eigentlichen Version <a href=\"\/privacy-policy\">https:\/\/yourciv.com\/privacy-policy<\/a><\/p>\r\n<p>Diese Datenschutzrichtlinie (im Folgenden als &#8220;Politik&#8221; bezeichnet) gilt f\u00fcr alle Informationen, die &#8220;Your Civilization KZ&#8221; LLP (im Folgenden als Website oder Dienstleistung bezeichnet) \u00fcber den Nutzer oder Personen, deren Informationen genannt werden, erhalten kann. Der Nutzer unterwirft sich dem Dienst, w\u00e4hrend der Nutzung des Dienstes, der Programme, Produkte oder Dienstleistungen und bei der Durchf\u00fchrung von Vereinbarungen und Vereinbarungen mit dem Nutzer.<\/p>\r\n<p>Durch die Bereitstellung des Dienstes mit seiner E-Mail erkl\u00e4rt sich der Nutzer auch dem Abschluss dieser Richtlinie uneingeschr\u00e4nkt einverstanden.<\/p>\r\n<h5>1. Runde Pers\u00f6nliche Daten der Nutzer, die den Service verarbeiten<\/h5>\r\n<p>Im Rahmen dieser Richtlinie bezieht sich der Nutzer auf:<\/p>\r\n<p>Personenbezogene Daten, die der Nutzer \u00fcber sich selbst bei der Registrierung (Erstellung eines Kontos) oder bei der Nutzung der Website und des Dienstes, einschlie\u00dflich der pers\u00f6nlichen Daten des Nutzers, zur Verf\u00fcgung stellt.<br \/>Daten, die w\u00e4hrend der Nutzung automatisch an den Dienst \u00fcbertragen werden, indem sie die auf dem Ger\u00e4t des Nutzers installierte Software (Browser oder Anwendung) verwenden, einschlie\u00dflich IP-Adresse, Cookie-Daten, Browser-Informationen Der Benutzer (oder ein anderes Programm, das verwendet wird, um auf den Dienst zuzugreifen), das Datum und die Uhrzeit des Zugangs zu den Diensten und anderen \u00e4hnlichen Informationen.<br \/>Wenn das Betriebsprinzip des Dienstes vorsieht, dass der Nutzer Informationen \u00fcber Dritte (zum Beispiel Kunden des Kunden) zur Verf\u00fcgung stellt, beziehen sich diese Informationen auch auf die pers\u00f6nlichen Daten des Nutzers unter den Bedingungen, die in Abschnitt 2 &#8220;Informationen Dritter, die der Nutzer im Dienst ver\u00f6ffentlicht hat&#8221;<br \/>Weitere Informationen des Nutzers, deren Verarbeitung durch die Nutzungsbedingungen der einzelnen Dienste festgelegt ist.<\/p>\r\n<p>Der Dienst \u00fcberpr\u00fcft nicht die Echtheit der pers\u00f6nlichen Daten, die der Nutzer zur Verf\u00fcgung stellt, und hat nicht die F\u00e4higkeit, seine Kapazit\u00e4t zu beurteilen. Der Dienst geht jedoch davon aus, dass der Nutzer verl\u00e4ssliche und ausreichende pers\u00f6nliche Informationen zur Verf\u00fcgung stellt und diese Informationen im aktuellen Zustand aufbeh\u00e4lt.<\/p>\r\n<h5>2. Runde Informationen Dritter, die der Nutzer im Dienst ver\u00f6ffentlicht hat<\/h5>\r\n<p>Einige Dienste k\u00f6nnen die M\u00f6glichkeit bieten, Informationen \u00fcber Dritte in den Dienst zu stellen, zum Beispiel \u00fcber Bekannte, ihre Eltern und Verwandten, Partner des Nutzers, etc. In solchen F\u00e4llen unterliegt die Erhebung und Verarbeitung der oben genannten Informationen durch den Dienst dieser Richtlinie, vorbehaltlich der folgenden Beschr\u00e4nkungen.<\/p>\r\n<h5>3. Runde Zweck der Verarbeitung pers\u00f6nlicher Daten der Nutzer<\/h5>\r\n<p>Der Dienst sammelt und speichert nur die pers\u00f6nlichen Daten, die f\u00fcr die Erbringung der Dienstleistungen oder die Durchf\u00fchrung von Vereinbarungen und Vertr\u00e4gen mit dem Nutzer notwendig sind, au\u00dfer in F\u00e4llen, in denen die Gesetzgebung eine obligatorische Speicherung vorsieht. Personenbezogene Daten innerhalb der gesetzlich festgelegten Frist.<\/p>\r\n<p>Personenbezogene Daten des Nutzerdienstes werden f\u00fcr folgende Zwecke verarbeitet:<\/p>\r\n<ul>\r\n<li>Identifikation der Partei im Rahmen der Dienste, Vereinbarungen und Vereinbarungen mit dem Dienst<br \/>Die Bereitstellung personenbezogener Daten des Nutzers an andere Nutzer des Dienstes sowie an Dritte, wenn diese Handlungen durch die Nutzungsbedingungen des jeweiligen Dienstes erbracht werden;<\/li>\r\n<li>Den Nutzer mit personalisierten Dienstleistungen und der Erf\u00fcllung von Vertr\u00e4gen und Vertr\u00e4gen zu versorgen;<\/li>\r\n<li>Kommunikation mit dem Nutzer, einschlie\u00dflich der Leitung von Benachrichtigungen, Anfragen und Informationen \u00fcber die Nutzung der Dienste, die Ausf\u00fchrung von Vertr\u00e4gen und Vertr\u00e4gen sowie die Bearbeitung von Anfragen und Antr\u00e4gen des Nutzers;<\/li>\r\n<li>Verbesserung der Qualit\u00e4t der Dienstleistungen, Bequemlichkeit ihrer Nutzung, Entwicklung neuer Dienstleistungen;<\/li>\r\n<li>Durchf\u00fchrung statistischer und anderer Forschung auf der Grundlage unpers\u00f6nlicher Daten.<\/li>\r\n<\/ul>\r\n<h5>4. Platz Bedingungen f\u00fcr die Verarbeitung der pers\u00f6nlichen Daten und deren Weitergabe an Dritte<\/h5>\r\n<p>Der Dienst speichert pers\u00f6nliche Informationen der Nutzer in \u00dcbereinstimmung mit den internen Vorschriften der einzelnen Dienste.<\/p>\r\n<p>In Bezug auf die pers\u00f6nlichen Daten des Nutzers wird seine Vertraulichkeit, au\u00dfer in F\u00e4llen der freiwilligen Gew\u00e4hrung der Informationen \u00fcber sich selbst f\u00fcr den allgemeinen Zugang zu unbegrenztem Kreis von Personen. Bei der Nutzung separater Dienste erkl\u00e4rt sich der Nutzer damit einverstanden, dass ein bestimmter Teil seiner pers\u00f6nlichen Daten \u00f6ffentlich zug\u00e4nglich wird, wenn die \u00f6ffentliche Ver\u00f6ffentlichung von Informationen direkt aus der Arbeit des Dienstes oder seinen separaten Funktionen resultiert.<\/p>\r\n<p>Der Dienst ist berechtigt, die pers\u00f6nlichen Daten des Nutzers in folgenden F\u00e4llen an Dritte zu \u00fcbermitteln:<\/p>\r\n<ul>\r\n<li>Der Nutzer hat solchen Handlungen zugestimmt, unter anderem durch die Einhaltung der Bedingungen der jeweiligen Vereinbarung \u00fcber die Nutzung des Dienstes, indem er diese Zustimmung zum Ausdruck brachte;<\/li>\r\n<li>Die \u00dcbertragung ist notwendig, damit der Nutzer einen bestimmten Dienst nutzt oder eine bestimmte Vereinbarung oder Vereinbarung mit dem Nutzer ausf\u00fchrt.<br \/>Wenn der Nutzer die Dienste und Dienstleistungen der Zahlstelle des Unternehmens bei der Zahlung der Dienste in Anspruch nimmt;<\/li>\r\n<li>Die \u00dcbertragung ist nach dem gesetzlich festgelegten Verfahren durch russische oder andere anwendbare Gesetze vorgesehen;<\/li>\r\n<li>Eine solche \u00dcbertragung erfolgt im Rahmen des Verkaufs oder einer sonstigen \u00dcbertragung von Gesch\u00e4ften (ganz oder teilweise), und der K\u00e4ufer wird alle Verpflichtungen \u00fcbertragen, die Bedingungen dieser Richtlinie in Bezug auf die von ihm erhaltenen pers\u00f6nlichen Daten einzuhalten;<\/li>\r\n<li>Als Ergebnis der Verarbeitung der pers\u00f6nlichen Daten des Nutzers durch seine Entpersonalisierung erhalten die unpers\u00f6nlichen Statistiken, die an die dritte Person f\u00fcr die Durchf\u00fchrung von Forschungen, die Durchf\u00fchrung der Arbeiten oder die Erbringung von Dienstleistungen im Namen der Dienstleistung \u00fcbertragen werden.<\/li>\r\n<\/ul>\r\n<h5>5. Platz Pers\u00f6nliche Daten \u00e4ndern oder l\u00f6schen<\/h5>\r\n<p>Der Nutzer kann jederzeit die ihm zur Verf\u00fcgung gestellten pers\u00f6nlichen Daten oder einen Teil davon \u00e4ndern (aktualisieren, hinzuf\u00fcgen, l\u00f6schen), indem er die eingebaute Funktionalit\u00e4t der Website und des Dienstes nutzt.<\/p>\r\n<p>Die oben genannten Rechte k\u00f6nnen entsprechend den gesetzlichen Anforderungen eingeschr\u00e4nkt werden. Zu diesen Einschr\u00e4nkungen kann insbesondere die Pflicht des Dienstes geh\u00f6ren, die vom Nutzer f\u00fcr den gesetzlich festgelegten Zeitraum ge\u00e4nderte oder gel\u00f6schte Informationen zu behalten und diese Informationen gem\u00e4\u00df den gesetzlich festgelegten Verfahren an die staatliche Stelle.<\/p>\r\n<h5>6. Platz Ma\u00dfnahmen zum Schutz personenbezogener Daten des Nutzers<\/h5>\r\n<p>Der Dienst ergreift notwendige und ausreichende organisatorische und technische Ma\u00dfnahmen, um die pers\u00f6nlichen Daten des Nutzers vor unbefugtem oder unbeabsichtigtem Zugriff, Zerst\u00f6rung, Ver\u00e4nderung, Sperrung, Kopieren, Verteilen sowie anderen zu sch\u00fctzen. Unsachgem\u00e4\u00dfes Handeln Dritter.<\/p>\r\n<h5>7. Platz \u00c4nderung der Datenschutzbestimmungen. Geltendes Recht<\/h5>\r\n<p>Der Dienst hat das Recht, \u00c4nderungen an dieser Datenschutzrichtlinie vorzunehmen. Wenn \u00c4nderungen an der aktuellen Ausgabe vorgenommen werden, wird das Datum des letzten Updates angegeben. Die neue Version der Politik tritt ab dem Zeitpunkt ihrer Platzierung in Kraft, es sei denn, die neue Ausgabe der Politik hat etwas anderes vorgesehen.<\/p>\r\n<p>Das Recht der Republik Kasachstan gilt f\u00fcr diese Richtlinien und die Beziehungen zwischen dem Nutzer und dem Dienst, der sich im Zusammenhang mit der Anwendung der Datenschutzrichtlinie ergibt.<\/p>","protected":false},"excerpt":{"rendered":"<p>Diese Datenschutzrichtlinie ist ein integraler Bestandteil der Website und des Dienstes des Projekts &#8220;Your Civilization&#8221;, der Adresse der permanenten Platzierung der eigentlichen Version https:\/\/yourciv.com\/privacy-policy Diese Datenschutzrichtlinie (im Folgenden als &#8220;Politik&#8221; bezeichnet) gilt f\u00fcr alle Informationen, die &#8220;Your Civilization KZ&#8221; LLP&hellip; <\/p>\n","protected":false},"author":3,"featured_media":0,"parent":0,"menu_order":0,"comment_status":"closed","ping_status":"closed","template":"","meta":{"footnotes":""},"_links":{"self":[{"href":"https:\/\/yourciv.com\/de\/wp-json\/wp\/v2\/pages\/3122"}],"collection":[{"href":"https:\/\/yourciv.com\/de\/wp-json\/wp\/v2\/pages"}],"about":[{"href":"https:\/\/yourciv.com\/de\/wp-json\/wp\/v2\/types\/page"}],"author":[{"embeddable":true,"href":"https:\/\/yourciv.com\/de\/wp-json\/wp\/v2\/users\/3"}],"replies":[{"embeddable":true,"href":"https:\/\/yourciv.com\/de\/wp-json\/wp\/v2\/comments?post=3122"}],"version-history":[{"count":0,"href":"https:\/\/yourciv.com\/de\/wp-json\/wp\/v2\/pages\/3122\/revisions"}],"wp:attachment":[{"href":"https:\/\/yourciv.com\/de\/wp-json\/wp\/v2\/media?parent=3122"}],"curies":[{"name":"wp","href":"https:\/\/api.w.org\/{rel}","templated":true}]}}