{"id":3111,"date":"2018-04-24T22:14:33","date_gmt":"2018-04-24T19:14:33","guid":{"rendered":"http:\/\/ru.yourciv.com\/?page_id=1357"},"modified":"2022-11-22T21:05:30","modified_gmt":"2022-11-22T18:05:30","slug":"about","status":"publish","type":"page","link":"https:\/\/yourciv.com\/de\/about\/","title":{"rendered":"Zum Projekt"},"content":{"rendered":"\r\n<figure class=\"wp-block-image\"><img loading=\"lazy\" decoding=\"async\" width=\"1024\" height=\"214\" class=\"wp-image-3403\" src=\"https:\/\/yourciv.com\/wp-content\/uploads\/2019\/02\/About-project_en-1024x214.jpg\" alt=\"\" srcset=\"https:\/\/yourciv.com\/wp-content\/uploads\/2019\/02\/About-project_en-1024x214.jpg 1024w, https:\/\/yourciv.com\/wp-content\/uploads\/2019\/02\/About-project_en-300x63.jpg 300w, https:\/\/yourciv.com\/wp-content\/uploads\/2019\/02\/About-project_en-768x161.jpg 768w, https:\/\/yourciv.com\/wp-content\/uploads\/2019\/02\/About-project_en.jpg 1920w\" sizes=\"(max-width: 1024px) 100vw, 1024px\" \/><\/figure>\r\n\r\n\r\n\r\n<h4 class=\"wp-block-heading\"><strong>Projektteam<\/strong><\/h4>\r\n\r\n\r\n\r\n<p>Ihr Zivilisations &#8211; ein strategisches Online-Spiel, erstellt und unterst\u00fctzt durch das Projektteam, aber rechtlich werden wir \u201cYour Civilization KZ\u201d LLP (BIN 221040038956) genannt.<\/p>\r\n\r\n\r\n\r\n<p>Schreiben Sie uns:<\/p>\r\n\r\n\r\n\r\n<ul>\r\n<li>Allgemeine Anfragen info@yourciv.com<\/li>\r\n<li>Technische Unterst\u00fctzung support@yourciv.com<\/li>\r\n<li>F\u00fcr Anleger invest@yourciv.com<\/li>\r\n<\/ul>\r\n\r\n\r\n\r\n<h4 class=\"wp-block-heading\"><br \/><strong>Nutzungsvertrag<\/strong><\/h4>\r\n\r\n\r\n\r\n<p>Normalerweise beschreibt die Verwaltung des Projekts in diesem Text in vielerlei Hinsicht, dass alles, was es tut, richtig ist, und dass es nicht passiert, es (Verwaltung) ist nicht schuld. Wir haben \u00fcber dasselbe geschrieben. Aber wir haben <a href=\"\/rules\">nur 10 Punkte geholt<\/a>.<\/p>\r\n\r\n\r\n\r\n<h4 class=\"wp-block-heading\"><strong>Datenschutz<\/strong><\/h4>\r\n\r\n\r\n\r\n<p>Der wohl nutzloseste Text auf der Website. Eine Hommage an die Mode und die Anforderungen der Gesetzgebung zwingt jedoch, eine solche Politik zu erkl\u00e4ren. <a href=\"\/privacy-policy\">Hier ist sie<\/a>.<\/p>\r\n\r\n\r\n\r\n<p>Wir sparen 15 Minuten Ihres Lebens und machen eine kurze Neuaufschrift der menschlichen Sprache, nur drei Punkte:<\/p>\r\n\r\n\r\n\r\n<ol>\r\n<li>Bei der Registrierung und w\u00e4hrend des Spiels erfahren wir \u00fcber Sie eine Reihe von pers\u00f6nlichen Daten. Was ist Ihre E-Mail, und immer noch (m\u00f6glicherweise) Name, Konto in sozialen Netzwerken, Telefon, etc. Wir verpflichten uns, nicht preiszugeben.<\/li>\r\n<li>Wir werden diese Daten nutzen, um Ihnen (und Ihren Bekannten) Informationen \u00fcber unsere Projekte zu senden.<\/li>\r\n<li>Unpers\u00f6nliche Daten k\u00f6nnen f\u00fcr die Forschung verwendet werden. Hinter diesem neutralen Satz verbirgt sich die M\u00f6glichkeit, Arrays von E-Mail-Adressen in ein Werbesystem (zum Beispiel Google) zu laden, um ein Portr\u00e4t des Publikums zu erstellen und das Spiel zu bewerben. Die Methode ist ziemlich zuverl\u00e4ssig, und Google \u00fcber Sie und so jeder wei\u00df.<\/li>\r\n<\/ol>\r\n","protected":false},"excerpt":{"rendered":"<p>Projektteam Ihr Zivilisations &#8211; ein strategisches Online-Spiel, erstellt und unterst\u00fctzt durch das Projektteam, aber rechtlich werden wir \u201cYour Civilization KZ\u201d LLP (BIN 221040038956) genannt. Schreiben Sie uns: Allgemeine Anfragen info@yourciv.com Technische Unterst\u00fctzung support@yourciv.com F\u00fcr Anleger invest@yourciv.com Nutzungsvertrag Normalerweise beschreibt die&hellip; <\/p>\n","protected":false},"author":3,"featured_media":0,"parent":0,"menu_order":0,"comment_status":"closed","ping_status":"closed","template":"","meta":{"footnotes":""},"_links":{"self":[{"href":"https:\/\/yourciv.com\/de\/wp-json\/wp\/v2\/pages\/3111"}],"collection":[{"href":"https:\/\/yourciv.com\/de\/wp-json\/wp\/v2\/pages"}],"about":[{"href":"https:\/\/yourciv.com\/de\/wp-json\/wp\/v2\/types\/page"}],"author":[{"embeddable":true,"href":"https:\/\/yourciv.com\/de\/wp-json\/wp\/v2\/users\/3"}],"replies":[{"embeddable":true,"href":"https:\/\/yourciv.com\/de\/wp-json\/wp\/v2\/comments?post=3111"}],"version-history":[{"count":0,"href":"https:\/\/yourciv.com\/de\/wp-json\/wp\/v2\/pages\/3111\/revisions"}],"wp:attachment":[{"href":"https:\/\/yourciv.com\/de\/wp-json\/wp\/v2\/media?parent=3111"}],"curies":[{"name":"wp","href":"https:\/\/api.w.org\/{rel}","templated":true}]}}