{"id":3004,"date":"2019-02-03T21:32:17","date_gmt":"2019-02-03T18:32:17","guid":{"rendered":"https:\/\/yourciv.com\/?page_id=2404"},"modified":"2021-12-11T20:35:22","modified_gmt":"2021-12-11T17:35:22","slug":"main","status":"publish","type":"page","link":"https:\/\/yourciv.com\/de\/","title":{"rendered":"Ihre Zivilisation, Team-Strategie"},"content":{"rendered":"\r\n<div class=\"alignnormal\"><div id=\"metaslider-id-1648\" style=\"max-width: 700px; margin: 0 auto;\" class=\"ml-slider-3-62-0 metaslider metaslider-nivo metaslider-1648 ml-slider ms-theme-default\" role=\"region\" aria-roledescription=\"Slideshow\" aria-label=\"Main Slideshow\">\n    <div id=\"metaslider_container_1648\">\n        <div class='slider-wrapper theme-default'><div class='ribbon'><\/div><div id='metaslider_1648' class='nivoSlider'><img loading=\"lazy\" decoding=\"async\" src=\"https:\/\/yourciv.com\/wp-content\/uploads\/2019\/02\/banner_960_640_en_2-700x400.webp\" height=\"400\" width=\"700\" title=\"banner_960_640_en_2\" alt=\"\" class=\"slider-1648 slide-1649\" \/><img loading=\"lazy\" decoding=\"async\" src=\"https:\/\/yourciv.com\/wp-content\/uploads\/2017\/12\/2017-12-26_21-27-49-700x400.webp\" height=\"400\" width=\"700\" title=\"2017-12-26_21-27-49\" alt=\"\" class=\"slider-1648 slide-1650\" \/><img loading=\"lazy\" decoding=\"async\" src=\"https:\/\/yourciv.com\/wp-content\/uploads\/2017\/07\/sity-700x400.jpg\" height=\"400\" width=\"700\" title=\"\u041e\u0431\u0437\u043e\u0440 \u0433\u043e\u0440\u043e\u0434\u0430\" alt=\"\" class=\"slider-1648 slide-1651\" \/><img loading=\"lazy\" decoding=\"async\" src=\"https:\/\/yourciv.com\/wp-content\/uploads\/2017\/12\/2017-12-26_20-50-29-700x400.png\" height=\"400\" width=\"700\" title=\"2017-12-26_20-50-29\" alt=\"\" class=\"slider-1648 slide-1653\" \/><img loading=\"lazy\" decoding=\"async\" src=\"https:\/\/yourciv.com\/wp-content\/uploads\/2018\/01\/mestorozhdenie-700x400.jpg\" height=\"400\" width=\"700\" title=\"\u043c\u0435\u0441\u0442\u043e\u0440\u043e\u0436\u0434\u0435\u043d\u0438\u0435\" alt=\"\" class=\"slider-1648 slide-1654\" \/><img loading=\"lazy\" decoding=\"async\" src=\"https:\/\/yourciv.com\/wp-content\/uploads\/2018\/09\/2018_banner_Grass-700x400.webp\" height=\"400\" width=\"700\" title=\"2018_banner_Grass\" alt=\"\" class=\"slider-1648 slide-1655\" \/><img loading=\"lazy\" decoding=\"async\" src=\"https:\/\/yourciv.com\/wp-content\/uploads\/2017\/03\/Dvorets_2-370x211.jpg\" height=\"400\" width=\"700\" title=\"\u0414\u0432\u043e\u0440\u0435\u0446_2\" alt=\"\" class=\"slider-1648 slide-1656\" \/><img loading=\"lazy\" decoding=\"async\" src=\"https:\/\/yourciv.com\/wp-content\/uploads\/2017\/02\/2017-02-05_18-00-09-700x400.webp\" height=\"400\" width=\"700\" title=\"2017-02-05_18-00-09\" alt=\"\" class=\"slider-1648 slide-1657\" \/><\/div><\/div>\n        \n    <\/div>\n<\/div><\/div>\r\n\r\n\r\n\r\n<h2 class=\"wp-block-heading\" style=\"text-align: center;\">Historische Online-Strategie auf Basis der Civilization<\/h2>\r\n\r\n\r\n\r\n<p><strong>Fange an<\/strong>, ein kleines Volk zu beherrschen, das in der Steinzeit lebt. Studium der Wissenschaft, Basisst\u00e4dte, Entwicklung der Industrie. Den Menschen Ressourcen zur Steigerung von Kultur, Einfluss und Gl\u00fcck zur Verf\u00fcgung zu stellen. Vor der Antike, dem Mittelalter, der Renaissance, der neuen Zeit und schlie\u00dflich der Moderne! Das ist eure Zivilisation!<\/p>\r\n\r\n\r\n\r\n<div class=\"wp-block-image\">\r\n<figure class=\"aligncenter\"><img loading=\"lazy\" decoding=\"async\" width=\"800\" height=\"175\" class=\"wp-image-5264\" src=\"https:\/\/yourciv.com\/wp-content\/uploads\/2016\/07\/diplomacy-1.png\" alt=\"\" srcset=\"https:\/\/yourciv.com\/wp-content\/uploads\/2016\/07\/diplomacy-1.png 800w, https:\/\/yourciv.com\/wp-content\/uploads\/2016\/07\/diplomacy-1-600x131.png 600w, https:\/\/yourciv.com\/wp-content\/uploads\/2016\/07\/diplomacy-1-300x66.png 300w, https:\/\/yourciv.com\/wp-content\/uploads\/2016\/07\/diplomacy-1-768x168.png 768w\" sizes=\"(max-width: 800px) 100vw, 800px\" \/><\/figure>\r\n<\/div>\r\n\r\n\r\n\r\n<h2 class=\"wp-block-heading\" style=\"text-align: center;\">Co-op-Spiel, um ein Teamziel zu erreichen<\/h2>\r\n\r\n\r\n\r\n<p><strong>Spielen Sie <\/strong>in der Gesellschaft von Freunden, vereinen Sie in gro\u00dfen L\u00e4ndern gewinnt den Staat, nicht ein einziger Spieler. W\u00e4hlen Sie die bequemste Rolle f\u00fcr ein pers\u00f6nliches Spiel im Team: Der F\u00fchrer, General, Industrielle, Wissenschaftler, H\u00e4ndler, Diplomat, Spion oder einfach nur die Seele des Unternehmens!<\/p>\r\n\r\n\r\n\r\n<div class=\"wp-block-image\">\r\n<figure class=\"aligncenter\"><img loading=\"lazy\" decoding=\"async\" width=\"800\" height=\"175\" class=\"wp-image-5270\" src=\"https:\/\/yourciv.com\/wp-content\/uploads\/2016\/07\/team-1.png\" alt=\"\" srcset=\"https:\/\/yourciv.com\/wp-content\/uploads\/2016\/07\/team-1.png 800w, https:\/\/yourciv.com\/wp-content\/uploads\/2016\/07\/team-1-600x131.png 600w, https:\/\/yourciv.com\/wp-content\/uploads\/2016\/07\/team-1-300x66.png 300w, https:\/\/yourciv.com\/wp-content\/uploads\/2016\/07\/team-1-768x168.png 768w\" sizes=\"(max-width: 800px) 100vw, 800px\" \/><\/figure>\r\n<\/div>\r\n\r\n\r\n\r\n<h2 class=\"wp-block-heading\" style=\"text-align: center;\">Krieg oder Diplomatie? Ehre oder T\u00e4uschung?<\/h2>\r\n\r\n\r\n\r\n<p><strong>Alle Staaten <\/strong>sind nat\u00fcrliche Gegner, denn ein Sieg wird notwendig sein, um zu k\u00e4mpfen, tempor\u00e4re B\u00fcndnisse zu schlie\u00dfen, Backstage-Verhandlungen zu f\u00fchren. Oft kann die kompetent aufgebaute Diplomatie, die Pr\u00e4senz von Verb\u00fcndeten auf verschiedenen Kontinenten ein entscheidender Faktor f\u00fcr den Sieg sein.<\/p>\r\n\r\n\r\n\r\n<div class=\"wp-block-image\">\r\n<figure class=\"aligncenter\"><img loading=\"lazy\" decoding=\"async\" width=\"800\" height=\"175\" class=\"wp-image-5282\" src=\"https:\/\/yourciv.com\/wp-content\/uploads\/2016\/07\/trade-2.png\" alt=\"\" srcset=\"https:\/\/yourciv.com\/wp-content\/uploads\/2016\/07\/trade-2.png 800w, https:\/\/yourciv.com\/wp-content\/uploads\/2016\/07\/trade-2-600x131.png 600w, https:\/\/yourciv.com\/wp-content\/uploads\/2016\/07\/trade-2-300x66.png 300w, https:\/\/yourciv.com\/wp-content\/uploads\/2016\/07\/trade-2-768x168.png 768w\" sizes=\"(max-width: 800px) 100vw, 800px\" \/><\/figure>\r\n<\/div>\r\n\r\n\r\n\r\n<h2 class=\"wp-block-heading\" style=\"text-align: center;\">F\u00fchren Sie das Raumschiff zuerst!<\/h2>\r\n\r\n\r\n\r\n<p><strong>Der Staat<\/strong>, der als Erster ein Raumschiff bauen und starten wird, gewinnt. Man muss schnell Wissenschaft lernen, den Krieg gegen die Welt gewinnen. Jedoch! Kann handhaben?<\/p>\r\n\r\n\r\n\r\n<div class=\"wp-block-image\">\r\n<figure class=\"aligncenter\"><img loading=\"lazy\" decoding=\"async\" width=\"800\" height=\"175\" class=\"wp-image-5276\" src=\"https:\/\/yourciv.com\/wp-content\/uploads\/2016\/07\/time-1.png\" alt=\"\" srcset=\"https:\/\/yourciv.com\/wp-content\/uploads\/2016\/07\/time-1.png 800w, https:\/\/yourciv.com\/wp-content\/uploads\/2016\/07\/time-1-600x131.png 600w, https:\/\/yourciv.com\/wp-content\/uploads\/2016\/07\/time-1-300x66.png 300w, https:\/\/yourciv.com\/wp-content\/uploads\/2016\/07\/time-1-768x168.png 768w\" sizes=\"(max-width: 800px) 100vw, 800px\" \/><\/figure>\r\n<\/div>\r\n\r\n\r\n\r\n<h2 class=\"wp-block-heading\" style=\"text-align: center;\">Intelligentes Spiel f\u00fcr kluge Menschen<\/h2>\r\n\r\n\r\n\r\n<p><strong>Ihre Zivilisation <\/strong>ist ein historisches Spiel, in dem Sie das Team zu verwalten, bauen Sie die optimale Industrie, Ressourcen zuweisen, liefern Wissenschaftler und Milit\u00e4r und denken Sie viel. Das ist ein Test der Intelligenz, ein Test der Freundschaft und die F\u00e4higkeit, die Mannschaft zu besiegen.\u00a0interessant? <a href=\"https:\/\/yourciv.com\/de\/download\/\">Beitreten<\/a>!<\/p>\r\n","protected":false},"excerpt":{"rendered":"<p>Historische Online-Strategie auf Basis der Civilization Fange an, ein kleines Volk zu beherrschen, das in der Steinzeit lebt. Studium der Wissenschaft, Basisst\u00e4dte, Entwicklung der Industrie. Den Menschen Ressourcen zur Steigerung von Kultur, Einfluss und Gl\u00fcck zur Verf\u00fcgung zu stellen. Vor&hellip; <\/p>\n","protected":false},"author":3,"featured_media":0,"parent":0,"menu_order":0,"comment_status":"closed","ping_status":"closed","template":"","meta":{"footnotes":""},"_links":{"self":[{"href":"https:\/\/yourciv.com\/de\/wp-json\/wp\/v2\/pages\/3004"}],"collection":[{"href":"https:\/\/yourciv.com\/de\/wp-json\/wp\/v2\/pages"}],"about":[{"href":"https:\/\/yourciv.com\/de\/wp-json\/wp\/v2\/types\/page"}],"author":[{"embeddable":true,"href":"https:\/\/yourciv.com\/de\/wp-json\/wp\/v2\/users\/3"}],"replies":[{"embeddable":true,"href":"https:\/\/yourciv.com\/de\/wp-json\/wp\/v2\/comments?post=3004"}],"version-history":[{"count":0,"href":"https:\/\/yourciv.com\/de\/wp-json\/wp\/v2\/pages\/3004\/revisions"}],"wp:attachment":[{"href":"https:\/\/yourciv.com\/de\/wp-json\/wp\/v2\/media?parent=3004"}],"curies":[{"name":"wp","href":"https:\/\/api.w.org\/{rel}","templated":true}]}}